{"id":28739,"date":"2025-01-14T07:49:40","date_gmt":"2025-01-14T07:49:40","guid":{"rendered":"https:\/\/madeinchina.cn.com\/product\/ofis-malzemeleri\/"},"modified":"2025-01-14T07:49:40","modified_gmt":"2025-01-14T07:49:40","slug":"ofis-malzemeleri","status":"publish","type":"product","link":"https:\/\/madeinchina.cn.com\/tr\/product\/ofis-malzemeleri\/","title":{"rendered":"Ofis Malzemeleri"},"content":{"rendered":"<p>720 \u00c7inli \u00fcretici. Y\u00fcksek kaliteli ofis malzemeleri konusunda uzmanla\u015fm\u0131\u015f \u00c7inli \u00fcreticilerden olu\u015fan se\u00e7kin listemizle \u00e7al\u0131\u015fma alan\u0131n\u0131z\u0131 ba\u015far\u0131 i\u00e7in donat\u0131n. \u00dcretken ve verimli bir \u00e7al\u0131\u015fma ortam\u0131 yaratmak i\u00e7in sizi temel k\u0131rtasiye malzemeleri, organizasyon ara\u00e7lar\u0131 ve ofis mobilyalar\u0131 tedarik\u00e7ileriyle bulu\u015fturuyoruz. Kalem ve defterlerden dosya dolaplar\u0131 ve masalara kadar her \u015fey elimizin alt\u0131nda. Raflar\u0131n\u0131z\u0131 \u00e7ok \u00e7e\u015fitli ofis malzemeleri ile doldurun. Kapsaml\u0131 listemiz, temel k\u0131rtasiye malzemeleri ve yaz\u0131 gere\u00e7lerinden yenilik\u00e7i teknoloji aksesuarlar\u0131na ve ergonomik ofis mobilyalar\u0131na kadar her \u015feyi sunan \u00c7inli \u00fcreticilere eri\u015fim sa\u011flar. Kapsaml\u0131 se\u00e7eneklerimizle her ihtiyaca ve b\u00fct\u00e7eye hitap edin.<\/p>\n<p>   Se\u00e7eneklerinizi bug\u00fcn ke\u015ffedin<\/p>\n<p>G\u00fcvenilir \u00c7inli \u00fcreticiler listemizle ofis malzemeleri tedarikinizi kolayla\u015ft\u0131r\u0131n ve k\u00e2r marjlar\u0131n\u0131z\u0131 en \u00fcst d\u00fczeye \u00e7\u0131kar\u0131n. Sizi rekabet\u00e7i fiyatland\u0131rma, esnek MOQ&#8217;lar ve verimli lojistik \u00e7\u00f6z\u00fcmleri sunan fabrikalarla bulu\u015fturuyoruz. B\u00fct\u00e7enizi a\u015fmadan y\u00fcksek kaliteli ofis malzemeleri tedarik edin.  <\/p>\n","protected":false},"excerpt":{"rendered":"<p>720 \u00c7inli \u00fcretici. Y\u00fcksek kaliteli ofis malzemeleri konusunda uzmanla\u015fm\u0131\u015f \u00c7inli \u00fcreticilerden olu\u015fan se\u00e7kin listemizle \u00e7al\u0131\u015fma alan\u0131n\u0131z\u0131 ba\u015far\u0131 i\u00e7in donat\u0131n. \u00dcretken ve verimli bir \u00e7al\u0131\u015fma ortam\u0131 yaratmak i\u00e7in sizi temel k\u0131rtasiye malzemeleri, organizasyon ara\u00e7lar\u0131 ve ofis mobilyalar\u0131 tedarik\u00e7ileriyle bulu\u015fturuyoruz. Kalem ve defterlerden dosya dolaplar\u0131 ve masalara kadar her \u015fey elimizin alt\u0131nda.<\/p>\n","protected":false},"featured_media":28575,"comment_status":"open","ping_status":"closed","template":"","meta":{"_acf_changed":false},"product_brand":[],"product_cat":[195],"product_tag":[],"class_list":{"0":"post-28739","1":"product","2":"type-product","3":"status-publish","4":"has-post-thumbnail","6":"product_cat-ofis-malzemeleri","8":"first","9":"instock","10":"sale","11":"shipping-taxable","12":"purchasable","13":"product-type-simple"},"acf":[],"_links":{"self":[{"href":"https:\/\/madeinchina.cn.com\/tr\/wp-json\/wp\/v2\/product\/28739","targetHints":{"allow":["GET"]}}],"collection":[{"href":"https:\/\/madeinchina.cn.com\/tr\/wp-json\/wp\/v2\/product"}],"about":[{"href":"https:\/\/madeinchina.cn.com\/tr\/wp-json\/wp\/v2\/types\/product"}],"replies":[{"embeddable":true,"href":"https:\/\/madeinchina.cn.com\/tr\/wp-json\/wp\/v2\/comments?post=28739"}],"version-history":[{"count":0,"href":"https:\/\/madeinchina.cn.com\/tr\/wp-json\/wp\/v2\/product\/28739\/revisions"}],"wp:featuredmedia":[{"embeddable":true,"href":"https:\/\/madeinchina.cn.com\/tr\/wp-json\/wp\/v2\/media\/28575"}],"wp:attachment":[{"href":"https:\/\/madeinchina.cn.com\/tr\/wp-json\/wp\/v2\/media?parent=28739"}],"wp:term":[{"taxonomy":"product_brand","embeddable":true,"href":"https:\/\/madeinchina.cn.com\/tr\/wp-json\/wp\/v2\/product_brand?post=28739"},{"taxonomy":"product_cat","embeddable":true,"href":"https:\/\/madeinchina.cn.com\/tr\/wp-json\/wp\/v2\/product_cat?post=28739"},{"taxonomy":"product_tag","embeddable":true,"href":"https:\/\/madeinchina.cn.com\/tr\/wp-json\/wp\/v2\/product_tag?post=28739"}],"curies":[{"name":"wp","href":"https:\/\/api.w.org\/{rel}","templated":true}]}}