{"id":28736,"date":"2025-01-14T08:04:32","date_gmt":"2025-01-14T08:04:32","guid":{"rendered":"https:\/\/madeinchina.cn.com\/product\/cocuk-bebek-ve-hamile-urunleri\/"},"modified":"2025-02-02T14:59:08","modified_gmt":"2025-02-02T14:59:08","slug":"cocuk-bebek-ve-hamile-urunleri","status":"publish","type":"product","link":"https:\/\/madeinchina.cn.com\/tr\/product\/cocuk-bebek-ve-hamile-urunleri\/","title":{"rendered":"\u00c7ocuk, Bebek ve Hamile \u00dcr\u00fcnleri"},"content":{"rendered":"<p>288 \u00c7inli \u00fcretici. Y\u00fcksek kaliteli \u00e7ocuk, bebek ve hamile \u00fcr\u00fcnleri konusunda uzmanla\u015fm\u0131\u015f \u00c7inli \u00fcreticilerden olu\u015fan listemizle gelecek nesli besleyin. Sizi g\u00fcvenlik, konfor ve \u00e7ocuk geli\u015fimine \u00f6ncelik veren, bebek temel ihtiya\u00e7lar\u0131ndan oyuncaklara, hamile giyiminden \u00e7ocuk odas\u0131 mobilyalar\u0131na kadar geni\u015f bir \u00fcr\u00fcn yelpazesi sunan tedarik\u00e7ilerle bulu\u015fturuyoruz. K\u00fc\u00e7\u00fckler ve anne-baba adaylar\u0131 i\u00e7in en iyisini sa\u011flay\u0131n. \u00c7ocuklar, bebekler ve annelik ihtiya\u00e7lar\u0131 i\u00e7in \u00c7inli \u00fcreticilerden olu\u015fan kapsaml\u0131 listemizle sevimli ve pratik \u00fcr\u00fcnlerden olu\u015fan bir d\u00fcnyay\u0131 ke\u015ffedin. Giyim, oyuncak, beslenme aksesuarlar\u0131, \u00e7ocuk odas\u0131 dekoru ve hamile k\u0131yafetleri dahil olmak \u00fczere \u00e7ok \u00e7e\u015fitli \u00fcr\u00fcnlerde uzmanla\u015fm\u0131\u015f tedarik\u00e7ilere eri\u015fim sunuyoruz. Kapsaml\u0131 se\u00e7eneklerimizle ebeveynli\u011fin her a\u015famas\u0131na hitap edin.<\/p>\n<p>Se\u00e7eneklerinizi bug\u00fcn ke\u015ffedin.<\/p>\n<p>G\u00fcvenilir \u00c7inli \u00fcreticiler listemizle b\u00fcy\u00fcyen bebek ve hamile pazar\u0131nda k\u00e2r\u0131n\u0131z\u0131 en \u00fcst d\u00fczeye \u00e7\u0131kar\u0131n. Sizi t\u00fcm \u00e7ocuk, bebek ve hamile \u00fcr\u00fcnleri ihtiya\u00e7lar\u0131n\u0131z i\u00e7in rekabet\u00e7i fiyatland\u0131rma, esnek MOQ&#8217;lar ve verimli lojistik \u00e7\u00f6z\u00fcmleri sunan fabrikalarla bulu\u015fturuyoruz. B\u00fct\u00e7enizi a\u015fmadan y\u00fcksek kaliteli \u00fcr\u00fcnler tedarik edin.<\/p>\n","protected":false},"excerpt":{"rendered":"<p>288 \u00c7inli \u00fcretici. Y\u00fcksek kaliteli \u00e7ocuk, bebek ve hamile \u00fcr\u00fcnleri konusunda uzmanla\u015fm\u0131\u015f \u00c7inli \u00fcreticilerden olu\u015fan listemizle gelecek nesli besleyin. Sizi g\u00fcvenlik, konfor ve \u00e7ocuk geli\u015fimine \u00f6ncelik veren, bebek temel ihtiya\u00e7lar\u0131ndan oyuncaklara, hamile giyiminden \u00e7ocuk odas\u0131 mobilyalar\u0131na kadar geni\u015f bir \u00fcr\u00fcn yelpazesi sunan tedarik\u00e7ilerle bulu\u015fturuyoruz. K\u00fc\u00e7\u00fckler ve anne-baba adaylar\u0131 i\u00e7in en iyisini sa\u011flay\u0131n.<\/p>\n","protected":false},"featured_media":28578,"comment_status":"open","ping_status":"closed","template":"","meta":{"_acf_changed":false},"product_brand":[],"product_cat":[194],"product_tag":[],"class_list":{"0":"post-28736","1":"product","2":"type-product","3":"status-publish","4":"has-post-thumbnail","6":"product_cat-cocuk-bebek-ve-hamile-urunleri","8":"first","9":"instock","10":"sale","11":"shipping-taxable","12":"purchasable","13":"product-type-simple"},"acf":[],"_links":{"self":[{"href":"https:\/\/madeinchina.cn.com\/tr\/wp-json\/wp\/v2\/product\/28736","targetHints":{"allow":["GET"]}}],"collection":[{"href":"https:\/\/madeinchina.cn.com\/tr\/wp-json\/wp\/v2\/product"}],"about":[{"href":"https:\/\/madeinchina.cn.com\/tr\/wp-json\/wp\/v2\/types\/product"}],"replies":[{"embeddable":true,"href":"https:\/\/madeinchina.cn.com\/tr\/wp-json\/wp\/v2\/comments?post=28736"}],"version-history":[{"count":1,"href":"https:\/\/madeinchina.cn.com\/tr\/wp-json\/wp\/v2\/product\/28736\/revisions"}],"predecessor-version":[{"id":28839,"href":"https:\/\/madeinchina.cn.com\/tr\/wp-json\/wp\/v2\/product\/28736\/revisions\/28839"}],"wp:featuredmedia":[{"embeddable":true,"href":"https:\/\/madeinchina.cn.com\/tr\/wp-json\/wp\/v2\/media\/28578"}],"wp:attachment":[{"href":"https:\/\/madeinchina.cn.com\/tr\/wp-json\/wp\/v2\/media?parent=28736"}],"wp:term":[{"taxonomy":"product_brand","embeddable":true,"href":"https:\/\/madeinchina.cn.com\/tr\/wp-json\/wp\/v2\/product_brand?post=28736"},{"taxonomy":"product_cat","embeddable":true,"href":"https:\/\/madeinchina.cn.com\/tr\/wp-json\/wp\/v2\/product_cat?post=28736"},{"taxonomy":"product_tag","embeddable":true,"href":"https:\/\/madeinchina.cn.com\/tr\/wp-json\/wp\/v2\/product_tag?post=28736"}],"curies":[{"name":"wp","href":"https:\/\/api.w.org\/{rel}","templated":true}]}}