{"id":28735,"date":"2025-01-14T08:09:15","date_gmt":"2025-01-14T08:09:15","guid":{"rendered":"https:\/\/madeinchina.cn.com\/product\/oyuncaklar\/"},"modified":"2025-02-02T14:59:51","modified_gmt":"2025-02-02T14:59:51","slug":"oyuncaklar","status":"publish","type":"product","link":"https:\/\/madeinchina.cn.com\/tr\/product\/oyuncaklar\/","title":{"rendered":"Oyuncaklar"},"content":{"rendered":"<p>768 \u00c7inli \u00fcretici. \u00c7inli oyuncak \u00fcreticilerinden olu\u015fan listemizle ne\u015fe ve hayal g\u00fcc\u00fcn\u00fc ate\u015fleyin. E\u011fitici oyuncaklardan yap\u0131 ta\u015flar\u0131na, pelu\u015f oyuncaklardan aksiyon fig\u00fcrlerine kadar her ya\u015ftan \u00e7ocuk i\u00e7in ilgi \u00e7ekici ve y\u00fcksek kaliteli oyuncaklar \u00fcreten tedarik\u00e7ilerle sizi bulu\u015fturuyoruz. Y\u00fczlere g\u00fcl\u00fcmseme getirin ve hayal g\u00fcc\u00fcne ilham verin. \u00c7inli oyuncak \u00fcreticilerinden olu\u015fan kapsaml\u0131 listemizle oyun d\u00fcnyas\u0131n\u0131 ke\u015ffedin. Oyuncak bebekler, oyunlar, yapbozlar, d\u0131\u015f mekan oyuncaklar\u0131 ve lisansl\u0131 \u00fcr\u00fcnler de dahil olmak \u00fczere \u00e7ok \u00e7e\u015fitli oyuncaklarda uzmanla\u015fm\u0131\u015f tedarik\u00e7ilere eri\u015fim sunuyoruz. Her \u00e7ocu\u011fun ilgi alanlar\u0131na hitap edin ve en son oyuncak trendlerinin bir ad\u0131m \u00f6n\u00fcnde olun. G\u00fcvenilir \u00c7inli \u00fcreticiler listemizle heyecan verici oyuncak pazar\u0131nda k\u00e2r\u0131n\u0131z\u0131 en \u00fcst d\u00fczeye \u00e7\u0131kar\u0131n. Sizi rekabet\u00e7i fiyatland\u0131rma, esnek MOQ&#8217;lar ve verimli lojistik \u00e7\u00f6z\u00fcmleri sunan fabrikalarla bulu\u015fturuyoruz. B\u00fct\u00e7enizi a\u015fmadan y\u00fcksek kaliteli oyuncaklar tedarik edin.<\/p>\n","protected":false},"excerpt":{"rendered":"<p>768 \u00c7inli \u00fcretici. \u00c7inli oyuncak \u00fcreticilerinden olu\u015fan listemizle ne\u015fe ve hayal g\u00fcc\u00fcn\u00fc ate\u015fleyin. E\u011fitici oyuncaklardan yap\u0131 ta\u015flar\u0131na, pelu\u015f oyuncaklardan aksiyon fig\u00fcrlerine kadar her ya\u015ftan \u00e7ocuk i\u00e7in ilgi \u00e7ekici ve y\u00fcksek kaliteli oyuncaklar \u00fcreten tedarik\u00e7ilerle sizi bulu\u015fturuyoruz. Y\u00fczlere g\u00fcl\u00fcmseme getirin ve yarat\u0131c\u0131l\u0131\u011fa ilham verin.<\/p>\n","protected":false},"featured_media":28579,"comment_status":"open","ping_status":"closed","template":"","meta":{"_acf_changed":false},"product_brand":[],"product_cat":[193],"product_tag":[],"class_list":{"0":"post-28735","1":"product","2":"type-product","3":"status-publish","4":"has-post-thumbnail","6":"product_cat-oyuncaklar","8":"first","9":"instock","10":"sale","11":"shipping-taxable","12":"purchasable","13":"product-type-simple"},"acf":[],"_links":{"self":[{"href":"https:\/\/madeinchina.cn.com\/tr\/wp-json\/wp\/v2\/product\/28735","targetHints":{"allow":["GET"]}}],"collection":[{"href":"https:\/\/madeinchina.cn.com\/tr\/wp-json\/wp\/v2\/product"}],"about":[{"href":"https:\/\/madeinchina.cn.com\/tr\/wp-json\/wp\/v2\/types\/product"}],"replies":[{"embeddable":true,"href":"https:\/\/madeinchina.cn.com\/tr\/wp-json\/wp\/v2\/comments?post=28735"}],"version-history":[{"count":1,"href":"https:\/\/madeinchina.cn.com\/tr\/wp-json\/wp\/v2\/product\/28735\/revisions"}],"predecessor-version":[{"id":28840,"href":"https:\/\/madeinchina.cn.com\/tr\/wp-json\/wp\/v2\/product\/28735\/revisions\/28840"}],"wp:featuredmedia":[{"embeddable":true,"href":"https:\/\/madeinchina.cn.com\/tr\/wp-json\/wp\/v2\/media\/28579"}],"wp:attachment":[{"href":"https:\/\/madeinchina.cn.com\/tr\/wp-json\/wp\/v2\/media?parent=28735"}],"wp:term":[{"taxonomy":"product_brand","embeddable":true,"href":"https:\/\/madeinchina.cn.com\/tr\/wp-json\/wp\/v2\/product_brand?post=28735"},{"taxonomy":"product_cat","embeddable":true,"href":"https:\/\/madeinchina.cn.com\/tr\/wp-json\/wp\/v2\/product_cat?post=28735"},{"taxonomy":"product_tag","embeddable":true,"href":"https:\/\/madeinchina.cn.com\/tr\/wp-json\/wp\/v2\/product_tag?post=28735"}],"curies":[{"name":"wp","href":"https:\/\/api.w.org\/{rel}","templated":true}]}}