{"id":28732,"date":"2025-01-14T08:00:04","date_gmt":"2025-01-14T08:00:04","guid":{"rendered":"https:\/\/madeinchina.cn.com\/product\/yeni-enerji-kaynaklari\/"},"modified":"2025-01-14T08:00:04","modified_gmt":"2025-01-14T08:00:04","slug":"yeni-enerji-kaynaklari","status":"publish","type":"product","link":"https:\/\/madeinchina.cn.com\/tr\/product\/yeni-enerji-kaynaklari\/","title":{"rendered":"Yeni Enerji Kaynaklar\u0131"},"content":{"rendered":"<p>272 \u00c7inli \u00fcretici. Son teknoloji yeni enerji kaynaklar\u0131 konusunda uzmanla\u015fm\u0131\u015f \u00c7inli \u00fcreticilerden olu\u015fan listemizle gelece\u011fe g\u00fc\u00e7 kat\u0131n. Sizi g\u00fcne\u015f panelleri, r\u00fczgar t\u00fcrbinleri, hidroelektrik ekipmanlar\u0131 ve temiz enerjiye k\u00fcresel ge\u00e7i\u015fi y\u00f6nlendiren di\u011fer yenilik\u00e7i teknolojilerin tedarik\u00e7ileriyle bulu\u015fturuyoruz. S\u00fcrd\u00fcr\u00fclebilirli\u011fi benimseyin ve daha ye\u015fil bir d\u00fcnyaya katk\u0131da bulunun. \u00c7inli \u00fcreticilerden olu\u015fan kapsaml\u0131 listemizle geli\u015fen yeni enerji pazar\u0131ndan yararlan\u0131n. G\u00fcne\u015f, r\u00fczgar, hidro, jeotermal ve biyok\u00fctle teknolojileri dahil olmak \u00fczere yenilenebilir enerji yelpazesindeki tedarik\u00e7ilere eri\u015fim sunuyoruz. \u0130\u015f f\u0131rsatlar\u0131n\u0131z\u0131 geni\u015fletin ve s\u00fcrd\u00fcr\u00fclebilir bir gelece\u011fe katk\u0131da bulunun.<\/p>\n<p>   Se\u00e7eneklerinizi bug\u00fcn ke\u015ffedin.<\/p>\n<p>Y\u00fcksek kaliteli yeni enerji kaynaklar\u0131n\u0131 g\u00fcven ve verimlilikle tedarik edin. Listemiz sizi rekabet\u00e7i fiyatlar, esnek MOQ&#8217;lar ve geli\u015fmi\u015f teknolojiler sunan g\u00fcvenilir \u00c7inli \u00fcreticilerle bulu\u015fturuyor. Enerji maliyetlerinizi azalt\u0131n ve daha ye\u015fil bir gezegene katk\u0131da bulunun.  <\/p>\n","protected":false},"excerpt":{"rendered":"<p>272 \u00c7inli \u00fcretici. Son teknoloji yeni enerji kaynaklar\u0131 konusunda uzmanla\u015fm\u0131\u015f \u00c7inli \u00fcreticilerden olu\u015fan listemizle gelece\u011fe g\u00fc\u00e7 kat\u0131n. Sizi g\u00fcne\u015f panelleri, r\u00fczgar t\u00fcrbinleri, hidroelektrik ekipmanlar\u0131 ve temiz enerjiye k\u00fcresel ge\u00e7i\u015fi y\u00f6nlendiren di\u011fer yenilik\u00e7i teknolojilerin tedarik\u00e7ileriyle bulu\u015fturuyoruz. S\u00fcrd\u00fcr\u00fclebilirli\u011fi kucaklay\u0131n ve daha ye\u015fil bir d\u00fcnyaya katk\u0131da bulunun.<\/p>\n<p>&nbsp;<\/p>\n","protected":false},"featured_media":28577,"comment_status":"open","ping_status":"closed","template":"","meta":{"_acf_changed":false},"product_brand":[],"product_cat":[191],"product_tag":[],"class_list":{"0":"post-28732","1":"product","2":"type-product","3":"status-publish","4":"has-post-thumbnail","6":"product_cat-yeni-enerji-kaynaklari","8":"first","9":"instock","10":"sale","11":"shipping-taxable","12":"purchasable","13":"product-type-simple"},"acf":[],"_links":{"self":[{"href":"https:\/\/madeinchina.cn.com\/tr\/wp-json\/wp\/v2\/product\/28732","targetHints":{"allow":["GET"]}}],"collection":[{"href":"https:\/\/madeinchina.cn.com\/tr\/wp-json\/wp\/v2\/product"}],"about":[{"href":"https:\/\/madeinchina.cn.com\/tr\/wp-json\/wp\/v2\/types\/product"}],"replies":[{"embeddable":true,"href":"https:\/\/madeinchina.cn.com\/tr\/wp-json\/wp\/v2\/comments?post=28732"}],"version-history":[{"count":0,"href":"https:\/\/madeinchina.cn.com\/tr\/wp-json\/wp\/v2\/product\/28732\/revisions"}],"wp:featuredmedia":[{"embeddable":true,"href":"https:\/\/madeinchina.cn.com\/tr\/wp-json\/wp\/v2\/media\/28577"}],"wp:attachment":[{"href":"https:\/\/madeinchina.cn.com\/tr\/wp-json\/wp\/v2\/media?parent=28732"}],"wp:term":[{"taxonomy":"product_brand","embeddable":true,"href":"https:\/\/madeinchina.cn.com\/tr\/wp-json\/wp\/v2\/product_brand?post=28732"},{"taxonomy":"product_cat","embeddable":true,"href":"https:\/\/madeinchina.cn.com\/tr\/wp-json\/wp\/v2\/product_cat?post=28732"},{"taxonomy":"product_tag","embeddable":true,"href":"https:\/\/madeinchina.cn.com\/tr\/wp-json\/wp\/v2\/product_tag?post=28732"}],"curies":[{"name":"wp","href":"https:\/\/api.w.org\/{rel}","templated":true}]}}