{"id":28731,"date":"2025-01-14T06:57:22","date_gmt":"2025-01-14T06:57:22","guid":{"rendered":"https:\/\/madeinchina.cn.com\/product\/araclar-ve-arac-yedek-parcalari\/"},"modified":"2025-01-14T06:57:22","modified_gmt":"2025-01-14T06:57:22","slug":"araclar-ve-arac-yedek-parcalari","status":"publish","type":"product","link":"https:\/\/madeinchina.cn.com\/tr\/product\/araclar-ve-arac-yedek-parcalari\/","title":{"rendered":"Ara\u00e7lar ve Ara\u00e7 Yedek Par\u00e7alar\u0131"},"content":{"rendered":"<p>1016 \u00c7inli ara\u00e7 yedek par\u00e7as\u0131 \u00fcreticisi ve 48 ara\u00e7 \u00fcreticisi. Y\u00fcksek kaliteli ara\u00e7 yedek par\u00e7alar\u0131 konusunda uzmanla\u015fm\u0131\u015f \u00c7inli \u00fcreticilerden olu\u015fan listemizle ara\u00e7lar\u0131n sorunsuz \u00e7al\u0131\u015fmas\u0131n\u0131 sa\u011flay\u0131n. Sizi motor par\u00e7alar\u0131 ve frenlerden filtreler ve elektrik sistemlerine kadar \u00e7ok \u00e7e\u015fitli bile\u015fenlerin g\u00fcvenilir tedarik\u00e7ileriyle bulu\u015fturarak optimum performans ve g\u00fcvenlik sa\u011fl\u0131yoruz. G\u00fcvenle kaynak bulun ve m\u00fc\u015fterilerinizi yolda tutun. \u00c7inli ara\u00e7 yedek par\u00e7a \u00fcreticilerinden olu\u015fan kapsaml\u0131 listemizle her ara\u00e7 i\u00e7in do\u011fru par\u00e7alar\u0131 bulun. T\u00fcm b\u00fcy\u00fck marka ve modelleri kapsayan otomobil, kamyon, motosiklet ve daha fazlas\u0131 i\u00e7in par\u00e7alar konusunda uzmanla\u015fm\u0131\u015f tedarik\u00e7ilere eri\u015fim sunuyoruz. Envanterinizi geni\u015fletin ve \u00e7e\u015fitli otomotiv ihtiya\u00e7lar\u0131n\u0131 kar\u015f\u0131lay\u0131n. G\u00fcvenilir \u00c7inli \u00fcreticiler listemizle yedek par\u00e7a tedarikinizi kolayla\u015ft\u0131r\u0131n ve k\u00e2r marjlar\u0131n\u0131z\u0131 en \u00fcst d\u00fczeye \u00e7\u0131kar\u0131n. Sizi rekabet\u00e7i fiyatland\u0131rma, esnek MOQ&#8217;lar ve verimli lojistik \u00e7\u00f6z\u00fcmleri sunan fabrikalarla bulu\u015fturuyoruz. B\u00fct\u00e7enizi a\u015fmadan kaliteli par\u00e7alar tedarik edin.<\/p>\n","protected":false},"excerpt":{"rendered":"<p>1016 \u00c7inli ara\u00e7 yedek par\u00e7as\u0131 \u00fcreticisi ve 48 ara\u00e7 \u00fcreticisi. Y\u00fcksek kaliteli ara\u00e7 yedek par\u00e7alar\u0131 konusunda uzmanla\u015fm\u0131\u015f \u00c7inli \u00fcreticilerden olu\u015fan listemizle ara\u00e7lar\u0131n sorunsuz \u00e7al\u0131\u015fmas\u0131n\u0131 sa\u011flay\u0131n. Sizi motor par\u00e7alar\u0131 ve frenlerden filtreler ve elektrik sistemlerine kadar \u00e7ok \u00e7e\u015fitli bile\u015fenlerin g\u00fcvenilir tedarik\u00e7ileriyle bulu\u015fturarak optimum performans ve g\u00fcvenlik sa\u011fl\u0131yoruz. G\u00fcvenle kaynak bulun ve m\u00fc\u015fterilerinizi yolda tutun.<\/p>\n","protected":false},"featured_media":28571,"comment_status":"open","ping_status":"closed","template":"","meta":{"_acf_changed":false},"product_brand":[],"product_cat":[187],"product_tag":[],"class_list":{"0":"post-28731","1":"product","2":"type-product","3":"status-publish","4":"has-post-thumbnail","6":"product_cat-e-arac-ve-arac-yedek-parcalari","8":"first","9":"instock","10":"sale","11":"shipping-taxable","12":"purchasable","13":"product-type-simple"},"acf":[],"_links":{"self":[{"href":"https:\/\/madeinchina.cn.com\/tr\/wp-json\/wp\/v2\/product\/28731","targetHints":{"allow":["GET"]}}],"collection":[{"href":"https:\/\/madeinchina.cn.com\/tr\/wp-json\/wp\/v2\/product"}],"about":[{"href":"https:\/\/madeinchina.cn.com\/tr\/wp-json\/wp\/v2\/types\/product"}],"replies":[{"embeddable":true,"href":"https:\/\/madeinchina.cn.com\/tr\/wp-json\/wp\/v2\/comments?post=28731"}],"version-history":[{"count":0,"href":"https:\/\/madeinchina.cn.com\/tr\/wp-json\/wp\/v2\/product\/28731\/revisions"}],"wp:featuredmedia":[{"embeddable":true,"href":"https:\/\/madeinchina.cn.com\/tr\/wp-json\/wp\/v2\/media\/28571"}],"wp:attachment":[{"href":"https:\/\/madeinchina.cn.com\/tr\/wp-json\/wp\/v2\/media?parent=28731"}],"wp:term":[{"taxonomy":"product_brand","embeddable":true,"href":"https:\/\/madeinchina.cn.com\/tr\/wp-json\/wp\/v2\/product_brand?post=28731"},{"taxonomy":"product_cat","embeddable":true,"href":"https:\/\/madeinchina.cn.com\/tr\/wp-json\/wp\/v2\/product_cat?post=28731"},{"taxonomy":"product_tag","embeddable":true,"href":"https:\/\/madeinchina.cn.com\/tr\/wp-json\/wp\/v2\/product_tag?post=28731"}],"curies":[{"name":"wp","href":"https:\/\/api.w.org\/{rel}","templated":true}]}}