{"id":28730,"date":"2025-01-14T07:09:05","date_gmt":"2025-01-14T07:09:05","guid":{"rendered":"https:\/\/madeinchina.cn.com\/product\/e-bisikletler-scooterlar-ve-bisikletler\/"},"modified":"2025-01-14T07:09:05","modified_gmt":"2025-01-14T07:09:05","slug":"e-bisikletler-scooterlar-ve-bisikletler","status":"publish","type":"product","link":"https:\/\/madeinchina.cn.com\/tr\/product\/e-bisikletler-scooterlar-ve-bisikletler\/","title":{"rendered":"e-Bisikletler, Scooterlar ve Bisikletler"},"content":{"rendered":"<p>144 \u00c7inli \u00fcretici. Y\u00fcksek kaliteli e-bisikletler, scooterlar ve bisikletler konusunda uzmanla\u015fm\u0131\u015f \u00c7inli \u00fcreticilerden olu\u015fan listemizle kentsel mobilitenin gelece\u011fini kucaklay\u0131n. Sizi inovasyon, performans ve s\u00fcrd\u00fcr\u00fclebilirli\u011fe \u00f6ncelik veren, \u00e7evre dostu ula\u015f\u0131ma y\u00f6nelik artan talebi kar\u015f\u0131lamak i\u00e7in \u00e7ok \u00e7e\u015fitli elektrikli ve geleneksel modeller sunan tedarik\u00e7ilerle bulu\u015fturuyoruz. Daha ye\u015fil bir gelece\u011fe do\u011fru s\u00fcr\u00fcn. \u00c7inli e-bisiklet, scooter ve bisiklet \u00fcreticilerinden olu\u015fan kapsaml\u0131 listemizle macera ve rahatl\u0131k i\u00e7in haz\u0131rlan\u0131n. Elektrikli da\u011f bisikletlerinden \u015f\u0131k \u015fehir scooterlar\u0131na, klasik bisikletlerden yenilik\u00e7i katlan\u0131r tasar\u0131mlara kadar \u00e7ok \u00e7e\u015fitli modellerde uzmanla\u015fm\u0131\u015f tedarik\u00e7ilere eri\u015fim sunuyoruz. Her ihtiyaca ve s\u00fcr\u00fc\u015f tarz\u0131na hitap edin. G\u00fcvenilir \u00c7inli \u00fcreticiler listemizle geli\u015fen mikromobilite pazar\u0131nda k\u00e2r\u0131n\u0131z\u0131 en \u00fcst d\u00fczeye \u00e7\u0131kar\u0131n. Sizi e-bisikletler, scooterlar ve bisikletler i\u00e7in rekabet\u00e7i fiyatlar, esnek MOQ&#8217;lar ve verimli \u00fcretim yetenekleri sunan fabrikalarla bulu\u015fturuyoruz. Y\u00fcksek kaliteli \u00fcr\u00fcnler tedarik edin ve i\u015finizin b\u00fcy\u00fcmesini h\u0131zland\u0131r\u0131n.<\/p>\n","protected":false},"excerpt":{"rendered":"<p>144 \u00c7inli \u00fcretici. Y\u00fcksek kaliteli e-bisikletler, scooterlar ve bisikletler konusunda uzmanla\u015fm\u0131\u015f \u00c7inli \u00fcreticilerden olu\u015fan listemizle kentsel mobilitenin gelece\u011fini kucaklay\u0131n. Sizi inovasyon, performans ve s\u00fcrd\u00fcr\u00fclebilirli\u011fe \u00f6ncelik veren, \u00e7evre dostu ula\u015f\u0131ma y\u00f6nelik artan talebi kar\u015f\u0131lamak i\u00e7in \u00e7ok \u00e7e\u015fitli elektrikli ve geleneksel modeller sunan tedarik\u00e7ilerle bulu\u015fturuyoruz. Daha ye\u015fil bir gelece\u011fe do\u011fru s\u00fcr\u00fcn.<\/p>\n","protected":false},"featured_media":28572,"comment_status":"open","ping_status":"closed","template":"","meta":{"_acf_changed":false},"product_brand":[],"product_cat":[187,188,190],"product_tag":[],"class_list":{"0":"post-28730","1":"product","2":"type-product","3":"status-publish","4":"has-post-thumbnail","6":"product_cat-e-arac-ve-arac-yedek-parcalari","7":"product_cat-e-araclar-ve-tasitlar","8":"product_cat-e-bisiklet-bisiklet","10":"first","11":"instock","12":"sale","13":"shipping-taxable","14":"purchasable","15":"product-type-simple"},"acf":[],"_links":{"self":[{"href":"https:\/\/madeinchina.cn.com\/tr\/wp-json\/wp\/v2\/product\/28730","targetHints":{"allow":["GET"]}}],"collection":[{"href":"https:\/\/madeinchina.cn.com\/tr\/wp-json\/wp\/v2\/product"}],"about":[{"href":"https:\/\/madeinchina.cn.com\/tr\/wp-json\/wp\/v2\/types\/product"}],"replies":[{"embeddable":true,"href":"https:\/\/madeinchina.cn.com\/tr\/wp-json\/wp\/v2\/comments?post=28730"}],"version-history":[{"count":0,"href":"https:\/\/madeinchina.cn.com\/tr\/wp-json\/wp\/v2\/product\/28730\/revisions"}],"wp:featuredmedia":[{"embeddable":true,"href":"https:\/\/madeinchina.cn.com\/tr\/wp-json\/wp\/v2\/media\/28572"}],"wp:attachment":[{"href":"https:\/\/madeinchina.cn.com\/tr\/wp-json\/wp\/v2\/media?parent=28730"}],"wp:term":[{"taxonomy":"product_brand","embeddable":true,"href":"https:\/\/madeinchina.cn.com\/tr\/wp-json\/wp\/v2\/product_brand?post=28730"},{"taxonomy":"product_cat","embeddable":true,"href":"https:\/\/madeinchina.cn.com\/tr\/wp-json\/wp\/v2\/product_cat?post=28730"},{"taxonomy":"product_tag","embeddable":true,"href":"https:\/\/madeinchina.cn.com\/tr\/wp-json\/wp\/v2\/product_tag?post=28730"}],"curies":[{"name":"wp","href":"https:\/\/api.w.org\/{rel}","templated":true}]}}