{"id":28729,"date":"2025-01-14T07:38:40","date_gmt":"2025-01-14T07:38:40","guid":{"rendered":"https:\/\/madeinchina.cn.com\/product\/e-motosikletler-scooterlar-motosikletler\/"},"modified":"2025-01-14T07:38:40","modified_gmt":"2025-01-14T07:38:40","slug":"e-motosikletler-scooterlar-motosikletler","status":"publish","type":"product","link":"https:\/\/madeinchina.cn.com\/tr\/product\/e-motosikletler-scooterlar-motosikletler\/","title":{"rendered":"e-Motosikletler, Scooterlar, Motosikletler"},"content":{"rendered":"<p>304 \u00c7inli \u00fcretici. Son teknoloji e-motosikletler, scooterlar ve motosikletler konusunda uzmanla\u015fm\u0131\u015f \u00c7inli \u00fcreticilerden olu\u015fan se\u00e7kin listemizle gelece\u011fe do\u011fru yol al\u0131n. Sizi yenilik, performans ve s\u00fcrd\u00fcr\u00fclebilirli\u011fe \u00f6ncelik veren, d\u00fcnya \u00e7ap\u0131ndaki s\u00fcr\u00fcc\u00fclerin geli\u015fen taleplerini kar\u015f\u0131lamak i\u00e7in \u00e7e\u015fitli elektrikli ve geleneksel modeller sunan tedarik\u00e7ilerle bulu\u015fturuyoruz. \u0130leri teknoloji ve \u015f\u0131k tasar\u0131mlarla a\u00e7\u0131k yolun heyecan\u0131n\u0131 kucaklay\u0131n. \u00c7inli e-motosiklet, scooter ve motosiklet \u00fcreticilerinden olu\u015fan kapsaml\u0131 listemizle her t\u00fcrl\u00fc maceraya haz\u0131rlan\u0131n. Y\u00fcksek performansl\u0131 elektrikli motosikletler ve \u015f\u0131k \u015fehir i\u00e7i scooter&#8217;lardan klasik cruiser&#8217;lara ve sa\u011flam arazi motosikletlerine kadar geni\u015f bir model yelpazesinde uzmanla\u015fm\u0131\u015f tedarik\u00e7ilere eri\u015fim sunuyoruz. Her s\u00fcr\u00fc\u015f stiline ve tercihine hitap edin. E-motosikletler, scooterlar ve motosikletler i\u00e7in g\u00fcvenilir \u00c7inli \u00fcreticiler listemizle i\u015finizi canland\u0131r\u0131n.<\/p>\n<p> Sizi rekabet\u00e7i fiyatlar, esnek MOQ&#8217;lar ve verimli \u00fcretim yetenekleri sunan fabrikalarla bulu\u015fturuyoruz. Y\u00fcksek kaliteli ara\u00e7lar tedarik edin ve dinamik g\u00fc\u00e7 sporlar\u0131 pazar\u0131nda ba\u015far\u0131n\u0131z\u0131 h\u0131zland\u0131r\u0131n<\/p>\n","protected":false},"excerpt":{"rendered":"<p>304 \u00c7inli \u00fcretici. Son teknoloji e-motosikletler, scooterlar ve motosikletler konusunda uzmanla\u015fm\u0131\u015f \u00c7inli \u00fcreticilerden olu\u015fan se\u00e7kin listemizle gelece\u011fe do\u011fru yol al\u0131n. Sizi yenilik, performans ve s\u00fcrd\u00fcr\u00fclebilirli\u011fe \u00f6ncelik veren, d\u00fcnya \u00e7ap\u0131ndaki s\u00fcr\u00fcc\u00fclerin geli\u015fen taleplerini kar\u015f\u0131lamak i\u00e7in \u00e7e\u015fitli elektrikli ve geleneksel modeller sunan tedarik\u00e7ilerle bulu\u015fturuyoruz. \u0130leri teknoloji ve \u015f\u0131k tasar\u0131mlarla a\u00e7\u0131k yolun heyecan\u0131n\u0131 kucaklay\u0131n.<\/p>\n","protected":false},"featured_media":28573,"comment_status":"open","ping_status":"closed","template":"","meta":{"_acf_changed":false},"product_brand":[],"product_cat":[187,188],"product_tag":[],"class_list":{"0":"post-28729","1":"product","2":"type-product","3":"status-publish","4":"has-post-thumbnail","6":"product_cat-e-arac-ve-arac-yedek-parcalari","7":"product_cat-e-araclar-ve-tasitlar","9":"first","10":"instock","11":"sale","12":"shipping-taxable","13":"purchasable","14":"product-type-simple"},"acf":[],"_links":{"self":[{"href":"https:\/\/madeinchina.cn.com\/tr\/wp-json\/wp\/v2\/product\/28729","targetHints":{"allow":["GET"]}}],"collection":[{"href":"https:\/\/madeinchina.cn.com\/tr\/wp-json\/wp\/v2\/product"}],"about":[{"href":"https:\/\/madeinchina.cn.com\/tr\/wp-json\/wp\/v2\/types\/product"}],"replies":[{"embeddable":true,"href":"https:\/\/madeinchina.cn.com\/tr\/wp-json\/wp\/v2\/comments?post=28729"}],"version-history":[{"count":0,"href":"https:\/\/madeinchina.cn.com\/tr\/wp-json\/wp\/v2\/product\/28729\/revisions"}],"wp:featuredmedia":[{"embeddable":true,"href":"https:\/\/madeinchina.cn.com\/tr\/wp-json\/wp\/v2\/media\/28573"}],"wp:attachment":[{"href":"https:\/\/madeinchina.cn.com\/tr\/wp-json\/wp\/v2\/media?parent=28729"}],"wp:term":[{"taxonomy":"product_brand","embeddable":true,"href":"https:\/\/madeinchina.cn.com\/tr\/wp-json\/wp\/v2\/product_brand?post=28729"},{"taxonomy":"product_cat","embeddable":true,"href":"https:\/\/madeinchina.cn.com\/tr\/wp-json\/wp\/v2\/product_cat?post=28729"},{"taxonomy":"product_tag","embeddable":true,"href":"https:\/\/madeinchina.cn.com\/tr\/wp-json\/wp\/v2\/product_tag?post=28729"}],"curies":[{"name":"wp","href":"https:\/\/api.w.org\/{rel}","templated":true}]}}