{"id":28728,"date":"2025-01-13T15:16:37","date_gmt":"2025-01-13T15:16:37","guid":{"rendered":"https:\/\/madeinchina.cn.com\/product\/donanim-ureticileri\/"},"modified":"2025-01-13T15:16:37","modified_gmt":"2025-01-13T15:16:37","slug":"donanim-ureticileri","status":"publish","type":"product","link":"https:\/\/madeinchina.cn.com\/tr\/product\/donanim-ureticileri\/","title":{"rendered":"Donan\u0131m \u00fcreticileri"},"content":{"rendered":"<p>1152 \u00c7inli \u00fcretici. Y\u00fcksek kaliteli donan\u0131m konusunda uzmanla\u015fm\u0131\u015f \u00c7inli \u00fcreticilerden olu\u015fan se\u00e7ilmi\u015f listemizle sa\u011flam bir temel olu\u015fturun. Sizi in\u015faat, kendin yap projeleri ve end\u00fcstriyel uygulamalar i\u00e7in dayan\u0131kl\u0131 ve g\u00fcvenilir aletler, ba\u011flant\u0131 elemanlar\u0131, yap\u0131 malzemeleri ve di\u011fer temel donan\u0131m \u00fcr\u00fcnleri tedarik\u00e7ileriyle bulu\u015fturuyoruz. Birinci s\u0131n\u0131f donan\u0131mla projelerinizin sa\u011flaml\u0131\u011f\u0131n\u0131 ve uzun \u00f6m\u00fcrl\u00fcl\u00fc\u011f\u00fcn\u00fc sa\u011flay\u0131n. \u00c7inli \u00fcreticilerden olu\u015fan kapsaml\u0131 listemizle her ihtiya\u00e7 i\u00e7in m\u00fckemmel donan\u0131m\u0131 bulun. El aletleri, elektrikli aletler, ba\u011flant\u0131 elemanlar\u0131, kilitler, mente\u015feler ve daha fazlas\u0131 dahil olmak \u00fczere \u00e7ok \u00e7e\u015fitli \u00fcr\u00fcnlerde uzmanla\u015fm\u0131\u015f tedarik\u00e7ilere eri\u015fim sunuyoruz. Farkl\u0131 ihtiya\u00e7lar\u0131 kar\u015f\u0131lay\u0131n ve i\u015fletmenizi temel ihtiya\u00e7larla donat\u0131n.<\/p>\n<p>   Se\u00e7eneklerinizi bug\u00fcn ke\u015ffedin.<\/p>\n<p>G\u00fcvenilir \u00c7inli \u00fcreticiler listemizle donan\u0131m tedarikinizi kolayla\u015ft\u0131r\u0131n. Sizi rekabet\u00e7i fiyatland\u0131rma, esnek MOQ&#8217;lar ve verimli lojistik \u00e7\u00f6z\u00fcmleri sunan fabrikalarla bulu\u015fturuyoruz. B\u00fct\u00e7enizi a\u015fmadan y\u00fcksek kaliteli donan\u0131m tedarik edin.  <\/p>\n","protected":false},"excerpt":{"rendered":"<p>1152 \u00c7inli \u00fcretici. Y\u00fcksek kaliteli donan\u0131m konusunda uzmanla\u015fm\u0131\u015f \u00c7inli \u00fcreticilerden olu\u015fan se\u00e7ilmi\u015f listemizle sa\u011flam bir temel olu\u015fturun. Sizi in\u015faat, kendin yap projeleri ve end\u00fcstriyel uygulamalar i\u00e7in dayan\u0131kl\u0131 ve g\u00fcvenilir aletler, ba\u011flant\u0131 elemanlar\u0131, yap\u0131 malzemeleri ve di\u011fer temel donan\u0131m \u00fcr\u00fcnleri tedarik\u00e7ileriyle bulu\u015fturuyoruz. Birinci s\u0131n\u0131f donan\u0131m ile projelerinizin sa\u011flaml\u0131\u011f\u0131n\u0131 ve uzun \u00f6m\u00fcrl\u00fcl\u00fc\u011f\u00fcn\u00fc sa\u011flay\u0131n.<\/p>\n","protected":false},"featured_media":28568,"comment_status":"open","ping_status":"closed","template":"","meta":{"_acf_changed":false},"product_brand":[],"product_cat":[189,181],"product_tag":[],"class_list":{"0":"post-28728","1":"product","2":"type-product","3":"status-publish","4":"has-post-thumbnail","6":"product_cat-alet-ve-donanim-ureticileri","7":"product_cat-makine-alet-ve-donanim-ureticileri","9":"first","10":"instock","11":"sale","12":"shipping-taxable","13":"purchasable","14":"product-type-simple"},"acf":[],"_links":{"self":[{"href":"https:\/\/madeinchina.cn.com\/tr\/wp-json\/wp\/v2\/product\/28728","targetHints":{"allow":["GET"]}}],"collection":[{"href":"https:\/\/madeinchina.cn.com\/tr\/wp-json\/wp\/v2\/product"}],"about":[{"href":"https:\/\/madeinchina.cn.com\/tr\/wp-json\/wp\/v2\/types\/product"}],"replies":[{"embeddable":true,"href":"https:\/\/madeinchina.cn.com\/tr\/wp-json\/wp\/v2\/comments?post=28728"}],"version-history":[{"count":0,"href":"https:\/\/madeinchina.cn.com\/tr\/wp-json\/wp\/v2\/product\/28728\/revisions"}],"wp:featuredmedia":[{"embeddable":true,"href":"https:\/\/madeinchina.cn.com\/tr\/wp-json\/wp\/v2\/media\/28568"}],"wp:attachment":[{"href":"https:\/\/madeinchina.cn.com\/tr\/wp-json\/wp\/v2\/media?parent=28728"}],"wp:term":[{"taxonomy":"product_brand","embeddable":true,"href":"https:\/\/madeinchina.cn.com\/tr\/wp-json\/wp\/v2\/product_brand?post=28728"},{"taxonomy":"product_cat","embeddable":true,"href":"https:\/\/madeinchina.cn.com\/tr\/wp-json\/wp\/v2\/product_cat?post=28728"},{"taxonomy":"product_tag","embeddable":true,"href":"https:\/\/madeinchina.cn.com\/tr\/wp-json\/wp\/v2\/product_tag?post=28728"}],"curies":[{"name":"wp","href":"https:\/\/api.w.org\/{rel}","templated":true}]}}