{"id":28727,"date":"2025-01-13T15:21:12","date_gmt":"2025-01-13T15:21:12","guid":{"rendered":"https:\/\/madeinchina.cn.com\/product\/alet-ureticileri\/"},"modified":"2025-01-13T15:21:12","modified_gmt":"2025-01-13T15:21:12","slug":"alet-ureticileri","status":"publish","type":"product","link":"https:\/\/madeinchina.cn.com\/tr\/product\/alet-ureticileri\/","title":{"rendered":"Alet \u00dcreticileri"},"content":{"rendered":"<p>1400 \u00c7inli \u00fcretici. M\u00fc\u015fterilerinizi bu i\u015f i\u00e7in en iyi aletlerle donat\u0131n. Se\u00e7ilmi\u015f listemiz sizi profesyoneller ve kendin yap merakl\u0131lar\u0131 i\u00e7in y\u00fcksek kaliteli aletler konusunda uzmanla\u015fm\u0131\u015f en iyi \u00c7inli \u00fcreticilerle bulu\u015fturuyor. Dayan\u0131kl\u0131 el aletlerinden hassas elektrikli aletlere kadar her ihtiyac\u0131 ve b\u00fct\u00e7eyi kar\u015f\u0131layacak geni\u015f bir \u00fcr\u00fcn yelpazesi sunuyoruz. M\u00fc\u015fterilerinizi g\u00fcvenilir ve verimli aletlerle g\u00fc\u00e7lendirin. \u00c7inli \u00fcreticilerden olu\u015fan kapsaml\u0131 listemizle her g\u00f6rev i\u00e7in m\u00fckemmel aletleri bulun. El aletleri, elektrikli aletler, otomotiv aletleri, bah\u00e7e aletleri ve daha fazlas\u0131 dahil olmak \u00fczere \u00e7ok \u00e7e\u015fitli aletlerde uzmanla\u015fm\u0131\u015f tedarik\u00e7ilere eri\u015fim sunuyoruz. Farkl\u0131 ihtiya\u00e7lar\u0131 kar\u015f\u0131lay\u0131n ve m\u00fc\u015fterilerinizi ba\u015far\u0131 i\u00e7in donat\u0131n.<\/p>\n<p>   Se\u00e7eneklerinizi bug\u00fcn ke\u015ffedin.<\/p>\n<p>G\u00fcvenilir \u00c7inli alet \u00fcreticileri listemizle k\u00e2r marjlar\u0131n\u0131z\u0131 en \u00fcst d\u00fczeye \u00e7\u0131kar\u0131n. Sizi rekabet\u00e7i fiyatland\u0131rma, esnek MOQ&#8217;lar ve verimli lojistik \u00e7\u00f6z\u00fcmleri sunan fabrikalarla bulu\u015fturuyoruz. B\u00fct\u00e7enizi a\u015fmadan y\u00fcksek kaliteli aletler tedarik edin.  <\/p>\n","protected":false},"excerpt":{"rendered":"<p>1400 \u00c7inli \u00fcretici. M\u00fc\u015fterilerinizi bu i\u015f i\u00e7in en iyi aletlerle donat\u0131n. Se\u00e7ilmi\u015f listemiz sizi profesyoneller ve kendin yap merakl\u0131lar\u0131 i\u00e7in y\u00fcksek kaliteli aletler konusunda uzmanla\u015fm\u0131\u015f en iyi \u00c7inli \u00fcreticilerle bulu\u015fturuyor. Dayan\u0131kl\u0131 el aletlerinden hassas elektrikli aletlere kadar her ihtiyac\u0131 ve b\u00fct\u00e7eyi kar\u015f\u0131layacak geni\u015f bir \u00fcr\u00fcn yelpazesi sunuyoruz. M\u00fc\u015fterilerinizi g\u00fcvenilir ve verimli aletlerle g\u00fc\u00e7lendirin.<\/p>\n","protected":false},"featured_media":28569,"comment_status":"open","ping_status":"closed","template":"","meta":{"_acf_changed":false},"product_brand":[],"product_cat":[181],"product_tag":[],"class_list":{"0":"post-28727","1":"product","2":"type-product","3":"status-publish","4":"has-post-thumbnail","6":"product_cat-makine-alet-ve-donanim-ureticileri","8":"first","9":"instock","10":"sale","11":"shipping-taxable","12":"purchasable","13":"product-type-simple"},"acf":[],"_links":{"self":[{"href":"https:\/\/madeinchina.cn.com\/tr\/wp-json\/wp\/v2\/product\/28727","targetHints":{"allow":["GET"]}}],"collection":[{"href":"https:\/\/madeinchina.cn.com\/tr\/wp-json\/wp\/v2\/product"}],"about":[{"href":"https:\/\/madeinchina.cn.com\/tr\/wp-json\/wp\/v2\/types\/product"}],"replies":[{"embeddable":true,"href":"https:\/\/madeinchina.cn.com\/tr\/wp-json\/wp\/v2\/comments?post=28727"}],"version-history":[{"count":0,"href":"https:\/\/madeinchina.cn.com\/tr\/wp-json\/wp\/v2\/product\/28727\/revisions"}],"wp:featuredmedia":[{"embeddable":true,"href":"https:\/\/madeinchina.cn.com\/tr\/wp-json\/wp\/v2\/media\/28569"}],"wp:attachment":[{"href":"https:\/\/madeinchina.cn.com\/tr\/wp-json\/wp\/v2\/media?parent=28727"}],"wp:term":[{"taxonomy":"product_brand","embeddable":true,"href":"https:\/\/madeinchina.cn.com\/tr\/wp-json\/wp\/v2\/product_brand?post=28727"},{"taxonomy":"product_cat","embeddable":true,"href":"https:\/\/madeinchina.cn.com\/tr\/wp-json\/wp\/v2\/product_cat?post=28727"},{"taxonomy":"product_tag","embeddable":true,"href":"https:\/\/madeinchina.cn.com\/tr\/wp-json\/wp\/v2\/product_tag?post=28727"}],"curies":[{"name":"wp","href":"https:\/\/api.w.org\/{rel}","templated":true}]}}