{"id":28726,"date":"2025-01-13T15:26:52","date_gmt":"2025-01-13T15:26:52","guid":{"rendered":"https:\/\/madeinchina.cn.com\/product\/yeni-enerji-araclari-ve-akilli-mobilite\/"},"modified":"2025-01-13T15:26:52","modified_gmt":"2025-01-13T15:26:52","slug":"yeni-enerji-araclari-ve-akilli-mobilite","status":"publish","type":"product","link":"https:\/\/madeinchina.cn.com\/tr\/product\/yeni-enerji-araclari-ve-akilli-mobilite\/","title":{"rendered":"Yeni Enerji Ara\u00e7lar\u0131 ve Ak\u0131ll\u0131 Mobilite"},"content":{"rendered":"<p>146 \u00c7inli \u00fcretici. Yeni enerji ara\u00e7lar\u0131 ve ak\u0131ll\u0131 mobilite \u00e7\u00f6z\u00fcmleri konusunda uzmanla\u015fm\u0131\u015f \u00c7inli \u00fcreticilerden olu\u015fan listemizle mobilitenin gelece\u011fine y\u00f6n verin. Sizi elektrikli ara\u00e7lar, otonom s\u00fcr\u00fc\u015f teknolojisi, batarya teknolojisi ve \u015farj altyap\u0131s\u0131 alan\u0131ndaki yenilik\u00e7ilerle bulu\u015fturuyoruz. Bir ad\u0131m \u00f6nde olun ve ula\u015f\u0131mda devrim yarat\u0131n. \u00c7inli yeni enerji ara\u00e7lar\u0131 ve ak\u0131ll\u0131 mobilite \u00fcreticilerinden olu\u015fan kapsaml\u0131 listemizle s\u00fcrd\u00fcr\u00fclebilir ula\u015f\u0131m\u0131 kucaklay\u0131n. Elektrikli otomobil, otob\u00fcs, scooter ve payla\u015f\u0131ml\u0131 mobilite \u00e7\u00f6z\u00fcmleri tedarik\u00e7ilerine eri\u015fim sunarak daha ye\u015fil bir gelece\u011fe katk\u0131da bulunman\u0131z\u0131 sa\u011fl\u0131yoruz. \u0130\u015fletmeniz i\u00e7in b\u00fcy\u00fcme ve s\u00fcrd\u00fcr\u00fclebilirlik sa\u011flay\u0131n.<\/p>\n<p>   Se\u00e7eneklerinizi bug\u00fcn ke\u015ffedin.<\/p>\n<p>H\u0131zla b\u00fcy\u00fcyen yeni enerji ara\u00e7lar\u0131 ve ak\u0131ll\u0131 mobilite pazar\u0131nda \u00f6nde gelen \u00c7inli \u00fcreticilerle ba\u011flant\u0131 kurun. Listemiz rekabet\u00e7i fiyatland\u0131rma, en son teknoloji ve stratejik ortakl\u0131k potansiyeli sunan tedarik\u00e7ilere eri\u015fim sa\u011flar. \u0130\u015finizin b\u00fcy\u00fcmesini h\u0131zland\u0131r\u0131n ve ula\u015f\u0131m\u0131n gelece\u011finden yararlan\u0131n.  <\/p>\n","protected":false},"excerpt":{"rendered":"<p>146 \u00c7inli \u00fcretici. Yeni enerji ara\u00e7lar\u0131 ve ak\u0131ll\u0131 mobilite \u00e7\u00f6z\u00fcmleri konusunda uzmanla\u015fm\u0131\u015f \u00c7inli \u00fcreticilerden olu\u015fan listemizle mobilitenin gelece\u011fine y\u00f6n verin. Sizi elektrikli ara\u00e7lar, otonom s\u00fcr\u00fc\u015f teknolojisi, batarya teknolojisi ve \u015farj altyap\u0131s\u0131 alan\u0131ndaki yenilik\u00e7ilerle bulu\u015fturuyoruz. Bir ad\u0131m \u00f6nde olun ve ula\u015f\u0131mda devrim yarat\u0131n.<\/p>\n","protected":false},"featured_media":28570,"comment_status":"open","ping_status":"closed","template":"","meta":{"_acf_changed":false},"product_brand":[],"product_cat":[187,188],"product_tag":[],"class_list":{"0":"post-28726","1":"product","2":"type-product","3":"status-publish","4":"has-post-thumbnail","6":"product_cat-e-arac-ve-arac-yedek-parcalari","7":"product_cat-e-araclar-ve-tasitlar","9":"first","10":"instock","11":"sale","12":"shipping-taxable","13":"purchasable","14":"product-type-simple"},"acf":[],"_links":{"self":[{"href":"https:\/\/madeinchina.cn.com\/tr\/wp-json\/wp\/v2\/product\/28726","targetHints":{"allow":["GET"]}}],"collection":[{"href":"https:\/\/madeinchina.cn.com\/tr\/wp-json\/wp\/v2\/product"}],"about":[{"href":"https:\/\/madeinchina.cn.com\/tr\/wp-json\/wp\/v2\/types\/product"}],"replies":[{"embeddable":true,"href":"https:\/\/madeinchina.cn.com\/tr\/wp-json\/wp\/v2\/comments?post=28726"}],"version-history":[{"count":0,"href":"https:\/\/madeinchina.cn.com\/tr\/wp-json\/wp\/v2\/product\/28726\/revisions"}],"wp:featuredmedia":[{"embeddable":true,"href":"https:\/\/madeinchina.cn.com\/tr\/wp-json\/wp\/v2\/media\/28570"}],"wp:attachment":[{"href":"https:\/\/madeinchina.cn.com\/tr\/wp-json\/wp\/v2\/media?parent=28726"}],"wp:term":[{"taxonomy":"product_brand","embeddable":true,"href":"https:\/\/madeinchina.cn.com\/tr\/wp-json\/wp\/v2\/product_brand?post=28726"},{"taxonomy":"product_cat","embeddable":true,"href":"https:\/\/madeinchina.cn.com\/tr\/wp-json\/wp\/v2\/product_cat?post=28726"},{"taxonomy":"product_tag","embeddable":true,"href":"https:\/\/madeinchina.cn.com\/tr\/wp-json\/wp\/v2\/product_tag?post=28726"}],"curies":[{"name":"wp","href":"https:\/\/api.w.org\/{rel}","templated":true}]}}