{"id":28725,"date":"2025-01-13T15:11:58","date_gmt":"2025-01-13T15:11:58","guid":{"rendered":"https:\/\/madeinchina.cn.com\/product\/tekstil-hammaddeleri-ve-kumaslar\/"},"modified":"2025-01-13T15:11:58","modified_gmt":"2025-01-13T15:11:58","slug":"tekstil-hammaddeleri-ve-kumaslar","status":"publish","type":"product","link":"https:\/\/madeinchina.cn.com\/tr\/product\/tekstil-hammaddeleri-ve-kumaslar\/","title":{"rendered":"Tekstil Hammaddeleri ve Kuma\u015flar"},"content":{"rendered":"<p>672 \u00c7inli \u00fcretici. Do\u011frudan tekstil \u00fcretiminin kalbinden birinci s\u0131n\u0131f tekstil hammaddeleri ve kuma\u015flar\u0131 tedarik edin. Se\u00e7ilmi\u015f listemiz sizi pamuk, ipek, y\u00fcn, keten ve yenilik\u00e7i sentetikler dahil olmak \u00fczere \u00e7ok \u00e7e\u015fitli y\u00fcksek kaliteli elyaflar, iplikler ve kuma\u015flar sunan en iyi \u00c7inli \u00fcreticilerle bulu\u015fturuyor. Tekstil kreasyonlar\u0131n\u0131z\u0131 ola\u011fan\u00fcst\u00fc malzemelerle geli\u015ftirin. \u00c7inli \u00fcreticilerden olu\u015fan kapsaml\u0131 listemizle tekstil ihtiya\u00e7lar\u0131n\u0131z i\u00e7in m\u00fckemmel malzemeleri bulun. Dokuma kuma\u015flar, \u00f6rme kuma\u015flar, dokuma olmayan kuma\u015flar ve teknik tekstiller dahil olmak \u00fczere \u00e7e\u015fitli kuma\u015f t\u00fcrlerinde uzmanla\u015fm\u0131\u015f tedarik\u00e7ilere eri\u015fim sunuyoruz. G\u00fcvenle kaynak sa\u011flay\u0131n ve \u00e7e\u015fitli uygulamalara hitap edin.<\/p>\n<p>   Se\u00e7eneklerinizi bug\u00fcn ke\u015ffedin.<\/p>\n<p>Eko-bilin\u00e7li \u00c7inli tekstil hammaddesi ve kuma\u015f \u00fcreticileri listemizle s\u00fcrd\u00fcr\u00fclebilir uygulamalar\u0131 benimseyin. Etik kaynak kullan\u0131m\u0131, \u00e7evresel sorumluluk ve adil i\u015f g\u00fcc\u00fc uygulamalar\u0131na ba\u011fl\u0131 tedarik\u00e7ilere \u00f6ncelik veriyoruz. \u00c7evresel etkiyi en aza indiren y\u00fcksek kaliteli malzemeler kullanarak g\u00fcvenle yarat\u0131n.  <\/p>\n","protected":false},"excerpt":{"rendered":"<p>672 \u00c7inli \u00fcretici. Do\u011frudan tekstil \u00fcretiminin kalbinden birinci s\u0131n\u0131f tekstil hammaddeleri ve kuma\u015flar\u0131 tedarik edin. Se\u00e7ilmi\u015f listemiz sizi pamuk, ipek, y\u00fcn, keten ve yenilik\u00e7i sentetikler dahil olmak \u00fczere \u00e7ok \u00e7e\u015fitli y\u00fcksek kaliteli elyaflar, iplikler ve kuma\u015flar sunan en iyi \u00c7inli \u00fcreticilerle bulu\u015fturuyor. Tekstil kreasyonlar\u0131n\u0131z\u0131 ola\u011fan\u00fcst\u00fc malzemelerle geli\u015ftirin.<\/p>\n","protected":false},"featured_media":28567,"comment_status":"open","ping_status":"closed","template":"","meta":{"_acf_changed":false},"product_brand":[],"product_cat":[186],"product_tag":[],"class_list":{"0":"post-28725","1":"product","2":"type-product","3":"status-publish","4":"has-post-thumbnail","6":"product_cat-tekstil-hammaddeleri-ve-kumaslar","8":"first","9":"instock","10":"sale","11":"shipping-taxable","12":"purchasable","13":"product-type-simple"},"acf":[],"_links":{"self":[{"href":"https:\/\/madeinchina.cn.com\/tr\/wp-json\/wp\/v2\/product\/28725","targetHints":{"allow":["GET"]}}],"collection":[{"href":"https:\/\/madeinchina.cn.com\/tr\/wp-json\/wp\/v2\/product"}],"about":[{"href":"https:\/\/madeinchina.cn.com\/tr\/wp-json\/wp\/v2\/types\/product"}],"replies":[{"embeddable":true,"href":"https:\/\/madeinchina.cn.com\/tr\/wp-json\/wp\/v2\/comments?post=28725"}],"version-history":[{"count":0,"href":"https:\/\/madeinchina.cn.com\/tr\/wp-json\/wp\/v2\/product\/28725\/revisions"}],"wp:featuredmedia":[{"embeddable":true,"href":"https:\/\/madeinchina.cn.com\/tr\/wp-json\/wp\/v2\/media\/28567"}],"wp:attachment":[{"href":"https:\/\/madeinchina.cn.com\/tr\/wp-json\/wp\/v2\/media?parent=28725"}],"wp:term":[{"taxonomy":"product_brand","embeddable":true,"href":"https:\/\/madeinchina.cn.com\/tr\/wp-json\/wp\/v2\/product_brand?post=28725"},{"taxonomy":"product_cat","embeddable":true,"href":"https:\/\/madeinchina.cn.com\/tr\/wp-json\/wp\/v2\/product_cat?post=28725"},{"taxonomy":"product_tag","embeddable":true,"href":"https:\/\/madeinchina.cn.com\/tr\/wp-json\/wp\/v2\/product_tag?post=28725"}],"curies":[{"name":"wp","href":"https:\/\/api.w.org\/{rel}","templated":true}]}}