{"id":28724,"date":"2025-01-14T07:44:52","date_gmt":"2025-01-14T07:44:52","guid":{"rendered":"https:\/\/madeinchina.cn.com\/product\/ayakkabilar\/"},"modified":"2025-01-14T07:44:52","modified_gmt":"2025-01-14T07:44:52","slug":"ayakkabilar","status":"publish","type":"product","link":"https:\/\/madeinchina.cn.com\/tr\/product\/ayakkabilar\/","title":{"rendered":"Ayakkab\u0131lar"},"content":{"rendered":"<p>1072 \u00c7inli \u00fcretici. \u00c7inli ayakkab\u0131 \u00fcreticilerinden olu\u015fan listemizle ayakkab\u0131 oyununuzu geli\u015ftirin. Sizi kaliteli i\u015f\u00e7ili\u011fe, modaya uygun tasar\u0131mlara ve rahat malzemelere \u00f6ncelik veren tedarik\u00e7ilerle bulu\u015fturuyoruz. \u015e\u0131k spor ayakkab\u0131lardan zarif topuklu ayakkab\u0131lara, dayan\u0131kl\u0131 botlardan rahat sandaletlere kadar \u00e7ok \u00e7e\u015fitli ayakkab\u0131lara ula\u015f\u0131n. Markan\u0131z\u0131 y\u00fckseltin ve m\u00fc\u015fterilerinizi ola\u011fan\u00fcst\u00fc ayakkab\u0131larla memnun edin. \u00c7inli ayakkab\u0131 \u00fcreticilerinden olu\u015fan kapsaml\u0131 listemizle her durum i\u00e7in m\u00fckemmel ayakkab\u0131y\u0131 bulun. Spor ayakkab\u0131lar, g\u00fcnl\u00fck ayakkab\u0131lar, resmi ayakkab\u0131lar ve farkl\u0131 aktiviteler i\u00e7in \u00f6zel ayakkab\u0131lar dahil olmak \u00fczere \u00e7e\u015fitli stillerde uzmanla\u015fm\u0131\u015f tedarik\u00e7ilere eri\u015fim sunuyoruz. Kapsaml\u0131 se\u00e7eneklerimizle farkl\u0131 ihtiya\u00e7 ve tercihleri kar\u015f\u0131lay\u0131n.<\/p>\n<p>   Se\u00e7eneklerinizi bug\u00fcn ke\u015ffedin.<\/p>\n<p>G\u00fcvenilir \u00c7inli \u00fcreticiler listemizle k\u00e2rl\u0131 ayakkab\u0131 tedariki d\u00fcnyas\u0131na ad\u0131m at\u0131n. Sizi rekabet\u00e7i fiyatlar, esnek MOQ&#8217;lar ve verimli \u00fcretim yetenekleri sunan fabrikalarla bulu\u015fturuyoruz. B\u00fct\u00e7enizi a\u015fmadan y\u00fcksek kaliteli ayakkab\u0131lar bulun.<\/p>\n","protected":false},"excerpt":{"rendered":"<p>1072 \u00c7inli \u00fcretici. \u00c7inli ayakkab\u0131 \u00fcreticilerinden olu\u015fan listemizle ayakkab\u0131 oyununuzu geli\u015ftirin. Sizi kaliteli i\u015f\u00e7ili\u011fe, modaya uygun tasar\u0131mlara ve rahat malzemelere \u00f6ncelik veren tedarik\u00e7ilerle bulu\u015fturuyoruz. \u015e\u0131k spor ayakkab\u0131lardan zarif topuklu ayakkab\u0131lara, dayan\u0131kl\u0131 botlardan rahat sandaletlere kadar \u00e7ok \u00e7e\u015fitli ayakkab\u0131lara ula\u015f\u0131n. Markan\u0131z\u0131 y\u00fckseltin ve m\u00fc\u015fterilerinizi ola\u011fan\u00fcst\u00fc ayakkab\u0131larla memnun edin.<\/p>\n","protected":false},"featured_media":28574,"comment_status":"open","ping_status":"closed","template":"","meta":{"_acf_changed":false},"product_brand":[],"product_cat":[185,174],"product_tag":[],"class_list":{"0":"post-28724","1":"product","2":"type-product","3":"status-publish","4":"has-post-thumbnail","6":"product_cat-ayakkabilar","7":"product_cat-giyim-erkek-kadin-cocuk-kurkler-deriler-iclikler-ve-ayakkabilar","9":"first","10":"instock","11":"sale","12":"shipping-taxable","13":"purchasable","14":"product-type-simple"},"acf":[],"_links":{"self":[{"href":"https:\/\/madeinchina.cn.com\/tr\/wp-json\/wp\/v2\/product\/28724","targetHints":{"allow":["GET"]}}],"collection":[{"href":"https:\/\/madeinchina.cn.com\/tr\/wp-json\/wp\/v2\/product"}],"about":[{"href":"https:\/\/madeinchina.cn.com\/tr\/wp-json\/wp\/v2\/types\/product"}],"replies":[{"embeddable":true,"href":"https:\/\/madeinchina.cn.com\/tr\/wp-json\/wp\/v2\/comments?post=28724"}],"version-history":[{"count":0,"href":"https:\/\/madeinchina.cn.com\/tr\/wp-json\/wp\/v2\/product\/28724\/revisions"}],"wp:featuredmedia":[{"embeddable":true,"href":"https:\/\/madeinchina.cn.com\/tr\/wp-json\/wp\/v2\/media\/28574"}],"wp:attachment":[{"href":"https:\/\/madeinchina.cn.com\/tr\/wp-json\/wp\/v2\/media?parent=28724"}],"wp:term":[{"taxonomy":"product_brand","embeddable":true,"href":"https:\/\/madeinchina.cn.com\/tr\/wp-json\/wp\/v2\/product_brand?post=28724"},{"taxonomy":"product_cat","embeddable":true,"href":"https:\/\/madeinchina.cn.com\/tr\/wp-json\/wp\/v2\/product_cat?post=28724"},{"taxonomy":"product_tag","embeddable":true,"href":"https:\/\/madeinchina.cn.com\/tr\/wp-json\/wp\/v2\/product_tag?post=28724"}],"curies":[{"name":"wp","href":"https:\/\/api.w.org\/{rel}","templated":true}]}}