{"id":28723,"date":"2025-01-13T15:07:34","date_gmt":"2025-01-13T15:07:34","guid":{"rendered":"https:\/\/madeinchina.cn.com\/product\/spor-seyahat-ve-rekreasyon-urunleri\/"},"modified":"2025-01-13T15:07:34","modified_gmt":"2025-01-13T15:07:34","slug":"spor-seyahat-ve-rekreasyon-urunleri","status":"publish","type":"product","link":"https:\/\/madeinchina.cn.com\/tr\/product\/spor-seyahat-ve-rekreasyon-urunleri\/","title":{"rendered":"Spor, Seyahat ve Rekreasyon \u00dcr\u00fcnleri"},"content":{"rendered":"<p>880 \u00c7inli \u00fcretici. Y\u00fcksek kaliteli spor, seyahat ve rekreasyon \u00fcr\u00fcnlerinde uzmanla\u015fm\u0131\u015f \u00c7inli \u00fcreticilerden olu\u015fan listemizle m\u00fc\u015fterilerinizin macera tutkusunu k\u00f6r\u00fckleyin. Sizi kamp ekipmanlar\u0131 ve y\u00fcr\u00fcy\u00fc\u015f malzemelerinden su sporlar\u0131 aksesuarlar\u0131 ve seyahat malzemelerine kadar a\u00e7\u0131k hava merakl\u0131lar\u0131 i\u00e7in dayan\u0131kl\u0131 ve yenilik\u00e7i ekipman tedarik\u00e7ileriyle bulu\u015fturuyoruz. G\u00fcvenilir ve heyecan verici \u00fcr\u00fcnlerle ke\u015fiflere ilham verin ve markan\u0131z\u0131 y\u00fckseltin. Spor, seyahat ve rekreasyon \u00fcr\u00fcnleri i\u00e7in kapsaml\u0131 \u00c7inli \u00fcreticiler listemizle her maceraya hitap edin. Kamp\u00e7\u0131l\u0131k, y\u00fcr\u00fcy\u00fc\u015f, bisiklet, su sporlar\u0131 ve daha fazlas\u0131 dahil olmak \u00fczere \u00e7ok \u00e7e\u015fitli faaliyetlerde uzmanla\u015fm\u0131\u015f tedarik\u00e7ilere eri\u015fim sunuyoruz. Farkl\u0131 ihtiya\u00e7lar\u0131 kar\u015f\u0131lamak ve aktif ya\u015fam tarzlar\u0131na ilham vermek i\u00e7in m\u00fckemmel donan\u0131m\u0131 bulun.<\/p>\n<p>   Se\u00e7eneklerinizi bug\u00fcn ke\u015ffedin.<\/p>\n<p>G\u00fcvenilir \u00c7inli spor, seyahat ve e\u011flence \u00fcr\u00fcnleri \u00fcreticileri listemizle k\u00e2r marjlar\u0131n\u0131z\u0131 en \u00fcst d\u00fczeye \u00e7\u0131kar\u0131n. Sizi rekabet\u00e7i fiyatlar, esnek MOQ&#8217;lar ve verimli \u00fcretim yetenekleri sunan fabrikalarla bulu\u015fturuyoruz. B\u00fct\u00e7enizi a\u015fmadan y\u00fcksek kaliteli ekipmanlar edinin.<\/p>\n<p>&nbsp;<\/p>\n","protected":false},"excerpt":{"rendered":"<p>880 \u00c7inli \u00fcretici. Y\u00fcksek kaliteli spor, seyahat ve rekreasyon \u00fcr\u00fcnlerinde uzmanla\u015fm\u0131\u015f \u00c7inli \u00fcreticilerden olu\u015fan listemizle m\u00fc\u015fterilerinizin macera tutkusunu k\u00f6r\u00fckleyin. Sizi kamp ekipmanlar\u0131 ve y\u00fcr\u00fcy\u00fc\u015f malzemelerinden su sporlar\u0131 aksesuarlar\u0131 ve seyahat malzemelerine kadar a\u00e7\u0131k hava merakl\u0131lar\u0131 i\u00e7in dayan\u0131kl\u0131 ve yenilik\u00e7i ekipman tedarik\u00e7ileriyle bulu\u015fturuyoruz. G\u00fcvenilir ve heyecan verici \u00fcr\u00fcnlerle ke\u015fiflere ilham verin ve markan\u0131z\u0131 y\u00fckseltin.<\/p>\n","protected":false},"featured_media":28566,"comment_status":"open","ping_status":"closed","template":"","meta":{"_acf_changed":false},"product_brand":[],"product_cat":[182,184],"product_tag":[],"class_list":{"0":"post-28723","1":"product","2":"type-product","3":"status-publish","4":"has-post-thumbnail","6":"product_cat-kisisel-bakim-ilaclar-saglik-urunleri-tibbi-cihazlar","7":"product_cat-spor-outdoor-urunleri","9":"first","10":"instock","11":"sale","12":"shipping-taxable","13":"purchasable","14":"product-type-simple"},"acf":[],"_links":{"self":[{"href":"https:\/\/madeinchina.cn.com\/tr\/wp-json\/wp\/v2\/product\/28723","targetHints":{"allow":["GET"]}}],"collection":[{"href":"https:\/\/madeinchina.cn.com\/tr\/wp-json\/wp\/v2\/product"}],"about":[{"href":"https:\/\/madeinchina.cn.com\/tr\/wp-json\/wp\/v2\/types\/product"}],"replies":[{"embeddable":true,"href":"https:\/\/madeinchina.cn.com\/tr\/wp-json\/wp\/v2\/comments?post=28723"}],"version-history":[{"count":0,"href":"https:\/\/madeinchina.cn.com\/tr\/wp-json\/wp\/v2\/product\/28723\/revisions"}],"wp:featuredmedia":[{"embeddable":true,"href":"https:\/\/madeinchina.cn.com\/tr\/wp-json\/wp\/v2\/media\/28566"}],"wp:attachment":[{"href":"https:\/\/madeinchina.cn.com\/tr\/wp-json\/wp\/v2\/media?parent=28723"}],"wp:term":[{"taxonomy":"product_brand","embeddable":true,"href":"https:\/\/madeinchina.cn.com\/tr\/wp-json\/wp\/v2\/product_brand?post=28723"},{"taxonomy":"product_cat","embeddable":true,"href":"https:\/\/madeinchina.cn.com\/tr\/wp-json\/wp\/v2\/product_cat?post=28723"},{"taxonomy":"product_tag","embeddable":true,"href":"https:\/\/madeinchina.cn.com\/tr\/wp-json\/wp\/v2\/product_tag?post=28723"}],"curies":[{"name":"wp","href":"https:\/\/api.w.org\/{rel}","templated":true}]}}