{"id":28722,"date":"2025-01-13T14:58:47","date_gmt":"2025-01-13T14:58:47","guid":{"rendered":"https:\/\/madeinchina.cn.com\/product\/cam-sanat-esyalari\/"},"modified":"2025-01-13T14:58:47","modified_gmt":"2025-01-13T14:58:47","slug":"cam-sanat-esyalari","status":"publish","type":"product","link":"https:\/\/madeinchina.cn.com\/tr\/product\/cam-sanat-esyalari\/","title":{"rendered":"Cam Sanat E\u015fyalar\u0131"},"content":{"rendered":"<p>376 \u00c7inli \u00fcretici. \u00c7in cam sanat eserlerinin \u0131\u015f\u0131lt\u0131l\u0131 g\u00fczelli\u011fi ile mekanlar\u0131n\u0131z\u0131 d\u00f6n\u00fc\u015ft\u00fcr\u00fcn. Se\u00e7ilmi\u015f listemiz sizi, her biri cam \u00fcfleme ve cam yontma geleneklerinin sanat ve i\u015f\u00e7ili\u011finin bir kan\u0131t\u0131 olan \u00e7arp\u0131c\u0131 heykeller, vazolar ve dekoratif objeler yaratan yetenekli zanaatkarlarla bulu\u015fturuyor. I\u015f\u0131\u011f\u0131 yakalayan ve merak uyand\u0131ran zarif par\u00e7alarla dekorunuzu y\u00fckseltin. \u00c7in cam sanat eserleri \u00fcreticilerinden olu\u015fan kapsaml\u0131 listemizle bir dizi stil ve tekni\u011fi ke\u015ffedin. Narin \u00fcfleme cam heykelciklerden cesur \u00e7a\u011fda\u015f heykellere ve sanatsal yeteneklere sahip i\u015flevsel cam e\u015fyalara kadar \u00e7ok \u00e7e\u015fitli kreasyonlarda uzmanla\u015fm\u0131\u015f tedarik\u00e7ilere eri\u015fim sunuyoruz. Her t\u00fcrl\u00fc esteti\u011fi tamamlayacak ve koleksiyonunuzu zenginle\u015ftirecek m\u00fckemmel par\u00e7alar\u0131 bulun.<\/p>\n<p>   Se\u00e7eneklerinizi bug\u00fcn ke\u015ffedin.<\/p>\n<p>Enfes cam sanat eserlerini do\u011frudan yetenekli \u00c7inli zanaatk\u00e2rlardan temin edin. Listemiz, \u00e7ok \u00e7e\u015fitli \u00e7arp\u0131c\u0131 par\u00e7alarda rekabet\u00e7i fiyatland\u0131rma ve esnek MOQ&#8217;lar sunan \u00fcreticilere eri\u015fim sa\u011flar. \u00dcr\u00fcn tekliflerinizi geli\u015ftirin ve cam sanat\u0131n\u0131n g\u00fczelli\u011fi ile m\u00fc\u015fterilerinizi memnun edin.  <\/p>\n","protected":false},"excerpt":{"rendered":"<p>376 \u00c7inli \u00fcretici. \u00c7in cam sanat eserlerinin \u0131\u015f\u0131lt\u0131l\u0131 g\u00fczelli\u011fi ile mekanlar\u0131n\u0131z\u0131 d\u00f6n\u00fc\u015ft\u00fcr\u00fcn. Se\u00e7ilmi\u015f listemiz sizi, her biri cam \u00fcfleme ve cam yontma geleneklerinin sanat ve i\u015f\u00e7ili\u011finin bir kan\u0131t\u0131 olan \u00e7arp\u0131c\u0131 heykeller, vazolar ve dekoratif objeler yaratan yetenekli zanaatkarlarla bulu\u015fturuyor. I\u015f\u0131\u011f\u0131 yakalayan ve merak uyand\u0131ran zarif par\u00e7alarla dekorunuzu y\u00fckseltin.<\/p>\n","protected":false},"featured_media":28564,"comment_status":"open","ping_status":"closed","template":"","meta":{"_acf_changed":false},"product_brand":[],"product_cat":[183],"product_tag":[],"class_list":{"0":"post-28722","1":"product","2":"type-product","3":"status-publish","4":"has-post-thumbnail","6":"product_cat-seramik-ve-sanat-cami-urunleri","8":"first","9":"instock","10":"sale","11":"shipping-taxable","12":"purchasable","13":"product-type-simple"},"acf":[],"_links":{"self":[{"href":"https:\/\/madeinchina.cn.com\/tr\/wp-json\/wp\/v2\/product\/28722","targetHints":{"allow":["GET"]}}],"collection":[{"href":"https:\/\/madeinchina.cn.com\/tr\/wp-json\/wp\/v2\/product"}],"about":[{"href":"https:\/\/madeinchina.cn.com\/tr\/wp-json\/wp\/v2\/types\/product"}],"replies":[{"embeddable":true,"href":"https:\/\/madeinchina.cn.com\/tr\/wp-json\/wp\/v2\/comments?post=28722"}],"version-history":[{"count":0,"href":"https:\/\/madeinchina.cn.com\/tr\/wp-json\/wp\/v2\/product\/28722\/revisions"}],"wp:featuredmedia":[{"embeddable":true,"href":"https:\/\/madeinchina.cn.com\/tr\/wp-json\/wp\/v2\/media\/28564"}],"wp:attachment":[{"href":"https:\/\/madeinchina.cn.com\/tr\/wp-json\/wp\/v2\/media?parent=28722"}],"wp:term":[{"taxonomy":"product_brand","embeddable":true,"href":"https:\/\/madeinchina.cn.com\/tr\/wp-json\/wp\/v2\/product_brand?post=28722"},{"taxonomy":"product_cat","embeddable":true,"href":"https:\/\/madeinchina.cn.com\/tr\/wp-json\/wp\/v2\/product_cat?post=28722"},{"taxonomy":"product_tag","embeddable":true,"href":"https:\/\/madeinchina.cn.com\/tr\/wp-json\/wp\/v2\/product_tag?post=28722"}],"curies":[{"name":"wp","href":"https:\/\/api.w.org\/{rel}","templated":true}]}}