{"id":28721,"date":"2025-01-13T14:54:34","date_gmt":"2025-01-13T14:54:34","guid":{"rendered":"https:\/\/madeinchina.cn.com\/product\/sanat-seramikleri\/"},"modified":"2025-01-13T14:54:34","modified_gmt":"2025-01-13T14:54:34","slug":"sanat-seramikleri","status":"publish","type":"product","link":"https:\/\/madeinchina.cn.com\/tr\/product\/sanat-seramikleri\/","title":{"rendered":"Sanat Seramikleri"},"content":{"rendered":"<p>200 \u00c7inli \u00fcretici. Se\u00e7kin sanat seramikleri konusunda uzmanla\u015fm\u0131\u015f \u00c7inli \u00fcreticilerden olu\u015fan listemizle sanat koleksiyonunuzu veya ev dekorunuzu geli\u015ftirin. Sizi, her biri \u00c7in seramik sanat\u0131n\u0131n zengin miras\u0131n\u0131n ve yenilik\u00e7i ruhunun bir kan\u0131t\u0131 olan \u00e7arp\u0131c\u0131 heykeller, vazolar ve dekoratif par\u00e7alar yaratan yetenekli zanaatk\u00e2rlarla bulu\u015fturuyoruz. Mekan\u0131n\u0131z\u0131 zenginle\u015ftirecek benzersiz ve ilham verici par\u00e7alar\u0131 ke\u015ffedin. Kapsaml\u0131 \u00fcretici listemizle \u00c7in sanat serami\u011finin \u00e7e\u015fitli d\u00fcnyas\u0131n\u0131 ke\u015ffedin. Narin porselen fig\u00fcrinlerden cesur \u00e7a\u011fda\u015f heykellere kadar \u00e7e\u015fitli stil, teknik ve geleneklerde uzmanla\u015fm\u0131\u015f tedarik\u00e7ilere eri\u015fim sa\u011fl\u0131yoruz. Her t\u00fcrl\u00fc esteti\u011fi tamamlayacak ve koleksiyonunuzu y\u00fckseltecek m\u00fckemmel par\u00e7alar\u0131 bulun.<\/p>\n<p>   Se\u00e7eneklerinizi bug\u00fcn ke\u015ffedin.<\/p>\n<p>\u00c7inli \u00fcreticilerden olu\u015fan \u00f6zel listemizle yat\u0131r\u0131ma de\u011fer sanat seramiklerini ke\u015ffedin. Sizi kal\u0131c\u0131 de\u011fere ve sanatsal \u00f6neme sahip m\u00fcze kalitesinde par\u00e7alar yaratan zanaatk\u00e2rlarla bulu\u015fturuyoruz. Zaman i\u00e7inde de\u011fer kazanacak ve koleksiyonunuzu zenginle\u015ftirecek se\u00e7kin seramikler edinin.  <\/p>\n","protected":false},"excerpt":{"rendered":"<p>200 \u00c7inli \u00fcretici. Se\u00e7kin sanat seramikleri konusunda uzmanla\u015fm\u0131\u015f \u00c7inli \u00fcreticilerden olu\u015fan listemizle sanat koleksiyonunuzu veya ev dekorunuzu geli\u015ftirin. Sizi, her biri \u00c7in seramik sanat\u0131n\u0131n zengin miras\u0131n\u0131n ve yenilik\u00e7i ruhunun bir kan\u0131t\u0131 olan \u00e7arp\u0131c\u0131 heykeller, vazolar ve dekoratif par\u00e7alar yaratan yetenekli zanaatk\u00e2rlarla bulu\u015fturuyoruz. Mekan\u0131n\u0131z\u0131 zenginle\u015ftirecek benzersiz ve ilham verici par\u00e7alar\u0131 ke\u015ffedin.<\/p>\n","protected":false},"featured_media":28563,"comment_status":"open","ping_status":"closed","template":"","meta":{"_acf_changed":false},"product_brand":[],"product_cat":[183],"product_tag":[],"class_list":{"0":"post-28721","1":"product","2":"type-product","3":"status-publish","4":"has-post-thumbnail","6":"product_cat-seramik-ve-sanat-cami-urunleri","8":"first","9":"instock","10":"sale","11":"shipping-taxable","12":"purchasable","13":"product-type-simple"},"acf":[],"_links":{"self":[{"href":"https:\/\/madeinchina.cn.com\/tr\/wp-json\/wp\/v2\/product\/28721","targetHints":{"allow":["GET"]}}],"collection":[{"href":"https:\/\/madeinchina.cn.com\/tr\/wp-json\/wp\/v2\/product"}],"about":[{"href":"https:\/\/madeinchina.cn.com\/tr\/wp-json\/wp\/v2\/types\/product"}],"replies":[{"embeddable":true,"href":"https:\/\/madeinchina.cn.com\/tr\/wp-json\/wp\/v2\/comments?post=28721"}],"version-history":[{"count":0,"href":"https:\/\/madeinchina.cn.com\/tr\/wp-json\/wp\/v2\/product\/28721\/revisions"}],"wp:featuredmedia":[{"embeddable":true,"href":"https:\/\/madeinchina.cn.com\/tr\/wp-json\/wp\/v2\/media\/28563"}],"wp:attachment":[{"href":"https:\/\/madeinchina.cn.com\/tr\/wp-json\/wp\/v2\/media?parent=28721"}],"wp:term":[{"taxonomy":"product_brand","embeddable":true,"href":"https:\/\/madeinchina.cn.com\/tr\/wp-json\/wp\/v2\/product_brand?post=28721"},{"taxonomy":"product_cat","embeddable":true,"href":"https:\/\/madeinchina.cn.com\/tr\/wp-json\/wp\/v2\/product_cat?post=28721"},{"taxonomy":"product_tag","embeddable":true,"href":"https:\/\/madeinchina.cn.com\/tr\/wp-json\/wp\/v2\/product_tag?post=28721"}],"curies":[{"name":"wp","href":"https:\/\/api.w.org\/{rel}","templated":true}]}}