{"id":28720,"date":"2025-01-13T15:04:12","date_gmt":"2025-01-13T15:04:12","guid":{"rendered":"https:\/\/madeinchina.cn.com\/product\/spor-ve-gunluk-giysiler\/"},"modified":"2025-01-13T15:04:12","modified_gmt":"2025-01-13T15:04:12","slug":"spor-ve-gunluk-giysiler","status":"publish","type":"product","link":"https:\/\/madeinchina.cn.com\/tr\/product\/spor-ve-gunluk-giysiler\/","title":{"rendered":"Spor ve G\u00fcnl\u00fck Giysiler"},"content":{"rendered":"<p>328 \u00c7inli \u00fcretici.<\/p>\n<p>Y\u00fcksek kaliteli spor ve g\u00fcndelik giyim konusunda uzmanla\u015fm\u0131\u015f \u00c7inli \u00fcreticilerden olu\u015fan listemizle m\u00fc\u015fterilerinizi aktif bir ya\u015fam tarz\u0131 i\u00e7in donat\u0131n. Sizi performans, konfor ve stile \u00f6ncelik veren tedarik\u00e7ilerle bulu\u015fturuyor, her aktivite i\u00e7in geni\u015f bir giysi ve ayakkab\u0131 yelpazesi sunuyoruz. En y\u00fcksek performansa ilham veren atletik k\u0131yafetlerle markan\u0131z\u0131 y\u00fckseltin.<\/p>\n<p>Spor ve g\u00fcndelik giyime y\u00f6nelik \u00c7inli \u00fcreticilerden olu\u015fan kapsaml\u0131 listemizle athleisure trendinin bir ad\u0131m \u00f6n\u00fcnde olun. Spor k\u0131yafetleri, yoga k\u0131yafetleri, ko\u015fu malzemeleri ve \u015f\u0131k g\u00fcnl\u00fck ihtiya\u00e7lar dahil olmak \u00fczere \u00e7ok \u00e7e\u015fitli giysiler konusunda uzmanla\u015fm\u0131\u015f tedarik\u00e7ilere eri\u015fim sunuyoruz. Modaya uygun tasar\u0131mlar ve rahat kuma\u015flarla farkl\u0131 ihtiya\u00e7lara ve tercihlere hitap edin. Se\u00e7eneklerinizi bug\u00fcn ke\u015ffedin.<\/p>\n<p>G\u00fcvenilir \u00c7inli spor ve g\u00fcndelik giyim \u00fcreticileri listemizle k\u00e2r marjlar\u0131n\u0131z\u0131 en \u00fcst d\u00fczeye \u00e7\u0131kar\u0131n. Sizi rekabet\u00e7i fiyatlar, esnek MOQ&#8217;lar ve verimli \u00fcretim yetenekleri sunan fabrikalarla bulu\u015fturuyoruz. B\u00fct\u00e7enizi a\u015fmadan y\u00fcksek kaliteli giysiler tedarik edin.<\/p>\n","protected":false},"excerpt":{"rendered":"<p>328 \u00c7inli \u00fcretici.<\/p>\n<p>Y\u00fcksek kaliteli spor ve g\u00fcndelik giyim konusunda uzmanla\u015fm\u0131\u015f \u00c7inli \u00fcreticilerden olu\u015fan listemizle m\u00fc\u015fterilerinizi aktif bir ya\u015fam tarz\u0131 i\u00e7in donat\u0131n. Sizi performans, konfor ve stile \u00f6ncelik veren tedarik\u00e7ilerle bulu\u015fturuyor, her aktivite i\u00e7in geni\u015f bir giysi ve ayakkab\u0131 yelpazesi sunuyoruz. En y\u00fcksek performansa ilham veren atletik k\u0131yafetlerle markan\u0131z\u0131 y\u00fckseltin.<\/p>\n","protected":false},"featured_media":28565,"comment_status":"open","ping_status":"closed","template":"","meta":{"_acf_changed":false},"product_brand":[],"product_cat":[182,184],"product_tag":[],"class_list":{"0":"post-28720","1":"product","2":"type-product","3":"status-publish","4":"has-post-thumbnail","6":"product_cat-kisisel-bakim-ilaclar-saglik-urunleri-tibbi-cihazlar","7":"product_cat-spor-outdoor-urunleri","9":"first","10":"instock","11":"sale","12":"shipping-taxable","13":"purchasable","14":"product-type-simple"},"acf":[],"_links":{"self":[{"href":"https:\/\/madeinchina.cn.com\/tr\/wp-json\/wp\/v2\/product\/28720","targetHints":{"allow":["GET"]}}],"collection":[{"href":"https:\/\/madeinchina.cn.com\/tr\/wp-json\/wp\/v2\/product"}],"about":[{"href":"https:\/\/madeinchina.cn.com\/tr\/wp-json\/wp\/v2\/types\/product"}],"replies":[{"embeddable":true,"href":"https:\/\/madeinchina.cn.com\/tr\/wp-json\/wp\/v2\/comments?post=28720"}],"version-history":[{"count":0,"href":"https:\/\/madeinchina.cn.com\/tr\/wp-json\/wp\/v2\/product\/28720\/revisions"}],"wp:featuredmedia":[{"embeddable":true,"href":"https:\/\/madeinchina.cn.com\/tr\/wp-json\/wp\/v2\/media\/28565"}],"wp:attachment":[{"href":"https:\/\/madeinchina.cn.com\/tr\/wp-json\/wp\/v2\/media?parent=28720"}],"wp:term":[{"taxonomy":"product_brand","embeddable":true,"href":"https:\/\/madeinchina.cn.com\/tr\/wp-json\/wp\/v2\/product_brand?post=28720"},{"taxonomy":"product_cat","embeddable":true,"href":"https:\/\/madeinchina.cn.com\/tr\/wp-json\/wp\/v2\/product_cat?post=28720"},{"taxonomy":"product_tag","embeddable":true,"href":"https:\/\/madeinchina.cn.com\/tr\/wp-json\/wp\/v2\/product_tag?post=28720"}],"curies":[{"name":"wp","href":"https:\/\/api.w.org\/{rel}","templated":true}]}}