{"id":28719,"date":"2025-01-13T14:47:05","date_gmt":"2025-01-13T14:47:05","guid":{"rendered":"https:\/\/madeinchina.cn.com\/product\/kisisel-bakim-urunleri\/"},"modified":"2025-01-13T14:47:05","modified_gmt":"2025-01-13T14:47:05","slug":"kisisel-bakim-urunleri","status":"publish","type":"product","link":"https:\/\/madeinchina.cn.com\/tr\/product\/kisisel-bakim-urunleri\/","title":{"rendered":"Ki\u015fisel Bak\u0131m \u00dcr\u00fcnleri"},"content":{"rendered":"<p>384 \u00c7inli \u00fcretici. \u00d6nde gelen \u00c7inli \u00fcreticilerden olu\u015fan listemizle ki\u015fisel bak\u0131m \u00fcr\u00fcnlerinizi geli\u015ftirin.<\/p>\n<p> Sizi kaliteli i\u00e7eriklere, yenilik\u00e7i form\u00fclasyonlara ve trend \u00fcr\u00fcnlere \u00f6ncelik veren tedarik\u00e7ilerle bulu\u015fturuyoruz. Cilt bak\u0131m\u0131 temelleri ve sa\u00e7 bak\u0131m\u0131 \u00e7\u00f6z\u00fcmlerinden kozmetik ve kokulara kadar her \u015feyi tedarik edin. Markan\u0131z\u0131 geli\u015ftirin ve m\u00fc\u015fterilerinizi memnun edin.<\/p>\n<p>\u00c7inli \u00fcreticilerden olu\u015fan kapsaml\u0131 listemizle ki\u015fisel bak\u0131m olanaklar\u0131 d\u00fcnyas\u0131n\u0131 ke\u015ffedin. Cilt bak\u0131m\u0131, sa\u00e7 bak\u0131m\u0131, a\u011f\u0131z bak\u0131m\u0131, banyo ve v\u00fccut \u00fcr\u00fcnleri ve daha fazlas\u0131 dahil olmak \u00fczere \u00e7ok \u00e7e\u015fitli \u00fcr\u00fcnlerde uzmanla\u015fm\u0131\u015f tedarik\u00e7ilere eri\u015fim sunuyoruz.  Farkl\u0131 ihtiya\u00e7 ve tercihleri kar\u015f\u0131lamak i\u00e7in benzersiz ve ki\u015fiselle\u015ftirilmi\u015f koleksiyonlar olu\u015fturun. Se\u00e7eneklerinizi bug\u00fcn ke\u015ffedin.<\/p>\n<p>G\u00fcvenilir \u00c7inli \u00fcreticiler listemizle ki\u015fisel bak\u0131m \u00fcr\u00fcn\u00fc tedarikinizi kolayla\u015ft\u0131r\u0131n. Sizi rekabet\u00e7i fiyatlar, esnek MOQ&#8217;lar ve verimli \u00fcretim yetenekleri sunan fabrikalarla bulu\u015fturuyoruz. K\u00e2r marjlar\u0131n\u0131z\u0131 en \u00fcst d\u00fczeye \u00e7\u0131kar\u0131n ve \u00fcr\u00fcn yelpazenizi kolayl\u0131kla geni\u015fletin.<\/p>\n","protected":false},"excerpt":{"rendered":"<p>384 \u00c7inli \u00fcretici. \u00d6nde gelen \u00c7inli \u00fcreticilerden olu\u015fan listemizle ki\u015fisel bak\u0131m \u00fcr\u00fcnlerinizi geli\u015ftirin.<\/p>\n<p> Sizi kaliteli i\u00e7eriklere, yenilik\u00e7i form\u00fclasyonlara ve trend \u00fcr\u00fcnlere \u00f6ncelik veren tedarik\u00e7ilerle bulu\u015fturuyoruz. Cilt bak\u0131m\u0131 temelleri ve sa\u00e7 bak\u0131m\u0131 \u00e7\u00f6z\u00fcmlerinden kozmetik ve kokulara kadar her \u015feyi tedarik edin. Markan\u0131z\u0131 geli\u015ftirin ve m\u00fc\u015fterilerinizi memnun edin.<\/p>\n","protected":false},"featured_media":28561,"comment_status":"open","ping_status":"closed","template":"","meta":{"_acf_changed":false},"product_brand":[],"product_cat":[182],"product_tag":[],"class_list":{"0":"post-28719","1":"product","2":"type-product","3":"status-publish","4":"has-post-thumbnail","6":"product_cat-kisisel-bakim-ilaclar-saglik-urunleri-tibbi-cihazlar","8":"first","9":"instock","10":"sale","11":"shipping-taxable","12":"purchasable","13":"product-type-simple"},"acf":[],"_links":{"self":[{"href":"https:\/\/madeinchina.cn.com\/tr\/wp-json\/wp\/v2\/product\/28719","targetHints":{"allow":["GET"]}}],"collection":[{"href":"https:\/\/madeinchina.cn.com\/tr\/wp-json\/wp\/v2\/product"}],"about":[{"href":"https:\/\/madeinchina.cn.com\/tr\/wp-json\/wp\/v2\/types\/product"}],"replies":[{"embeddable":true,"href":"https:\/\/madeinchina.cn.com\/tr\/wp-json\/wp\/v2\/comments?post=28719"}],"version-history":[{"count":0,"href":"https:\/\/madeinchina.cn.com\/tr\/wp-json\/wp\/v2\/product\/28719\/revisions"}],"wp:featuredmedia":[{"embeddable":true,"href":"https:\/\/madeinchina.cn.com\/tr\/wp-json\/wp\/v2\/media\/28561"}],"wp:attachment":[{"href":"https:\/\/madeinchina.cn.com\/tr\/wp-json\/wp\/v2\/media?parent=28719"}],"wp:term":[{"taxonomy":"product_brand","embeddable":true,"href":"https:\/\/madeinchina.cn.com\/tr\/wp-json\/wp\/v2\/product_brand?post=28719"},{"taxonomy":"product_cat","embeddable":true,"href":"https:\/\/madeinchina.cn.com\/tr\/wp-json\/wp\/v2\/product_cat?post=28719"},{"taxonomy":"product_tag","embeddable":true,"href":"https:\/\/madeinchina.cn.com\/tr\/wp-json\/wp\/v2\/product_tag?post=28719"}],"curies":[{"name":"wp","href":"https:\/\/api.w.org\/{rel}","templated":true}]}}