{"id":28718,"date":"2025-01-13T14:51:20","date_gmt":"2025-01-13T14:51:20","guid":{"rendered":"https:\/\/madeinchina.cn.com\/product\/genel-seramikler\/"},"modified":"2025-01-13T14:51:20","modified_gmt":"2025-01-13T14:51:20","slug":"genel-seramikler","status":"publish","type":"product","link":"https:\/\/madeinchina.cn.com\/tr\/product\/genel-seramikler\/","title":{"rendered":"Genel Seramikler"},"content":{"rendered":"<p>552 \u00c7inli \u00fcretici. Enfes ki\u015fisel genel seramikler konusunda uzmanla\u015fm\u0131\u015f \u00c7inli \u00fcreticilerden olu\u015fan se\u00e7kin listemizle g\u00fcnl\u00fck ya\u015fam\u0131n\u0131z\u0131 g\u00fczelle\u015ftirin. Sizi, geleneksel teknikleri modern tasar\u0131mla harmanlayarak \u00e7arp\u0131c\u0131 sofra tak\u0131mlar\u0131, dekoratif par\u00e7alar ve benzersiz hediyeler yaratan yetenekli zanaatkarlarla bulu\u015fturuyoruz. \u00c7in serami\u011finin g\u00fczelli\u011fini ve sanat\u0131n\u0131 ke\u015ffedin. Ki\u015fisel genel seramikler i\u00e7in kapsaml\u0131 \u00c7inli \u00fcreticiler listemizle \u00fcr\u00fcn tekliflerinizi geli\u015ftirin. Yemek tak\u0131mlar\u0131, \u00e7ay setleri, vazolar, saks\u0131lar ve dekoratif aksanlar dahil olmak \u00fczere \u00e7ok \u00e7e\u015fitli \u00fcr\u00fcnlerde uzmanla\u015fm\u0131\u015f tedarik\u00e7ilere eri\u015fim sa\u011fl\u0131yoruz. Her tarz\u0131 ve durumu tamamlayacak m\u00fckemmel par\u00e7alar\u0131 bulun.<\/p>\n<p>   Se\u00e7eneklerinizi bug\u00fcn ke\u015ffedin.<\/p>\n<p>Y\u00fcksek kaliteli seramikleri kolayl\u0131kla ve uygun fiyatla tedarik edin. Listemiz sizi rekabet\u00e7i fiyatland\u0131rma, esnek MOQ&#8217;lar ve verimli lojistik \u00e7\u00f6z\u00fcmleri sunan g\u00fcvenilir \u00c7inli \u00fcreticilerle bulu\u015fturuyor. \u0130\u015finiz i\u00e7in seramik olanaklar\u0131n\u0131n d\u00fcnyas\u0131n\u0131 ke\u015ffedin.  <\/p>\n","protected":false},"excerpt":{"rendered":"<p>552 \u00c7inli \u00fcretici. Enfes ki\u015fisel genel seramikler konusunda uzmanla\u015fm\u0131\u015f \u00c7inli \u00fcreticilerden olu\u015fan se\u00e7kin listemizle g\u00fcnl\u00fck ya\u015fam\u0131n\u0131z\u0131 g\u00fczelle\u015ftirin. Sizi, geleneksel teknikleri modern tasar\u0131mla harmanlayarak \u00e7arp\u0131c\u0131 sofra tak\u0131mlar\u0131, dekoratif par\u00e7alar ve benzersiz hediyeler yaratan yetenekli zanaatkarlarla bulu\u015fturuyoruz. \u00c7in serami\u011finin g\u00fczelli\u011fini ve sanat\u0131n\u0131 ke\u015ffedin.<\/p>\n","protected":false},"featured_media":28562,"comment_status":"open","ping_status":"closed","template":"","meta":{"_acf_changed":false},"product_brand":[],"product_cat":[183],"product_tag":[],"class_list":{"0":"post-28718","1":"product","2":"type-product","3":"status-publish","4":"has-post-thumbnail","6":"product_cat-seramik-ve-sanat-cami-urunleri","8":"first","9":"instock","10":"sale","11":"shipping-taxable","12":"purchasable","13":"product-type-simple"},"acf":[],"_links":{"self":[{"href":"https:\/\/madeinchina.cn.com\/tr\/wp-json\/wp\/v2\/product\/28718","targetHints":{"allow":["GET"]}}],"collection":[{"href":"https:\/\/madeinchina.cn.com\/tr\/wp-json\/wp\/v2\/product"}],"about":[{"href":"https:\/\/madeinchina.cn.com\/tr\/wp-json\/wp\/v2\/types\/product"}],"replies":[{"embeddable":true,"href":"https:\/\/madeinchina.cn.com\/tr\/wp-json\/wp\/v2\/comments?post=28718"}],"version-history":[{"count":0,"href":"https:\/\/madeinchina.cn.com\/tr\/wp-json\/wp\/v2\/product\/28718\/revisions"}],"wp:featuredmedia":[{"embeddable":true,"href":"https:\/\/madeinchina.cn.com\/tr\/wp-json\/wp\/v2\/media\/28562"}],"wp:attachment":[{"href":"https:\/\/madeinchina.cn.com\/tr\/wp-json\/wp\/v2\/media?parent=28718"}],"wp:term":[{"taxonomy":"product_brand","embeddable":true,"href":"https:\/\/madeinchina.cn.com\/tr\/wp-json\/wp\/v2\/product_brand?post=28718"},{"taxonomy":"product_cat","embeddable":true,"href":"https:\/\/madeinchina.cn.com\/tr\/wp-json\/wp\/v2\/product_cat?post=28718"},{"taxonomy":"product_tag","embeddable":true,"href":"https:\/\/madeinchina.cn.com\/tr\/wp-json\/wp\/v2\/product_tag?post=28718"}],"curies":[{"name":"wp","href":"https:\/\/api.w.org\/{rel}","templated":true}]}}