{"id":28717,"date":"2025-01-13T12:29:09","date_gmt":"2025-01-13T12:29:09","guid":{"rendered":"https:\/\/madeinchina.cn.com\/product\/halilar-ve-goblenler\/"},"modified":"2025-01-13T12:29:09","modified_gmt":"2025-01-13T12:29:09","slug":"halilar-ve-goblenler","status":"publish","type":"product","link":"https:\/\/madeinchina.cn.com\/tr\/product\/halilar-ve-goblenler\/","title":{"rendered":"Hal\u0131lar ve Goblenler"},"content":{"rendered":"<p>128 \u00c7inli \u00fcretici. Do\u011frudan yetenekli \u00c7inli \u00fcreticilerden temin edilen zarif hal\u0131lar ve duvar hal\u0131lar\u0131 ile mekanlar\u0131n\u0131z\u0131 d\u00f6n\u00fc\u015ft\u00fcr\u00fcn. Se\u00e7kin listemiz sizi as\u0131rl\u0131k gelenekleri s\u00fcrd\u00fcren, \u00e7arp\u0131c\u0131 zemin kaplamalar\u0131 ve duvar asmalar\u0131 yaratmak i\u00e7in birinci s\u0131n\u0131f malzemeler ve titiz teknikler kullanan zanaatkarlarla bulu\u015fturuyor. Zamans\u0131z g\u00fczellik ve benzersiz kalite ile i\u00e7 mekanlar\u0131n\u0131z\u0131 y\u00fckseltin. \u00c7in hal\u0131 ve goblen \u00fcreticilerinden olu\u015fan kapsaml\u0131 listemizle doku ve desen d\u00fcnyas\u0131n\u0131 ke\u015ffedin. Geleneksel Do\u011fu hal\u0131lar\u0131ndan modern minimalist tasar\u0131mlara, \u00e7e\u015fitli malzeme ve boyutlarda \u00e7ok \u00e7e\u015fitli stillerde uzmanla\u015fm\u0131\u015f tedarik\u00e7ilere eri\u015fim sunuyoruz. Her t\u00fcrl\u00fc dekoru tamamlayacak m\u00fckemmel par\u00e7alar\u0131 bulun ve tekliflerinizi y\u00fckseltin.<\/p>\n<p>   Se\u00e7eneklerinizi bug\u00fcn ke\u015ffedin.<\/p>\n<p>B\u00fct\u00e7enizi a\u015fmadan d\u00f6\u015feme ve dekor tekliflerinizi geli\u015ftirin. Listemiz, \u00e7ok \u00e7e\u015fitli hal\u0131 ve duvar hal\u0131lar\u0131nda rekabet\u00e7i fiyatlar ve esnek MOQ&#8217;lar sunan g\u00fcvenilir \u00c7inli \u00fcreticilere eri\u015fim sa\u011flar. Kaynak bulma s\u00fcrecinizi kolayla\u015ft\u0131r\u0131n ve k\u00e2r marjlar\u0131n\u0131z\u0131 en \u00fcst d\u00fczeye \u00e7\u0131kar\u0131n.  <\/p>\n","protected":false},"excerpt":{"rendered":"<p>128 \u00c7inli \u00fcretici. Do\u011frudan yetenekli \u00c7inli \u00fcreticilerden temin edilen zarif hal\u0131lar ve duvar hal\u0131lar\u0131 ile mekanlar\u0131n\u0131z\u0131 d\u00f6n\u00fc\u015ft\u00fcr\u00fcn. Se\u00e7kin listemiz sizi as\u0131rl\u0131k gelenekleri s\u00fcrd\u00fcren, \u00e7arp\u0131c\u0131 zemin kaplamalar\u0131 ve duvar asmalar\u0131 yaratmak i\u00e7in birinci s\u0131n\u0131f malzemeler ve titiz teknikler kullanan zanaatkarlarla bulu\u015fturuyor. Zamans\u0131z g\u00fczellik ve benzersiz kalite ile i\u00e7 mekanlar\u0131n\u0131z\u0131 y\u00fckseltin.<\/p>\n","protected":false},"featured_media":28549,"comment_status":"open","ping_status":"closed","template":"","meta":{"_acf_changed":false},"product_brand":[],"product_cat":[179],"product_tag":[],"class_list":{"0":"post-28717","1":"product","2":"type-product","3":"status-publish","4":"has-post-thumbnail","6":"product_cat-ev-urunleri","8":"first","9":"instock","10":"sale","11":"shipping-taxable","12":"purchasable","13":"product-type-simple"},"acf":[],"_links":{"self":[{"href":"https:\/\/madeinchina.cn.com\/tr\/wp-json\/wp\/v2\/product\/28717","targetHints":{"allow":["GET"]}}],"collection":[{"href":"https:\/\/madeinchina.cn.com\/tr\/wp-json\/wp\/v2\/product"}],"about":[{"href":"https:\/\/madeinchina.cn.com\/tr\/wp-json\/wp\/v2\/types\/product"}],"replies":[{"embeddable":true,"href":"https:\/\/madeinchina.cn.com\/tr\/wp-json\/wp\/v2\/comments?post=28717"}],"version-history":[{"count":0,"href":"https:\/\/madeinchina.cn.com\/tr\/wp-json\/wp\/v2\/product\/28717\/revisions"}],"wp:featuredmedia":[{"embeddable":true,"href":"https:\/\/madeinchina.cn.com\/tr\/wp-json\/wp\/v2\/media\/28549"}],"wp:attachment":[{"href":"https:\/\/madeinchina.cn.com\/tr\/wp-json\/wp\/v2\/media?parent=28717"}],"wp:term":[{"taxonomy":"product_brand","embeddable":true,"href":"https:\/\/madeinchina.cn.com\/tr\/wp-json\/wp\/v2\/product_brand?post=28717"},{"taxonomy":"product_cat","embeddable":true,"href":"https:\/\/madeinchina.cn.com\/tr\/wp-json\/wp\/v2\/product_cat?post=28717"},{"taxonomy":"product_tag","embeddable":true,"href":"https:\/\/madeinchina.cn.com\/tr\/wp-json\/wp\/v2\/product_tag?post=28717"}],"curies":[{"name":"wp","href":"https:\/\/api.w.org\/{rel}","templated":true}]}}