{"id":28716,"date":"2025-01-13T14:43:03","date_gmt":"2025-01-13T14:43:03","guid":{"rendered":"https:\/\/madeinchina.cn.com\/product\/ilaclar-saglik-urunleri-ve-tibbi-cihazlar\/"},"modified":"2025-01-13T14:43:03","modified_gmt":"2025-01-13T14:43:03","slug":"ilaclar-saglik-urunleri-ve-tibbi-cihazlar","status":"publish","type":"product","link":"https:\/\/madeinchina.cn.com\/tr\/product\/ilaclar-saglik-urunleri-ve-tibbi-cihazlar\/","title":{"rendered":"\u0130la\u00e7lar, Sa\u011fl\u0131k \u00dcr\u00fcnleri ve T\u0131bbi Cihazlar"},"content":{"rendered":"<p>528 \u00c7inli \u00fcretici. \u0130la\u00e7lar, sa\u011fl\u0131k \u00fcr\u00fcnleri ve t\u0131bbi cihazlar konusunda uzmanla\u015fm\u0131\u015f \u00c7inli \u00fcreticilerden olu\u015fan se\u00e7ilmi\u015f listemizle ya\u015famlar\u0131 iyile\u015ftirin ve refah\u0131 art\u0131r\u0131n. Sizi sa\u011fl\u0131k sekt\u00f6r\u00fcnde kalite, g\u00fcvenlik ve yenili\u011fe \u00f6ncelik veren g\u00fcvenilir tedarik\u00e7ilerle bulu\u015fturuyoruz. \u0130la\u00e7lar ve takviyelerden te\u015fhis ekipmanlar\u0131 ve t\u0131bbi malzemelere kadar geni\u015f bir \u00fcr\u00fcn yelpazesini tedarik edin. Kapsaml\u0131 \u00c7inli \u00fcreticiler listemizle sa\u011fl\u0131k \u00fcr\u00fcnleri tedarikinizi kolayla\u015ft\u0131r\u0131n. \u00c7ok \u00e7e\u015fitli ila\u00e7lar, sa\u011fl\u0131k \u00fcr\u00fcnleri ve t\u0131bbi cihazlar i\u00e7in rekabet\u00e7i fiyatlara, esnek MOQ&#8217;lara ve verimli lojistik \u00e7\u00f6z\u00fcmlerine eri\u015fim sa\u011fl\u0131yoruz. Maliyetleri azalt\u0131n ve \u00fcr\u00fcn tekliflerinizi kolayl\u0131kla geni\u015fletin.<\/p>\n<p>   Se\u00e7eneklerinizi bug\u00fcn ke\u015ffedin.<\/p>\n<p>\u0130la\u00e7lar, sa\u011fl\u0131k \u00fcr\u00fcnleri ve t\u0131bbi cihazlar i\u00e7in kat\u0131 kalite ve d\u00fczenleyici standartlara ba\u011fl\u0131 kalan sertifikal\u0131 \u00c7inli \u00fcreticiler listemizden g\u00fcvenle kaynak sa\u011flay\u0131n. Uluslararas\u0131 gereklilikleri kar\u015f\u0131layan ve hasta g\u00fcvenli\u011fine \u00f6ncelik veren tedarik\u00e7ilere \u00f6ncelik veriyoruz. Sa\u011fl\u0131k \u00fcr\u00fcnlerinizin kalitesini ve uygunlu\u011funu sa\u011flay\u0131n.  <\/p>\n","protected":false},"excerpt":{"rendered":"<p>528 \u00c7inli \u00fcretici. \u0130la\u00e7lar, sa\u011fl\u0131k \u00fcr\u00fcnleri ve t\u0131bbi cihazlar konusunda uzmanla\u015fm\u0131\u015f \u00c7inli \u00fcreticilerden olu\u015fan listemizle ya\u015famlar\u0131 iyile\u015ftirin ve refah\u0131 art\u0131r\u0131n. Sizi sa\u011fl\u0131k sekt\u00f6r\u00fcnde kalite, g\u00fcvenlik ve yenili\u011fe \u00f6ncelik veren g\u00fcvenilir tedarik\u00e7ilerle bulu\u015fturuyoruz. \u0130la\u00e7lar ve takviyelerden te\u015fhis ekipmanlar\u0131 ve t\u0131bbi malzemelere kadar geni\u015f bir \u00fcr\u00fcn yelpazesine ula\u015f\u0131n.<\/p>\n","protected":false},"featured_media":28560,"comment_status":"open","ping_status":"closed","template":"","meta":{"_acf_changed":false},"product_brand":[],"product_cat":[182],"product_tag":[],"class_list":{"0":"post-28716","1":"product","2":"type-product","3":"status-publish","4":"has-post-thumbnail","6":"product_cat-kisisel-bakim-ilaclar-saglik-urunleri-tibbi-cihazlar","8":"first","9":"instock","10":"sale","11":"shipping-taxable","12":"purchasable","13":"product-type-simple"},"acf":[],"_links":{"self":[{"href":"https:\/\/madeinchina.cn.com\/tr\/wp-json\/wp\/v2\/product\/28716","targetHints":{"allow":["GET"]}}],"collection":[{"href":"https:\/\/madeinchina.cn.com\/tr\/wp-json\/wp\/v2\/product"}],"about":[{"href":"https:\/\/madeinchina.cn.com\/tr\/wp-json\/wp\/v2\/types\/product"}],"replies":[{"embeddable":true,"href":"https:\/\/madeinchina.cn.com\/tr\/wp-json\/wp\/v2\/comments?post=28716"}],"version-history":[{"count":0,"href":"https:\/\/madeinchina.cn.com\/tr\/wp-json\/wp\/v2\/product\/28716\/revisions"}],"wp:featuredmedia":[{"embeddable":true,"href":"https:\/\/madeinchina.cn.com\/tr\/wp-json\/wp\/v2\/media\/28560"}],"wp:attachment":[{"href":"https:\/\/madeinchina.cn.com\/tr\/wp-json\/wp\/v2\/media?parent=28716"}],"wp:term":[{"taxonomy":"product_brand","embeddable":true,"href":"https:\/\/madeinchina.cn.com\/tr\/wp-json\/wp\/v2\/product_brand?post=28716"},{"taxonomy":"product_cat","embeddable":true,"href":"https:\/\/madeinchina.cn.com\/tr\/wp-json\/wp\/v2\/product_cat?post=28716"},{"taxonomy":"product_tag","embeddable":true,"href":"https:\/\/madeinchina.cn.com\/tr\/wp-json\/wp\/v2\/product_tag?post=28716"}],"curies":[{"name":"wp","href":"https:\/\/api.w.org\/{rel}","templated":true}]}}