{"id":28715,"date":"2025-01-13T14:37:38","date_gmt":"2025-01-13T14:37:38","guid":{"rendered":"https:\/\/madeinchina.cn.com\/product\/isleme-makineleri-ekipmanlari\/"},"modified":"2025-01-13T14:37:38","modified_gmt":"2025-01-13T14:37:38","slug":"isleme-makineleri-ekipmanlari","status":"publish","type":"product","link":"https:\/\/madeinchina.cn.com\/tr\/product\/isleme-makineleri-ekipmanlari\/","title":{"rendered":"\u0130\u015fleme Makineleri Ekipmanlar\u0131"},"content":{"rendered":"<p>530 \u00c7inli \u00fcretici. \u0130\u015fleme makineleri ekipmanlar\u0131 konusunda uzmanla\u015fm\u0131\u015f \u00c7inli \u00fcreticilerden olu\u015fan kapsaml\u0131 listemizle operasyonlar\u0131n\u0131z\u0131 kolayla\u015ft\u0131r\u0131n ve verimlili\u011fi art\u0131r\u0131n. Sizi g\u0131da i\u015fleme, kimyasal i\u015fleme, ila\u00e7 ve daha fazlas\u0131 dahil olmak \u00fczere \u00e7ok \u00e7e\u015fitli sekt\u00f6rler i\u00e7in y\u00fcksek kaliteli makine tedarik\u00e7ileriyle bulu\u015fturuyoruz. \u00dcretim hatt\u0131n\u0131z\u0131 optimize edin ve en y\u00fcksek verimlili\u011fi elde edin. \u00d6nde gelen \u00c7inli \u00fcreticilerin son teknoloji i\u015fleme makineleri ile rekabet avantaj\u0131 elde edin. Se\u00e7ilmi\u015f listemizde modern \u00fcretimin taleplerini kar\u015f\u0131laman\u0131za yard\u0131mc\u0131 olmak i\u00e7in inovasyon, otomasyon ve ileri teknolojilere \u00f6ncelik veren tedarik\u00e7iler yer almaktad\u0131r. Tesislerinizi y\u00fckseltin ve yeni olas\u0131l\u0131klar\u0131n kilidini a\u00e7\u0131n.<\/p>\n<p>   Se\u00e7eneklerinizi bug\u00fcn ke\u015ffedin.<\/p>\n<p>B\u00fct\u00e7enizi a\u015fmadan g\u00fcvenilir i\u015fleme makinelerine yat\u0131r\u0131m yap\u0131n. Listemiz, rekabet\u00e7i fiyatlar, dayan\u0131kl\u0131 ekipmanlar ve \u00f6zel i\u015fleme ihtiya\u00e7lar\u0131n\u0131z\u0131 kar\u015f\u0131lamak i\u00e7in \u00f6zelle\u015ftirilmi\u015f \u00e7\u00f6z\u00fcmler sunan g\u00fcvenilir \u00c7inli \u00fcreticilere eri\u015fim sa\u011flar. Yat\u0131r\u0131m getirinizi en \u00fcst d\u00fczeye \u00e7\u0131kar\u0131n ve uzun vadeli operasyonel verimlilik sa\u011flay\u0131n.  <\/p>\n","protected":false},"excerpt":{"rendered":"<p>530 \u00c7inli \u00fcretici. \u0130\u015fleme makineleri ekipmanlar\u0131 konusunda uzmanla\u015fm\u0131\u015f \u00c7inli \u00fcreticilerden olu\u015fan kapsaml\u0131 listemizle operasyonlar\u0131n\u0131z\u0131 kolayla\u015ft\u0131r\u0131n ve verimlili\u011fi art\u0131r\u0131n. Sizi g\u0131da i\u015fleme, kimyasal i\u015fleme, ila\u00e7 ve daha fazlas\u0131 dahil olmak \u00fczere \u00e7ok \u00e7e\u015fitli sekt\u00f6rler i\u00e7in y\u00fcksek kaliteli makine tedarik\u00e7ileriyle bulu\u015fturuyoruz. \u00dcretim hatt\u0131n\u0131z\u0131 optimize edin ve en y\u00fcksek verimlili\u011fi elde edin.<\/p>\n","protected":false},"featured_media":28559,"comment_status":"open","ping_status":"closed","template":"","meta":{"_acf_changed":false},"product_brand":[],"product_cat":[181],"product_tag":[],"class_list":{"0":"post-28715","1":"product","2":"type-product","3":"status-publish","4":"has-post-thumbnail","6":"product_cat-makine-alet-ve-donanim-ureticileri","8":"first","9":"instock","10":"sale","11":"shipping-taxable","12":"purchasable","13":"product-type-simple"},"acf":[],"_links":{"self":[{"href":"https:\/\/madeinchina.cn.com\/tr\/wp-json\/wp\/v2\/product\/28715","targetHints":{"allow":["GET"]}}],"collection":[{"href":"https:\/\/madeinchina.cn.com\/tr\/wp-json\/wp\/v2\/product"}],"about":[{"href":"https:\/\/madeinchina.cn.com\/tr\/wp-json\/wp\/v2\/types\/product"}],"replies":[{"embeddable":true,"href":"https:\/\/madeinchina.cn.com\/tr\/wp-json\/wp\/v2\/comments?post=28715"}],"version-history":[{"count":0,"href":"https:\/\/madeinchina.cn.com\/tr\/wp-json\/wp\/v2\/product\/28715\/revisions"}],"wp:featuredmedia":[{"embeddable":true,"href":"https:\/\/madeinchina.cn.com\/tr\/wp-json\/wp\/v2\/media\/28559"}],"wp:attachment":[{"href":"https:\/\/madeinchina.cn.com\/tr\/wp-json\/wp\/v2\/media?parent=28715"}],"wp:term":[{"taxonomy":"product_brand","embeddable":true,"href":"https:\/\/madeinchina.cn.com\/tr\/wp-json\/wp\/v2\/product_brand?post=28715"},{"taxonomy":"product_cat","embeddable":true,"href":"https:\/\/madeinchina.cn.com\/tr\/wp-json\/wp\/v2\/product_cat?post=28715"},{"taxonomy":"product_tag","embeddable":true,"href":"https:\/\/madeinchina.cn.com\/tr\/wp-json\/wp\/v2\/product_tag?post=28715"}],"curies":[{"name":"wp","href":"https:\/\/api.w.org\/{rel}","templated":true}]}}