{"id":28714,"date":"2025-01-13T14:33:04","date_gmt":"2025-01-13T14:33:04","guid":{"rendered":"https:\/\/madeinchina.cn.com\/product\/guc-makineleri-ve-elektrik-enerjisi\/"},"modified":"2025-01-13T14:33:04","modified_gmt":"2025-01-13T14:33:04","slug":"guc-makineleri-ve-elektrik-enerjisi","status":"publish","type":"product","link":"https:\/\/madeinchina.cn.com\/tr\/product\/guc-makineleri-ve-elektrik-enerjisi\/","title":{"rendered":"G\u00fc\u00e7 Makineleri ve Elektrik Enerjisi"},"content":{"rendered":"<p>310 \u00c7inli \u00fcretici. G\u00fc\u00e7 makineleri ve elektrik g\u00fcc\u00fc \u00e7\u00f6z\u00fcmleri konusunda uzmanla\u015fm\u0131\u015f \u00c7inli \u00fcreticilerden olu\u015fan kapsaml\u0131 listemizle i\u015finize enerji kat\u0131n. End\u00fcstriyel ve ticari ihtiya\u00e7lar\u0131n\u0131z\u0131 kar\u015f\u0131lamak i\u00e7in sizi y\u00fcksek kaliteli jenerat\u00f6rler, transformat\u00f6rler, motorlar ve di\u011fer temel ekipman tedarik\u00e7ileriyle bulu\u015fturuyoruz. Verimlili\u011fi art\u0131r\u0131n ve g\u00fcvenilir g\u00fc\u00e7 kayna\u011f\u0131 sa\u011flay\u0131n. \u00dccretsiz katalo\u011funuzu bug\u00fcn al\u0131n. G\u00fc\u00e7 teknolojisinin \u00f6n saflar\u0131nda yer alan \u00c7inli \u00fcreticilerden olu\u015fan listemizle bir ad\u0131m \u00f6nde olun. Yenilenebilir enerji, enerji depolama ve ak\u0131ll\u0131 \u015febeke teknolojilerinde yenilik\u00e7i \u00e7\u00f6z\u00fcmler sunan tedarik\u00e7ilere eri\u015fim sa\u011fl\u0131yoruz. S\u00fcrd\u00fcr\u00fclebilir ve verimli enerji makineleriyle gelece\u011finize g\u00fc\u00e7 kat\u0131n.<\/p>\n<p>   Se\u00e7eneklerinizi bug\u00fcn ke\u015ffedin.<\/p>\n<p>G\u00fc\u00e7 makinelerini ve elektrik ekipmanlar\u0131n\u0131 g\u00fcvenle ve uygun maliyetle tedarik edin. Listemiz sizi rekabet\u00e7i fiyatland\u0131rma, esnek MOQ&#8217;lar ve verimli lojistik \u00e7\u00f6z\u00fcmleri sunan g\u00fcvenilir \u00c7inli \u00fcreticilerle bulu\u015fturuyor. B\u00fct\u00e7enizi a\u015fmadan projelerinize g\u00fc\u00e7 verin.  <\/p>\n","protected":false},"excerpt":{"rendered":"<p>310 \u00c7inli \u00fcretici. G\u00fc\u00e7 makineleri ve elektrik g\u00fcc\u00fc \u00e7\u00f6z\u00fcmleri konusunda uzmanla\u015fm\u0131\u015f \u00c7inli \u00fcreticilerden olu\u015fan kapsaml\u0131 listemizle i\u015finize enerji kat\u0131n. End\u00fcstriyel ve ticari ihtiya\u00e7lar\u0131n\u0131z\u0131 kar\u015f\u0131lamak i\u00e7in sizi y\u00fcksek kaliteli jenerat\u00f6rler, transformat\u00f6rler, motorlar ve di\u011fer temel ekipman tedarik\u00e7ileriyle bulu\u015fturuyoruz. Verimlili\u011fi art\u0131r\u0131n ve g\u00fcvenilir g\u00fc\u00e7 kayna\u011f\u0131 sa\u011flay\u0131n. \u00dccretsiz katalo\u011funuzu bug\u00fcn al\u0131n.<\/p>\n","protected":false},"featured_media":28558,"comment_status":"open","ping_status":"closed","template":"","meta":{"_acf_changed":false},"product_brand":[],"product_cat":[181],"product_tag":[],"class_list":{"0":"post-28714","1":"product","2":"type-product","3":"status-publish","4":"has-post-thumbnail","6":"product_cat-makine-alet-ve-donanim-ureticileri","8":"first","9":"instock","10":"sale","11":"shipping-taxable","12":"purchasable","13":"product-type-simple"},"acf":[],"_links":{"self":[{"href":"https:\/\/madeinchina.cn.com\/tr\/wp-json\/wp\/v2\/product\/28714","targetHints":{"allow":["GET"]}}],"collection":[{"href":"https:\/\/madeinchina.cn.com\/tr\/wp-json\/wp\/v2\/product"}],"about":[{"href":"https:\/\/madeinchina.cn.com\/tr\/wp-json\/wp\/v2\/types\/product"}],"replies":[{"embeddable":true,"href":"https:\/\/madeinchina.cn.com\/tr\/wp-json\/wp\/v2\/comments?post=28714"}],"version-history":[{"count":0,"href":"https:\/\/madeinchina.cn.com\/tr\/wp-json\/wp\/v2\/product\/28714\/revisions"}],"wp:featuredmedia":[{"embeddable":true,"href":"https:\/\/madeinchina.cn.com\/tr\/wp-json\/wp\/v2\/media\/28558"}],"wp:attachment":[{"href":"https:\/\/madeinchina.cn.com\/tr\/wp-json\/wp\/v2\/media?parent=28714"}],"wp:term":[{"taxonomy":"product_brand","embeddable":true,"href":"https:\/\/madeinchina.cn.com\/tr\/wp-json\/wp\/v2\/product_brand?post=28714"},{"taxonomy":"product_cat","embeddable":true,"href":"https:\/\/madeinchina.cn.com\/tr\/wp-json\/wp\/v2\/product_cat?post=28714"},{"taxonomy":"product_tag","embeddable":true,"href":"https:\/\/madeinchina.cn.com\/tr\/wp-json\/wp\/v2\/product_tag?post=28714"}],"curies":[{"name":"wp","href":"https:\/\/api.w.org\/{rel}","templated":true}]}}