{"id":28713,"date":"2025-01-13T14:29:02","date_gmt":"2025-01-13T14:29:02","guid":{"rendered":"https:\/\/madeinchina.cn.com\/product\/genel-makine-ve-mekanik-temel-parcalar\/"},"modified":"2025-01-13T14:29:02","modified_gmt":"2025-01-13T14:29:02","slug":"genel-makine-ve-mekanik-temel-parcalar","status":"publish","type":"product","link":"https:\/\/madeinchina.cn.com\/tr\/product\/genel-makine-ve-mekanik-temel-parcalar\/","title":{"rendered":"Genel Makine ve Mekanik Temel Par\u00e7alar"},"content":{"rendered":"<p>880 \u00c7inli \u00fcretici. Genel makine ve mekanik temel par\u00e7alar konusunda uzmanla\u015fm\u0131\u015f \u00c7inli \u00fcreticilerden olu\u015fan kapsaml\u0131 listemizle end\u00fcstriyel operasyonlar\u0131n\u0131za g\u00fc\u00e7 kat\u0131n. Sizi \u00e7ok \u00e7e\u015fitli end\u00fcstriyel uygulamalar i\u00e7in y\u00fcksek kaliteli di\u015fliler, rulmanlar, valfler ve di\u011fer temel bile\u015fenlerin tedarik\u00e7ileriyle bulu\u015fturuyoruz. \u00dcretim s\u00fcre\u00e7lerinizi optimize edin ve sorunsuz operasyonlar sa\u011flay\u0131n. \u00dccretsiz katalo\u011funuzu bug\u00fcn al\u0131n. Temel makine bile\u015fenlerini kolay ve verimli bir \u015fekilde tedarik edin. Se\u00e7ilmi\u015f listemizde, \u00e7ok \u00e7e\u015fitli genel makine ve mekanik temel par\u00e7alarda rekabet\u00e7i fiyatland\u0131rma, esnek MOQ&#8217;lar ve g\u00fcvenilir teslimat sunan \u00c7inli \u00fcreticiler yer almaktad\u0131r. Kaynak maliyetlerinizi azalt\u0131n ve tedarik zincirinizi kolayla\u015ft\u0131r\u0131n. G\u00fcvenilir \u00c7inli \u00fcreticilerden temin edilen y\u00fcksek kaliteli genel makine ve mekanik temel par\u00e7alar\u0131 kullanarak g\u00fcvenle \u00fcretim yap\u0131n. Listemiz, s\u0131k\u0131 kalite kontrol standartlar\u0131na uyan ve \u00e7e\u015fitli end\u00fcstriyel uygulamalar i\u00e7in dayan\u0131kl\u0131, g\u00fcvenilir bile\u015fenler sunan tedarik\u00e7ilere \u00f6ncelik vermektedir. Makinelerinizin uzun \u00f6m\u00fcrl\u00fc ve performansl\u0131 olmas\u0131n\u0131 sa\u011flay\u0131n.<\/p>\n<p>   Se\u00e7eneklerinizi bug\u00fcn ke\u015ffedin.<\/p>\n","protected":false},"excerpt":{"rendered":"<p>880 \u00c7inli \u00fcretici. Genel makine ve mekanik temel par\u00e7alar konusunda uzmanla\u015fm\u0131\u015f \u00c7inli \u00fcreticilerden olu\u015fan kapsaml\u0131 listemizle end\u00fcstriyel operasyonlar\u0131n\u0131za g\u00fc\u00e7 kat\u0131n. Sizi \u00e7ok \u00e7e\u015fitli end\u00fcstriyel uygulamalar i\u00e7in y\u00fcksek kaliteli di\u015fliler, rulmanlar, valfler ve di\u011fer temel bile\u015fenlerin tedarik\u00e7ileriyle bulu\u015fturuyoruz. \u00dcretim s\u00fcre\u00e7lerinizi optimize edin ve sorunsuz operasyonlar sa\u011flay\u0131n. \u00dccretsiz katalo\u011funuzu bug\u00fcn al\u0131n.<\/p>\n","protected":false},"featured_media":28557,"comment_status":"open","ping_status":"closed","template":"","meta":{"_acf_changed":false},"product_brand":[],"product_cat":[181],"product_tag":[],"class_list":{"0":"post-28713","1":"product","2":"type-product","3":"status-publish","4":"has-post-thumbnail","6":"product_cat-makine-alet-ve-donanim-ureticileri","8":"first","9":"instock","10":"sale","11":"shipping-taxable","12":"purchasable","13":"product-type-simple"},"acf":[],"_links":{"self":[{"href":"https:\/\/madeinchina.cn.com\/tr\/wp-json\/wp\/v2\/product\/28713","targetHints":{"allow":["GET"]}}],"collection":[{"href":"https:\/\/madeinchina.cn.com\/tr\/wp-json\/wp\/v2\/product"}],"about":[{"href":"https:\/\/madeinchina.cn.com\/tr\/wp-json\/wp\/v2\/types\/product"}],"replies":[{"embeddable":true,"href":"https:\/\/madeinchina.cn.com\/tr\/wp-json\/wp\/v2\/comments?post=28713"}],"version-history":[{"count":0,"href":"https:\/\/madeinchina.cn.com\/tr\/wp-json\/wp\/v2\/product\/28713\/revisions"}],"wp:featuredmedia":[{"embeddable":true,"href":"https:\/\/madeinchina.cn.com\/tr\/wp-json\/wp\/v2\/media\/28557"}],"wp:attachment":[{"href":"https:\/\/madeinchina.cn.com\/tr\/wp-json\/wp\/v2\/media?parent=28713"}],"wp:term":[{"taxonomy":"product_brand","embeddable":true,"href":"https:\/\/madeinchina.cn.com\/tr\/wp-json\/wp\/v2\/product_brand?post=28713"},{"taxonomy":"product_cat","embeddable":true,"href":"https:\/\/madeinchina.cn.com\/tr\/wp-json\/wp\/v2\/product_cat?post=28713"},{"taxonomy":"product_tag","embeddable":true,"href":"https:\/\/madeinchina.cn.com\/tr\/wp-json\/wp\/v2\/product_tag?post=28713"}],"curies":[{"name":"wp","href":"https:\/\/api.w.org\/{rel}","templated":true}]}}