{"id":28712,"date":"2025-01-13T14:25:27","date_gmt":"2025-01-13T14:25:27","guid":{"rendered":"https:\/\/madeinchina.cn.com\/product\/insaat-makineleri\/"},"modified":"2025-01-13T14:25:27","modified_gmt":"2025-01-13T14:25:27","slug":"insaat-makineleri","status":"publish","type":"product","link":"https:\/\/madeinchina.cn.com\/tr\/product\/insaat-makineleri\/","title":{"rendered":"\u0130n\u015faat Makineleri"},"content":{"rendered":"<p>165 \u00c7inli \u00fcretici. Son teknoloji in\u015faat makinelerinde uzmanla\u015fm\u0131\u015f \u00c7inli \u00fcreticiler listemizle bir ad\u0131m \u00f6nde olun. Projelerinizi optimize etmek ve g\u00fcvenli\u011fi art\u0131rmak i\u00e7in sizi ak\u0131ll\u0131 ekskavat\u00f6rler, otonom ara\u00e7lar ve ak\u0131ll\u0131 in\u015faat teknolojileri gibi geli\u015fmi\u015f \u00e7\u00f6z\u00fcmler sunan tedarik\u00e7ilerle bulu\u015fturuyoruz. \u0130n\u015faat\u0131n gelece\u011fini kucaklay\u0131n.<\/p>\n<p>   Se\u00e7eneklerinizi bug\u00fcn ke\u015ffedin!<\/p>\n<p>B\u00fct\u00e7enizi a\u015fmadan g\u00fcvenilir in\u015faat makinelerine yat\u0131r\u0131m yap\u0131n. Se\u00e7ti\u011fimiz listede, rekabet\u00e7i fiyatlar ve en zorlu ko\u015fullara dayanacak \u015fekilde \u00fcretilmi\u015f dayan\u0131kl\u0131 ekipmanlar sunan \u00c7inli \u00fcreticiler yer al\u0131yor. Operasyonel maliyetlerinizi azalt\u0131n ve yat\u0131r\u0131m getirinizi en \u00fcst d\u00fczeye \u00e7\u0131kar\u0131n. \u00c7inli in\u015faat makineleri \u00fcreticilerinden olu\u015fan kapsaml\u0131 listemizle daha b\u00fcy\u00fck ve daha iyisini in\u015fa edin. Sizi, her t\u00fcrl\u00fc in\u015faat projesinin \u00fcstesinden g\u00fc\u00e7 ve verimlilikle gelmek i\u00e7in tasarlanm\u0131\u015f y\u00fcksek kaliteli ekskavat\u00f6rler, y\u00fckleyiciler, buldozerler, vin\u00e7ler ve daha fazlas\u0131n\u0131n tedarik\u00e7ileriyle bulu\u015fturuyoruz. \u00dcretkenli\u011finizi en \u00fcst d\u00fczeye \u00e7\u0131kar\u0131n ve in\u015faat kabiliyetlerinizi y\u00fckseltin.  <\/p>\n<p>&nbsp;<\/p>\n<p>&nbsp;<\/p>\n","protected":false},"excerpt":{"rendered":"<p>165 \u00c7inli \u00fcretici. Son teknoloji in\u015faat makinelerinde uzmanla\u015fm\u0131\u015f \u00c7inli \u00fcreticiler listemizle bir ad\u0131m \u00f6nde olun. Projelerinizi optimize etmek ve g\u00fcvenli\u011fi art\u0131rmak i\u00e7in sizi ak\u0131ll\u0131 ekskavat\u00f6rler, otonom ara\u00e7lar ve ak\u0131ll\u0131 in\u015faat teknolojileri gibi geli\u015fmi\u015f \u00e7\u00f6z\u00fcmler sunan tedarik\u00e7ilerle bulu\u015fturuyoruz. \u0130n\u015faat\u0131n gelece\u011fini kucaklay\u0131n.<\/p>\n<p>   Se\u00e7eneklerinizi bug\u00fcn ke\u015ffedin!<\/p>\n","protected":false},"featured_media":28556,"comment_status":"open","ping_status":"closed","template":"","meta":{"_acf_changed":false},"product_brand":[],"product_cat":[181],"product_tag":[],"class_list":{"0":"post-28712","1":"product","2":"type-product","3":"status-publish","4":"has-post-thumbnail","6":"product_cat-makine-alet-ve-donanim-ureticileri","8":"first","9":"instock","10":"sale","11":"shipping-taxable","12":"purchasable","13":"product-type-simple"},"acf":[],"_links":{"self":[{"href":"https:\/\/madeinchina.cn.com\/tr\/wp-json\/wp\/v2\/product\/28712","targetHints":{"allow":["GET"]}}],"collection":[{"href":"https:\/\/madeinchina.cn.com\/tr\/wp-json\/wp\/v2\/product"}],"about":[{"href":"https:\/\/madeinchina.cn.com\/tr\/wp-json\/wp\/v2\/types\/product"}],"replies":[{"embeddable":true,"href":"https:\/\/madeinchina.cn.com\/tr\/wp-json\/wp\/v2\/comments?post=28712"}],"version-history":[{"count":0,"href":"https:\/\/madeinchina.cn.com\/tr\/wp-json\/wp\/v2\/product\/28712\/revisions"}],"wp:featuredmedia":[{"embeddable":true,"href":"https:\/\/madeinchina.cn.com\/tr\/wp-json\/wp\/v2\/media\/28556"}],"wp:attachment":[{"href":"https:\/\/madeinchina.cn.com\/tr\/wp-json\/wp\/v2\/media?parent=28712"}],"wp:term":[{"taxonomy":"product_brand","embeddable":true,"href":"https:\/\/madeinchina.cn.com\/tr\/wp-json\/wp\/v2\/product_brand?post=28712"},{"taxonomy":"product_cat","embeddable":true,"href":"https:\/\/madeinchina.cn.com\/tr\/wp-json\/wp\/v2\/product_cat?post=28712"},{"taxonomy":"product_tag","embeddable":true,"href":"https:\/\/madeinchina.cn.com\/tr\/wp-json\/wp\/v2\/product_tag?post=28712"}],"curies":[{"name":"wp","href":"https:\/\/api.w.org\/{rel}","templated":true}]}}