{"id":28711,"date":"2025-01-13T14:19:02","date_gmt":"2025-01-13T14:19:02","guid":{"rendered":"https:\/\/madeinchina.cn.com\/product\/tarim-makineleri\/"},"modified":"2025-01-13T14:19:02","modified_gmt":"2025-01-13T14:19:02","slug":"tarim-makineleri","status":"publish","type":"product","link":"https:\/\/madeinchina.cn.com\/tr\/product\/tarim-makineleri\/","title":{"rendered":"Tar\u0131m Makineleri"},"content":{"rendered":"<p>160 \u00c7inli \u00fcretici. Y\u00fcksek kaliteli tar\u0131m makineleri konusunda uzmanla\u015fm\u0131\u015f \u00c7inli \u00fcreticilerden olu\u015fan kapsaml\u0131 listemizle tar\u0131msal veriminizi art\u0131r\u0131n. Sizi \u00e7iftlikte verimlili\u011fi ve \u00fcretkenli\u011fi art\u0131rmak i\u00e7in tasarlanm\u0131\u015f trakt\u00f6rler, bi\u00e7erd\u00f6verler, ekim ekipmanlar\u0131 ve daha fazlas\u0131n\u0131n tedarik\u00e7ileriyle bulu\u015fturuyoruz. Operasyonlar\u0131n\u0131z\u0131 modernle\u015ftirin ve \u00f6d\u00fclleri toplay\u0131n. B\u00fct\u00e7enizi sarsmadan g\u00fcvenilir tar\u0131m makinelerine yat\u0131r\u0131m yap\u0131n. Se\u00e7ti\u011fimiz listede rekabet\u00e7i fiyatlar sunan \u00c7inli \u00fcreticiler ve \u00e7ift\u00e7ili\u011fin gerekliliklerine dayanacak \u015fekilde \u00fcretilmi\u015f dayan\u0131kl\u0131 ekipmanlar yer al\u0131yor. Operasyonel maliyetlerinizi azalt\u0131n ve k\u00e2rl\u0131l\u0131\u011f\u0131n\u0131z\u0131 art\u0131r\u0131n. Yenilik\u00e7i makineler konusunda uzmanla\u015fm\u0131\u015f \u00c7inli \u00fcreticilerden olu\u015fan listemizle tar\u0131m teknolojisinin \u00f6n saflar\u0131nda yer al\u0131n. Sizi hassas tar\u0131m ekipmanlar\u0131, ak\u0131ll\u0131 sulama sistemleri ve tar\u0131m uygulamalar\u0131n\u0131z\u0131 optimize etmek i\u00e7in otomatik \u00e7\u00f6z\u00fcmler gibi geli\u015fmi\u015f \u00e7\u00f6z\u00fcmler sunan tedarik\u00e7ilerle bulu\u015fturuyoruz. Tar\u0131m\u0131n gelece\u011fini kucaklay\u0131n.<\/p>\n<p>   Se\u00e7eneklerinizi bug\u00fcn ke\u015ffedin<\/p>\n","protected":false},"excerpt":{"rendered":"<p>160 \u00c7inli \u00fcretici. Y\u00fcksek kaliteli tar\u0131m makineleri konusunda uzmanla\u015fm\u0131\u015f \u00c7inli \u00fcreticilerden olu\u015fan kapsaml\u0131 listemizle tar\u0131msal veriminizi art\u0131r\u0131n. Sizi \u00e7iftlikte verimlili\u011fi ve \u00fcretkenli\u011fi art\u0131rmak i\u00e7in tasarlanm\u0131\u015f trakt\u00f6rler, bi\u00e7erd\u00f6verler, ekim ekipmanlar\u0131 ve daha fazlas\u0131n\u0131n tedarik\u00e7ileriyle bulu\u015fturuyoruz. Operasyonlar\u0131n\u0131z\u0131 modernle\u015ftirin ve \u00f6d\u00fclleri toplay\u0131n.<\/p>\n","protected":false},"featured_media":28555,"comment_status":"open","ping_status":"closed","template":"","meta":{"_acf_changed":false},"product_brand":[],"product_cat":[181],"product_tag":[],"class_list":{"0":"post-28711","1":"product","2":"type-product","3":"status-publish","4":"has-post-thumbnail","6":"product_cat-makine-alet-ve-donanim-ureticileri","8":"first","9":"instock","10":"sale","11":"shipping-taxable","12":"purchasable","13":"product-type-simple"},"acf":[],"_links":{"self":[{"href":"https:\/\/madeinchina.cn.com\/tr\/wp-json\/wp\/v2\/product\/28711","targetHints":{"allow":["GET"]}}],"collection":[{"href":"https:\/\/madeinchina.cn.com\/tr\/wp-json\/wp\/v2\/product"}],"about":[{"href":"https:\/\/madeinchina.cn.com\/tr\/wp-json\/wp\/v2\/types\/product"}],"replies":[{"embeddable":true,"href":"https:\/\/madeinchina.cn.com\/tr\/wp-json\/wp\/v2\/comments?post=28711"}],"version-history":[{"count":0,"href":"https:\/\/madeinchina.cn.com\/tr\/wp-json\/wp\/v2\/product\/28711\/revisions"}],"wp:featuredmedia":[{"embeddable":true,"href":"https:\/\/madeinchina.cn.com\/tr\/wp-json\/wp\/v2\/media\/28555"}],"wp:attachment":[{"href":"https:\/\/madeinchina.cn.com\/tr\/wp-json\/wp\/v2\/media?parent=28711"}],"wp:term":[{"taxonomy":"product_brand","embeddable":true,"href":"https:\/\/madeinchina.cn.com\/tr\/wp-json\/wp\/v2\/product_brand?post=28711"},{"taxonomy":"product_cat","embeddable":true,"href":"https:\/\/madeinchina.cn.com\/tr\/wp-json\/wp\/v2\/product_cat?post=28711"},{"taxonomy":"product_tag","embeddable":true,"href":"https:\/\/madeinchina.cn.com\/tr\/wp-json\/wp\/v2\/product_tag?post=28711"}],"curies":[{"name":"wp","href":"https:\/\/api.w.org\/{rel}","templated":true}]}}