{"id":28710,"date":"2025-01-13T12:54:58","date_gmt":"2025-01-13T12:54:58","guid":{"rendered":"https:\/\/madeinchina.cn.com\/product\/elektrikli-ev-aletleri\/"},"modified":"2025-01-13T12:54:58","modified_gmt":"2025-01-13T12:54:58","slug":"elektrikli-ev-aletleri","status":"publish","type":"product","link":"https:\/\/madeinchina.cn.com\/tr\/product\/elektrikli-ev-aletleri\/","title":{"rendered":"Elektrikli Ev Aletleri"},"content":{"rendered":"<p>1864 \u00c7inli \u00fcretici. Y\u00fcksek kaliteli elektrikli ev aletleri konusunda uzmanla\u015fm\u0131\u015f en iyi \u00c7inli \u00fcreticilerden olu\u015fan listemizle \u00fcr\u00fcn hatt\u0131n\u0131z\u0131 g\u00fc\u00e7lendirin. Sizi yenilik, performans ve enerji verimlili\u011fine \u00f6ncelik veren tedarik\u00e7ilerle bulu\u015fturuyoruz. Modern ya\u015fam\u0131n taleplerini kar\u015f\u0131layan son teknoloji cihazlar\u0131 tedarik edin. M\u00fc\u015fterilerinizi en iyi ev aletleri ile donat\u0131n. Kapsaml\u0131 listemiz, buzdolab\u0131 ve f\u0131r\u0131n gibi temel mutfak \u00fcr\u00fcnlerinden klima ve \u00e7ama\u015f\u0131r makinesi gibi ev konforu \u00e7\u00f6z\u00fcmlerine kadar geni\u015f bir \u00fcr\u00fcn yelpazesi sunan \u00c7inli \u00fcreticilere eri\u015fim sa\u011flar. Farkl\u0131 ihtiya\u00e7lar\u0131 kar\u015f\u0131lay\u0131n ve tekliflerinizi y\u00fckseltin.<\/p>\n<p>   Se\u00e7eneklerinizi bug\u00fcn ke\u015ffedin.<\/p>\n<p>G\u00fcvenilir \u00c7inli elektrikli ev aletleri \u00fcreticileri listemizle k\u00e2r marjlar\u0131n\u0131z\u0131 en \u00fcst d\u00fczeye \u00e7\u0131kar\u0131n. Sizi rekabet\u00e7i fiyatland\u0131rma, esnek MOQ&#8217;lar ve verimli lojistik \u00e7\u00f6z\u00fcmleri sunan fabrikalarla bulu\u015fturuyoruz. B\u00fct\u00e7enizi a\u015fmadan en kaliteli cihazlar\u0131 tedarik edin.  <\/p>\n","protected":false},"excerpt":{"rendered":"<p>1864 \u00c7inli \u00fcretici. Y\u00fcksek kaliteli elektrikli ev aletleri konusunda uzmanla\u015fm\u0131\u015f en iyi \u00c7inli \u00fcreticilerden olu\u015fan listemizle \u00fcr\u00fcn hatt\u0131n\u0131z\u0131 g\u00fc\u00e7lendirin. Sizi yenilik, performans ve enerji verimlili\u011fine \u00f6ncelik veren tedarik\u00e7ilerle bulu\u015fturuyoruz. Modern ya\u015fam\u0131n taleplerini kar\u015f\u0131layan son teknoloji cihazlar\u0131 tedarik edin.<\/p>\n","protected":false},"featured_media":28553,"comment_status":"open","ping_status":"closed","template":"","meta":{"_acf_changed":false},"product_brand":[],"product_cat":[180],"product_tag":[],"class_list":{"0":"post-28710","1":"product","2":"type-product","3":"status-publish","4":"has-post-thumbnail","6":"product_cat-ev-elektronigi-ve-ev-esyalari","8":"first","9":"instock","10":"sale","11":"shipping-taxable","12":"purchasable","13":"product-type-simple"},"acf":[],"_links":{"self":[{"href":"https:\/\/madeinchina.cn.com\/tr\/wp-json\/wp\/v2\/product\/28710","targetHints":{"allow":["GET"]}}],"collection":[{"href":"https:\/\/madeinchina.cn.com\/tr\/wp-json\/wp\/v2\/product"}],"about":[{"href":"https:\/\/madeinchina.cn.com\/tr\/wp-json\/wp\/v2\/types\/product"}],"replies":[{"embeddable":true,"href":"https:\/\/madeinchina.cn.com\/tr\/wp-json\/wp\/v2\/comments?post=28710"}],"version-history":[{"count":0,"href":"https:\/\/madeinchina.cn.com\/tr\/wp-json\/wp\/v2\/product\/28710\/revisions"}],"wp:featuredmedia":[{"embeddable":true,"href":"https:\/\/madeinchina.cn.com\/tr\/wp-json\/wp\/v2\/media\/28553"}],"wp:attachment":[{"href":"https:\/\/madeinchina.cn.com\/tr\/wp-json\/wp\/v2\/media?parent=28710"}],"wp:term":[{"taxonomy":"product_brand","embeddable":true,"href":"https:\/\/madeinchina.cn.com\/tr\/wp-json\/wp\/v2\/product_brand?post=28710"},{"taxonomy":"product_cat","embeddable":true,"href":"https:\/\/madeinchina.cn.com\/tr\/wp-json\/wp\/v2\/product_cat?post=28710"},{"taxonomy":"product_tag","embeddable":true,"href":"https:\/\/madeinchina.cn.com\/tr\/wp-json\/wp\/v2\/product_tag?post=28710"}],"curies":[{"name":"wp","href":"https:\/\/api.w.org\/{rel}","templated":true}]}}