{"id":28709,"date":"2025-01-13T12:41:40","date_gmt":"2025-01-13T12:41:40","guid":{"rendered":"https:\/\/madeinchina.cn.com\/product\/ev-tekstili\/"},"modified":"2025-01-13T12:41:40","modified_gmt":"2025-01-13T12:41:40","slug":"ev-tekstili","status":"publish","type":"product","link":"https:\/\/madeinchina.cn.com\/tr\/product\/ev-tekstili\/","title":{"rendered":"Ev Tekstili"},"content":{"rendered":"<p>1248 \u00c7inli \u00fcretici. Do\u011frudan yetenekli \u00c7inli \u00fcreticilerden temin edilen l\u00fcks ev tekstil \u00fcr\u00fcnleri ile ya\u015fam alanlar\u0131n\u0131z\u0131 d\u00f6n\u00fc\u015ft\u00fcr\u00fcn. Se\u00e7kin listemiz sizi kaliteli i\u015f\u00e7ili\u011fe, birinci s\u0131n\u0131f malzemelere ve trend tasar\u0131mlara \u00f6ncelik veren tedarik\u00e7ilerle bulu\u015fturuyor. Zarif yatak tak\u0131mlar\u0131, pel\u00fc\u015f havlular ve \u015f\u0131k perdeler ile evinizin dekorunu y\u00fckseltin. \u00c7inli ev tekstili \u00fcreticilerinden olu\u015fan kapsaml\u0131 listemizle doku ve desen d\u00fcnyas\u0131n\u0131 ke\u015ffedin. Nevresim tak\u0131mlar\u0131, banyo \u00e7ar\u015faflar\u0131, masa \u00f6rt\u00fcleri, minderler ve daha fazlas\u0131 dahil olmak \u00fczere \u00e7ok \u00e7e\u015fitli \u00fcr\u00fcnlerde uzmanla\u015fm\u0131\u015f tedarik\u00e7ilere eri\u015fim sunuyoruz. Rahat ve davetkar alanlar yaratmak i\u00e7in m\u00fckemmel par\u00e7alar\u0131 bulun.<\/p>\n<p>   Se\u00e7eneklerinizi bug\u00fcn ke\u015ffedin.<\/p>\n<p>B\u00fct\u00e7enizi a\u015fmadan ev dekorasyonu tekliflerinizi geli\u015ftirin. Listemiz, \u00e7ok \u00e7e\u015fitli ev tekstili \u00fcr\u00fcnlerinde rekabet\u00e7i fiyatlar ve esnek MOQ&#8217;lar sunan g\u00fcvenilir \u00c7inli \u00fcreticilere eri\u015fim sa\u011flar. Tedarik s\u00fcrecinizi kolayla\u015ft\u0131r\u0131n ve k\u00e2r marjlar\u0131n\u0131z\u0131 en \u00fcst d\u00fczeye \u00e7\u0131kar\u0131n.  <\/p>\n<p>&nbsp;<\/p>\n","protected":false},"excerpt":{"rendered":"<p>1248 \u00c7inli \u00fcretici. Do\u011frudan yetenekli \u00c7inli \u00fcreticilerden temin edilen l\u00fcks ev tekstil \u00fcr\u00fcnleri ile ya\u015fam alanlar\u0131n\u0131z\u0131 d\u00f6n\u00fc\u015ft\u00fcr\u00fcn. Se\u00e7kin listemiz sizi kaliteli i\u015f\u00e7ili\u011fe, birinci s\u0131n\u0131f malzemelere ve trend tasar\u0131mlara \u00f6ncelik veren tedarik\u00e7ilerle bulu\u015fturuyor. Zarif yatak tak\u0131mlar\u0131, pel\u00fc\u015f havlular ve \u015f\u0131k perdeler ile evinizin dekorunu y\u00fckseltin.<\/p>\n","protected":false},"featured_media":28551,"comment_status":"open","ping_status":"closed","template":"","meta":{"_acf_changed":false},"product_brand":[],"product_cat":[179],"product_tag":[],"class_list":{"0":"post-28709","1":"product","2":"type-product","3":"status-publish","4":"has-post-thumbnail","6":"product_cat-ev-urunleri","8":"first","9":"instock","10":"sale","11":"shipping-taxable","12":"purchasable","13":"product-type-simple"},"acf":[],"_links":{"self":[{"href":"https:\/\/madeinchina.cn.com\/tr\/wp-json\/wp\/v2\/product\/28709","targetHints":{"allow":["GET"]}}],"collection":[{"href":"https:\/\/madeinchina.cn.com\/tr\/wp-json\/wp\/v2\/product"}],"about":[{"href":"https:\/\/madeinchina.cn.com\/tr\/wp-json\/wp\/v2\/types\/product"}],"replies":[{"embeddable":true,"href":"https:\/\/madeinchina.cn.com\/tr\/wp-json\/wp\/v2\/comments?post=28709"}],"version-history":[{"count":0,"href":"https:\/\/madeinchina.cn.com\/tr\/wp-json\/wp\/v2\/product\/28709\/revisions"}],"wp:featuredmedia":[{"embeddable":true,"href":"https:\/\/madeinchina.cn.com\/tr\/wp-json\/wp\/v2\/media\/28551"}],"wp:attachment":[{"href":"https:\/\/madeinchina.cn.com\/tr\/wp-json\/wp\/v2\/media?parent=28709"}],"wp:term":[{"taxonomy":"product_brand","embeddable":true,"href":"https:\/\/madeinchina.cn.com\/tr\/wp-json\/wp\/v2\/product_brand?post=28709"},{"taxonomy":"product_cat","embeddable":true,"href":"https:\/\/madeinchina.cn.com\/tr\/wp-json\/wp\/v2\/product_cat?post=28709"},{"taxonomy":"product_tag","embeddable":true,"href":"https:\/\/madeinchina.cn.com\/tr\/wp-json\/wp\/v2\/product_tag?post=28709"}],"curies":[{"name":"wp","href":"https:\/\/api.w.org\/{rel}","templated":true}]}}