{"id":28708,"date":"2025-01-13T12:58:46","date_gmt":"2025-01-13T12:58:46","guid":{"rendered":"https:\/\/madeinchina.cn.com\/product\/ev-esyalari\/"},"modified":"2025-01-13T12:58:46","modified_gmt":"2025-01-13T12:58:46","slug":"ev-esyalari","status":"publish","type":"product","link":"https:\/\/madeinchina.cn.com\/tr\/product\/ev-esyalari\/","title":{"rendered":"Ev E\u015fyalar\u0131"},"content":{"rendered":"<p>1536 \u00c7inli \u00fcretici. M\u00fc\u015fterilerinizi konforlu ve \u015f\u0131k bir ev i\u00e7in ihtiya\u00e7 duyduklar\u0131 her \u015feyle donat\u0131n. Se\u00e7ilmi\u015f listemiz sizi mutfak malzemeleri ve temizlik malzemelerinden ev dekorasyonu ve depolama \u00e7\u00f6z\u00fcmlerine kadar \u00e7ok \u00e7e\u015fitli ev e\u015fyalar\u0131nda uzmanla\u015fm\u0131\u015f en iyi \u00c7inli \u00fcreticilerle bulu\u015fturuyor. M\u00fc\u015fterilerinize kolayl\u0131k ve de\u011fer sunun. Kapsaml\u0131 \u00c7inli \u00fcreticiler listemizle ev gere\u00e7leri d\u00fcnyas\u0131n\u0131 ke\u015ffedin. Mutfak gere\u00e7leri, banyo aksesuarlar\u0131, tekstil \u00fcr\u00fcnleri, dekoratif \u00fcr\u00fcnler ve daha fazlas\u0131 dahil olmak \u00fczere \u00e7ok \u00e7e\u015fitli \u00fcr\u00fcnler sunan tedarik\u00e7ilere eri\u015fim sa\u011fl\u0131yoruz. Her ihtiyaca ve stil tercihine hitap edin.<\/p>\n<p>   Se\u00e7eneklerinizi bug\u00fcn ke\u015ffedin.<\/p>\n<p>G\u00fcvenilir \u00c7inli ev e\u015fyas\u0131 \u00fcreticileri listemizle kaynak bulma s\u00fcrecinizi kolayla\u015ft\u0131r\u0131n ve k\u00e2r marjlar\u0131n\u0131z\u0131 en \u00fcst d\u00fczeye \u00e7\u0131kar\u0131n. Sizi rekabet\u00e7i fiyatland\u0131rma, esnek MOQ&#8217;lar ve verimli lojistik \u00e7\u00f6z\u00fcmleri sunan fabrikalarla bulu\u015fturuyoruz. Ba\u015far\u0131l\u0131 bir ev e\u015fyas\u0131 i\u015fi i\u00e7in ihtiyac\u0131n\u0131z olan her \u015feyi tedarik edin.  <\/p>\n","protected":false},"excerpt":{"rendered":"<p>1536 \u00c7inli \u00fcretici. M\u00fc\u015fterilerinizi konforlu ve \u015f\u0131k bir ev i\u00e7in ihtiya\u00e7 duyduklar\u0131 her \u015feyle donat\u0131n. Se\u00e7ilmi\u015f listemiz sizi mutfak malzemeleri ve temizlik malzemelerinden ev dekorasyonu ve depolama \u00e7\u00f6z\u00fcmlerine kadar \u00e7ok \u00e7e\u015fitli ev e\u015fyalar\u0131nda uzmanla\u015fm\u0131\u015f en iyi \u00c7inli \u00fcreticilerle bulu\u015fturuyor. M\u00fc\u015fterilerinize kolayl\u0131k ve de\u011fer sunun.<\/p>\n","protected":false},"featured_media":28554,"comment_status":"open","ping_status":"closed","template":"","meta":{"_acf_changed":false},"product_brand":[],"product_cat":[180],"product_tag":[],"class_list":{"0":"post-28708","1":"product","2":"type-product","3":"status-publish","4":"has-post-thumbnail","6":"product_cat-ev-elektronigi-ve-ev-esyalari","8":"first","9":"instock","10":"sale","11":"shipping-taxable","12":"purchasable","13":"product-type-simple"},"acf":[],"_links":{"self":[{"href":"https:\/\/madeinchina.cn.com\/tr\/wp-json\/wp\/v2\/product\/28708","targetHints":{"allow":["GET"]}}],"collection":[{"href":"https:\/\/madeinchina.cn.com\/tr\/wp-json\/wp\/v2\/product"}],"about":[{"href":"https:\/\/madeinchina.cn.com\/tr\/wp-json\/wp\/v2\/types\/product"}],"replies":[{"embeddable":true,"href":"https:\/\/madeinchina.cn.com\/tr\/wp-json\/wp\/v2\/comments?post=28708"}],"version-history":[{"count":0,"href":"https:\/\/madeinchina.cn.com\/tr\/wp-json\/wp\/v2\/product\/28708\/revisions"}],"wp:featuredmedia":[{"embeddable":true,"href":"https:\/\/madeinchina.cn.com\/tr\/wp-json\/wp\/v2\/media\/28554"}],"wp:attachment":[{"href":"https:\/\/madeinchina.cn.com\/tr\/wp-json\/wp\/v2\/media?parent=28708"}],"wp:term":[{"taxonomy":"product_brand","embeddable":true,"href":"https:\/\/madeinchina.cn.com\/tr\/wp-json\/wp\/v2\/product_brand?post=28708"},{"taxonomy":"product_cat","embeddable":true,"href":"https:\/\/madeinchina.cn.com\/tr\/wp-json\/wp\/v2\/product_cat?post=28708"},{"taxonomy":"product_tag","embeddable":true,"href":"https:\/\/madeinchina.cn.com\/tr\/wp-json\/wp\/v2\/product_tag?post=28708"}],"curies":[{"name":"wp","href":"https:\/\/api.w.org\/{rel}","templated":true}]}}