{"id":28707,"date":"2025-01-13T12:35:33","date_gmt":"2025-01-13T12:35:33","guid":{"rendered":"https:\/\/madeinchina.cn.com\/product\/mobilyalar\/"},"modified":"2025-01-13T12:35:33","modified_gmt":"2025-01-13T12:35:33","slug":"mobilyalar","status":"publish","type":"product","link":"https:\/\/madeinchina.cn.com\/tr\/product\/mobilyalar\/","title":{"rendered":"Mobilyalar"},"content":{"rendered":"<p>912 \u00c7inli \u00fcretici. D\u00fcnyan\u0131z\u0131 \u015f\u0131kl\u0131k ve kalite ile d\u00f6\u015feyin. Se\u00e7kin listemiz sizi klasikten \u00e7a\u011fda\u015fa, her zevke ve b\u00fct\u00e7eye uygun \u00e7e\u015fitli stiller sunan en iyi \u00c7inli mobilya \u00fcreticileriyle bulu\u015fturuyor. Hassasiyet ve \u00f6zenle \u00fcretilmi\u015f se\u00e7kin par\u00e7alar\u0131 tedarik edin ve i\u00e7 tasar\u0131m projelerinizi geli\u015ftirin. \u00c7inli \u00fcreticilerden olu\u015fan kapsaml\u0131 listemizle mobilya ihtiya\u00e7lar\u0131n\u0131z i\u00e7in sonsuz olas\u0131l\u0131klar\u0131 ke\u015ffedin. Kanepeler, sandalyeler, masalar, yataklar ve depolama \u00e7\u00f6z\u00fcmleri dahil olmak \u00fczere \u00e7ok \u00e7e\u015fitli mobilya t\u00fcrlerinde uzmanla\u015fm\u0131\u015f tedarik\u00e7ilere, \u00f6zelle\u015ftirme ve \u0131smarlama tasar\u0131m se\u00e7enekleriyle eri\u015fim sunuyoruz. Benzersiz ve ilham verici alanlar yarat\u0131n.<\/p>\n<p>   Se\u00e7eneklerinizi bug\u00fcn ke\u015ffedin.<\/p>\n<p>Listemiz, rekabet\u00e7i fiyatland\u0131rma, esnek MOQ&#8217;lar ve kolayla\u015ft\u0131r\u0131lm\u0131\u015f lojistik \u00e7\u00f6z\u00fcmleri sunan g\u00fcvenilir \u00c7inli mobilya \u00fcreticilerine eri\u015fim sa\u011flar. B\u00fct\u00e7enizi a\u015fmadan y\u00fcksek kaliteli mobilya tedarik edin. <\/p>\n","protected":false},"excerpt":{"rendered":"<p>912 \u00c7inli \u00fcretici. D\u00fcnyan\u0131z\u0131 \u015f\u0131kl\u0131k ve kalite ile d\u00f6\u015feyin. Se\u00e7kin listemiz sizi klasikten \u00e7a\u011fda\u015fa, her zevke ve b\u00fct\u00e7eye uygun \u00e7e\u015fitli stiller sunan en iyi \u00c7inli mobilya \u00fcreticileriyle bulu\u015fturuyor. Hassasiyet ve \u00f6zenle haz\u0131rlanm\u0131\u015f se\u00e7kin par\u00e7alar\u0131 tedarik edin ve i\u00e7 tasar\u0131m projelerinizi geli\u015ftirin.<\/p>\n","protected":false},"featured_media":28550,"comment_status":"open","ping_status":"closed","template":"","meta":{"_acf_changed":false},"product_brand":[],"product_cat":[179],"product_tag":[],"class_list":{"0":"post-28707","1":"product","2":"type-product","3":"status-publish","4":"has-post-thumbnail","6":"product_cat-ev-urunleri","8":"first","9":"instock","10":"sale","11":"shipping-taxable","12":"purchasable","13":"product-type-simple"},"acf":[],"_links":{"self":[{"href":"https:\/\/madeinchina.cn.com\/tr\/wp-json\/wp\/v2\/product\/28707","targetHints":{"allow":["GET"]}}],"collection":[{"href":"https:\/\/madeinchina.cn.com\/tr\/wp-json\/wp\/v2\/product"}],"about":[{"href":"https:\/\/madeinchina.cn.com\/tr\/wp-json\/wp\/v2\/types\/product"}],"replies":[{"embeddable":true,"href":"https:\/\/madeinchina.cn.com\/tr\/wp-json\/wp\/v2\/comments?post=28707"}],"version-history":[{"count":0,"href":"https:\/\/madeinchina.cn.com\/tr\/wp-json\/wp\/v2\/product\/28707\/revisions"}],"wp:featuredmedia":[{"embeddable":true,"href":"https:\/\/madeinchina.cn.com\/tr\/wp-json\/wp\/v2\/media\/28550"}],"wp:attachment":[{"href":"https:\/\/madeinchina.cn.com\/tr\/wp-json\/wp\/v2\/media?parent=28707"}],"wp:term":[{"taxonomy":"product_brand","embeddable":true,"href":"https:\/\/madeinchina.cn.com\/tr\/wp-json\/wp\/v2\/product_brand?post=28707"},{"taxonomy":"product_cat","embeddable":true,"href":"https:\/\/madeinchina.cn.com\/tr\/wp-json\/wp\/v2\/product_cat?post=28707"},{"taxonomy":"product_tag","embeddable":true,"href":"https:\/\/madeinchina.cn.com\/tr\/wp-json\/wp\/v2\/product_tag?post=28707"}],"curies":[{"name":"wp","href":"https:\/\/api.w.org\/{rel}","templated":true}]}}