{"id":28706,"date":"2025-01-13T12:09:39","date_gmt":"2025-01-13T12:09:39","guid":{"rendered":"https:\/\/madeinchina.cn.com\/product\/kiliflar-ve-cantalar\/"},"modified":"2025-01-13T12:09:39","modified_gmt":"2025-01-13T12:09:39","slug":"kiliflar-ve-cantalar","status":"publish","type":"product","link":"https:\/\/madeinchina.cn.com\/tr\/product\/kiliflar-ve-cantalar\/","title":{"rendered":"K\u0131l\u0131flar ve \u00c7antalar"},"content":{"rendered":"<p>928 \u00c7inli \u00fcretici. Markan\u0131z\u0131 g\u00fcvenle ta\u015f\u0131y\u0131n. Se\u00e7ilmi\u015f listemiz sizi y\u00fcksek kaliteli k\u0131l\u0131flar ve \u00e7antalar konusunda uzmanla\u015fm\u0131\u015f en iyi \u00c7inli \u00fcreticilerle bulu\u015fturuyor. \u015e\u0131k s\u0131rt \u00e7antalar\u0131 ve seyahat valizlerinden dayan\u0131kl\u0131 diz\u00fcst\u00fc bilgisayar \u00e7antalar\u0131na ve koruyucu ekipman k\u0131l\u0131flar\u0131na kadar, ihtiya\u00e7lar\u0131n\u0131z\u0131 kar\u015f\u0131layacak ve marka imaj\u0131n\u0131z\u0131 y\u00fckseltecek m\u00fckemmel \u00e7\u00f6z\u00fcmleri bulman\u0131za yard\u0131mc\u0131 oluyoruz. \u00c7inli k\u0131l\u0131f ve \u00e7anta \u00fcreticilerinden olu\u015fan kapsaml\u0131 listemizle ta\u015f\u0131ma \u00e7\u00f6z\u00fcmleri d\u00fcnyas\u0131n\u0131 ke\u015ffedin. Deri \u00fcr\u00fcnler, s\u0131rt \u00e7antalar\u0131, seyahat bagajlar\u0131 ve \u00f6zel \u00e7antalar dahil olmak \u00fczere \u00e7ok \u00e7e\u015fitli malzeme, stil ve i\u015flevselliklerde uzmanla\u015fm\u0131\u015f tedarik\u00e7ilere eri\u015fim sunuyoruz. Benzersiz marka kimli\u011finize uygun \u00f6zel tasar\u0131mlar ve \u00f6zel etiket se\u00e7enekleri olu\u015fturun.<\/p>\n<p>   Se\u00e7eneklerinizi bug\u00fcn ke\u015ffedin.<\/p>\n<p>G\u00fcvenilir \u00c7inli k\u0131l\u0131f ve \u00e7anta \u00fcreticileri listemizle kaynak bulma s\u00fcrecinizi kolayla\u015ft\u0131r\u0131n ve k\u00e2r marjlar\u0131n\u0131z\u0131 en \u00fcst d\u00fczeye \u00e7\u0131kar\u0131n. Sizi rekabet\u00e7i fiyatland\u0131rma, esnek MOQ&#8217;lar ve verimli \u00fcretim yetenekleri sunan fabrikalarla bulu\u015fturuyoruz. \u0130\u015f ihtiya\u00e7lar\u0131n\u0131z\u0131 ve b\u00fct\u00e7enizi kar\u015f\u0131layacak m\u00fckemmel ta\u015f\u0131ma \u00e7\u00f6z\u00fcmlerini bulun.  <\/p>\n","protected":false},"excerpt":{"rendered":"<p>928 \u00c7inli \u00fcretici. Markan\u0131z\u0131 g\u00fcvenle ta\u015f\u0131y\u0131n. Se\u00e7ilmi\u015f listemiz sizi y\u00fcksek kaliteli k\u0131l\u0131flar ve \u00e7antalar konusunda uzmanla\u015fm\u0131\u015f en iyi \u00c7inli \u00fcreticilerle bulu\u015fturuyor. \u015e\u0131k s\u0131rt \u00e7antalar\u0131 ve seyahat valizlerinden dayan\u0131kl\u0131 diz\u00fcst\u00fc bilgisayar k\u0131l\u0131flar\u0131na ve koruyucu ekipman k\u0131l\u0131flar\u0131na kadar, ihtiya\u00e7lar\u0131n\u0131z\u0131 kar\u015f\u0131layacak ve marka imaj\u0131n\u0131z\u0131 y\u00fckseltecek m\u00fckemmel \u00e7\u00f6z\u00fcmleri bulman\u0131za yard\u0131mc\u0131 oluyoruz.<\/p>\n","protected":false},"featured_media":28546,"comment_status":"open","ping_status":"closed","template":"","meta":{"_acf_changed":false},"product_brand":[],"product_cat":[178],"product_tag":[],"class_list":{"0":"post-28706","1":"product","2":"type-product","3":"status-publish","4":"has-post-thumbnail","6":"product_cat-hediyelik-esya-ve-festival-urunleri","8":"first","9":"instock","10":"sale","11":"shipping-taxable","12":"purchasable","13":"product-type-simple"},"acf":[],"_links":{"self":[{"href":"https:\/\/madeinchina.cn.com\/tr\/wp-json\/wp\/v2\/product\/28706","targetHints":{"allow":["GET"]}}],"collection":[{"href":"https:\/\/madeinchina.cn.com\/tr\/wp-json\/wp\/v2\/product"}],"about":[{"href":"https:\/\/madeinchina.cn.com\/tr\/wp-json\/wp\/v2\/types\/product"}],"replies":[{"embeddable":true,"href":"https:\/\/madeinchina.cn.com\/tr\/wp-json\/wp\/v2\/comments?post=28706"}],"version-history":[{"count":0,"href":"https:\/\/madeinchina.cn.com\/tr\/wp-json\/wp\/v2\/product\/28706\/revisions"}],"wp:featuredmedia":[{"embeddable":true,"href":"https:\/\/madeinchina.cn.com\/tr\/wp-json\/wp\/v2\/media\/28546"}],"wp:attachment":[{"href":"https:\/\/madeinchina.cn.com\/tr\/wp-json\/wp\/v2\/media?parent=28706"}],"wp:term":[{"taxonomy":"product_brand","embeddable":true,"href":"https:\/\/madeinchina.cn.com\/tr\/wp-json\/wp\/v2\/product_brand?post=28706"},{"taxonomy":"product_cat","embeddable":true,"href":"https:\/\/madeinchina.cn.com\/tr\/wp-json\/wp\/v2\/product_cat?post=28706"},{"taxonomy":"product_tag","embeddable":true,"href":"https:\/\/madeinchina.cn.com\/tr\/wp-json\/wp\/v2\/product_tag?post=28706"}],"curies":[{"name":"wp","href":"https:\/\/api.w.org\/{rel}","templated":true}]}}