{"id":28705,"date":"2025-01-13T12:45:37","date_gmt":"2025-01-13T12:45:37","guid":{"rendered":"https:\/\/madeinchina.cn.com\/product\/ev-dekorasyonu\/"},"modified":"2025-01-13T12:45:37","modified_gmt":"2025-01-13T12:45:37","slug":"ev-dekorasyonu","status":"publish","type":"product","link":"https:\/\/madeinchina.cn.com\/tr\/product\/ev-dekorasyonu\/","title":{"rendered":"Ev Dekorasyonu"},"content":{"rendered":"<p>712 \u00c7inli \u00fcretici. Se\u00e7kin ev dekorasyonlar\u0131 konusunda uzmanla\u015fm\u0131\u015f \u00c7inli \u00fcreticilerden olu\u015fan listemizle evleri yuvalara d\u00f6n\u00fc\u015ft\u00fcr\u00fcn. Sizi duvar sanat\u0131 ve dekoratif aksanlardan ayna ve heykellere kadar \u00e7ok \u00e7e\u015fitli \u015f\u0131k ve modaya uygun par\u00e7alar sunan tedarik\u00e7ilerle bulu\u015fturuyoruz. M\u00fc\u015fterilerinize benzersiz ki\u015filiklerini ve zevklerini yans\u0131tan alanlar yaratmalar\u0131 i\u00e7in ilham verin. \u00c7inli ev dekorasyonu \u00fcreticilerinden olu\u015fan kapsaml\u0131 listemizle dekoratif olas\u0131l\u0131klar d\u00fcnyas\u0131n\u0131 ke\u015ffedin. Vazolar, mumlar, resim \u00e7er\u00e7eveleri, dekoratif yast\u0131klar ve daha fazlas\u0131 dahil olmak \u00fczere \u00e7e\u015fitli stiller, malzemeler ve i\u015flevler konusunda uzmanla\u015fm\u0131\u015f tedarik\u00e7ilere eri\u015fim sa\u011fl\u0131yoruz. Farkl\u0131 m\u00fc\u015fteri tercihlerini kar\u015f\u0131lamak i\u00e7in m\u00fckemmel koleksiyonu olu\u015fturun.<\/p>\n<p>   Se\u00e7eneklerinizi bug\u00fcn ke\u015ffedin.<\/p>\n<p>B\u00fct\u00e7enizi a\u015fmadan ev dekorasyonu tekliflerinizi geli\u015ftirin. Listemiz, \u00e7ok \u00e7e\u015fitli ev dekorasyon \u00fcr\u00fcnlerinde rekabet\u00e7i fiyatlar ve esnek MOQ&#8217;lar sunan g\u00fcvenilir \u00c7inli \u00fcreticilere eri\u015fim sa\u011flar. Tedarik s\u00fcrecinizi kolayla\u015ft\u0131r\u0131n ve k\u00e2r marjlar\u0131n\u0131z\u0131 en \u00fcst d\u00fczeye \u00e7\u0131kar\u0131n.  <\/p>\n","protected":false},"excerpt":{"rendered":"<p>712 \u00c7inli \u00fcretici. Se\u00e7kin ev dekorasyonlar\u0131 konusunda uzmanla\u015fm\u0131\u015f \u00c7inli \u00fcreticilerden olu\u015fan listemizle evleri yuvalara d\u00f6n\u00fc\u015ft\u00fcr\u00fcn. Sizi duvar sanat\u0131 ve dekoratif aksanlardan ayna ve heykellere kadar \u00e7ok \u00e7e\u015fitli \u015f\u0131k ve modaya uygun par\u00e7alar sunan tedarik\u00e7ilerle bulu\u015fturuyoruz. M\u00fc\u015fterilerinize benzersiz ki\u015filiklerini ve zevklerini yans\u0131tan alanlar yaratmalar\u0131 i\u00e7in ilham verin.<\/p>\n","protected":false},"featured_media":28552,"comment_status":"open","ping_status":"closed","template":"","meta":{"_acf_changed":false},"product_brand":[],"product_cat":[179],"product_tag":[],"class_list":{"0":"post-28705","1":"product","2":"type-product","3":"status-publish","4":"has-post-thumbnail","6":"product_cat-ev-urunleri","8":"first","9":"instock","10":"sale","11":"shipping-taxable","12":"purchasable","13":"product-type-simple"},"acf":[],"_links":{"self":[{"href":"https:\/\/madeinchina.cn.com\/tr\/wp-json\/wp\/v2\/product\/28705","targetHints":{"allow":["GET"]}}],"collection":[{"href":"https:\/\/madeinchina.cn.com\/tr\/wp-json\/wp\/v2\/product"}],"about":[{"href":"https:\/\/madeinchina.cn.com\/tr\/wp-json\/wp\/v2\/types\/product"}],"replies":[{"embeddable":true,"href":"https:\/\/madeinchina.cn.com\/tr\/wp-json\/wp\/v2\/comments?post=28705"}],"version-history":[{"count":0,"href":"https:\/\/madeinchina.cn.com\/tr\/wp-json\/wp\/v2\/product\/28705\/revisions"}],"wp:featuredmedia":[{"embeddable":true,"href":"https:\/\/madeinchina.cn.com\/tr\/wp-json\/wp\/v2\/media\/28552"}],"wp:attachment":[{"href":"https:\/\/madeinchina.cn.com\/tr\/wp-json\/wp\/v2\/media?parent=28705"}],"wp:term":[{"taxonomy":"product_brand","embeddable":true,"href":"https:\/\/madeinchina.cn.com\/tr\/wp-json\/wp\/v2\/product_brand?post=28705"},{"taxonomy":"product_cat","embeddable":true,"href":"https:\/\/madeinchina.cn.com\/tr\/wp-json\/wp\/v2\/product_cat?post=28705"},{"taxonomy":"product_tag","embeddable":true,"href":"https:\/\/madeinchina.cn.com\/tr\/wp-json\/wp\/v2\/product_tag?post=28705"}],"curies":[{"name":"wp","href":"https:\/\/api.w.org\/{rel}","templated":true}]}}