{"id":28704,"date":"2025-01-13T12:19:17","date_gmt":"2025-01-13T12:19:17","guid":{"rendered":"https:\/\/madeinchina.cn.com\/product\/bahce-urunleri\/"},"modified":"2025-01-13T12:19:17","modified_gmt":"2025-01-13T12:19:17","slug":"bahce-urunleri","status":"publish","type":"product","link":"https:\/\/madeinchina.cn.com\/tr\/product\/bahce-urunleri\/","title":{"rendered":"Bah\u00e7e \u00dcr\u00fcnleri"},"content":{"rendered":"<p>576 \u00c7inli \u00fcretici. \u00c7inli bah\u00e7e \u00fcr\u00fcnleri \u00fcreticilerinden olu\u015fan kapsaml\u0131 listemizle ba\u015far\u0131y\u0131 yakalay\u0131n. M\u00fc\u015fterilerinizin geli\u015fen bah\u00e7eler ve peyzajlar yaratmas\u0131na yard\u0131mc\u0131 olmak i\u00e7in sizi y\u00fcksek kaliteli alet, ekipman ve aksesuar tedarik\u00e7ileriyle bulu\u015fturuyoruz. Temel el aletlerinden yenilik\u00e7i sulama sistemlerine kadar, sizi teminat alt\u0131na ald\u0131k. G\u00fcvenilir \u00c7inli bah\u00e7e \u00fcr\u00fcnleri \u00fcreticileri listemizle i\u015finizi b\u00fcy\u00fct\u00fcn. Rekabet\u00e7i fiyatlara, esnek MOQ&#8217;lara ve verimli lojistik \u00e7\u00f6z\u00fcmlerine eri\u015fim sa\u011flayarak ihtiyac\u0131n\u0131z olan bah\u00e7e malzemelerini tedarik etmeyi her zamankinden daha kolay hale getiriyoruz. K\u00e2r\u0131n\u0131z\u0131 en \u00fcst d\u00fczeye \u00e7\u0131kar\u0131n ve geli\u015fen bir i\u015f kurun. \u00c7inli \u00fcreticilerden olu\u015fan geni\u015f listemizle her ihtiya\u00e7 i\u00e7in m\u00fckemmel bah\u00e7e \u00e7\u00f6z\u00fcmlerini bulun. El aletleri, elektrikli ekipmanlar, sulama sistemleri, saks\u0131lar ve dekoratif vurgular dahil olmak \u00fczere \u00e7ok \u00e7e\u015fitli \u00fcr\u00fcnlerde uzmanla\u015fm\u0131\u015f tedarik\u00e7ilere eri\u015fim sunuyoruz. \u00c7e\u015fitli bah\u00e7e ihtiya\u00e7lar\u0131n\u0131 kar\u015f\u0131lay\u0131n ve m\u00fc\u015fteri memnuniyetini art\u0131r\u0131n.<\/p>\n<p>   Se\u00e7eneklerinizi bug\u00fcn ke\u015ffedin!<\/p>\n","protected":false},"excerpt":{"rendered":"<p>576 \u00c7inli \u00fcretici. \u00c7inli bah\u00e7e \u00fcr\u00fcnleri \u00fcreticilerinden olu\u015fan kapsaml\u0131 listemizle ba\u015far\u0131y\u0131 yakalay\u0131n. M\u00fc\u015fterilerinizin geli\u015fen bah\u00e7eler ve peyzajlar yaratmas\u0131na yard\u0131mc\u0131 olmak i\u00e7in sizi y\u00fcksek kaliteli alet, ekipman ve aksesuar tedarik\u00e7ileriyle bulu\u015fturuyoruz. Temel el aletlerinden yenilik\u00e7i sulama sistemlerine kadar her \u015fey elimizin alt\u0131nda.<\/p>\n","protected":false},"featured_media":28547,"comment_status":"open","ping_status":"closed","template":"","meta":{"_acf_changed":false},"product_brand":[],"product_cat":[179],"product_tag":[],"class_list":{"0":"post-28704","1":"product","2":"type-product","3":"status-publish","4":"has-post-thumbnail","6":"product_cat-ev-urunleri","8":"first","9":"instock","10":"sale","11":"shipping-taxable","12":"purchasable","13":"product-type-simple"},"acf":[],"_links":{"self":[{"href":"https:\/\/madeinchina.cn.com\/tr\/wp-json\/wp\/v2\/product\/28704","targetHints":{"allow":["GET"]}}],"collection":[{"href":"https:\/\/madeinchina.cn.com\/tr\/wp-json\/wp\/v2\/product"}],"about":[{"href":"https:\/\/madeinchina.cn.com\/tr\/wp-json\/wp\/v2\/types\/product"}],"replies":[{"embeddable":true,"href":"https:\/\/madeinchina.cn.com\/tr\/wp-json\/wp\/v2\/comments?post=28704"}],"version-history":[{"count":0,"href":"https:\/\/madeinchina.cn.com\/tr\/wp-json\/wp\/v2\/product\/28704\/revisions"}],"wp:featuredmedia":[{"embeddable":true,"href":"https:\/\/madeinchina.cn.com\/tr\/wp-json\/wp\/v2\/media\/28547"}],"wp:attachment":[{"href":"https:\/\/madeinchina.cn.com\/tr\/wp-json\/wp\/v2\/media?parent=28704"}],"wp:term":[{"taxonomy":"product_brand","embeddable":true,"href":"https:\/\/madeinchina.cn.com\/tr\/wp-json\/wp\/v2\/product_brand?post=28704"},{"taxonomy":"product_cat","embeddable":true,"href":"https:\/\/madeinchina.cn.com\/tr\/wp-json\/wp\/v2\/product_cat?post=28704"},{"taxonomy":"product_tag","embeddable":true,"href":"https:\/\/madeinchina.cn.com\/tr\/wp-json\/wp\/v2\/product_tag?post=28704"}],"curies":[{"name":"wp","href":"https:\/\/api.w.org\/{rel}","templated":true}]}}