{"id":28703,"date":"2025-01-13T12:24:03","date_gmt":"2025-01-13T12:24:03","guid":{"rendered":"https:\/\/madeinchina.cn.com\/product\/mutfak-esyalari-ve-sofra-urunleri\/"},"modified":"2025-01-13T12:24:03","modified_gmt":"2025-01-13T12:24:03","slug":"mutfak-esyalari-ve-sofra-urunleri","status":"publish","type":"product","link":"https:\/\/madeinchina.cn.com\/tr\/product\/mutfak-esyalari-ve-sofra-urunleri\/","title":{"rendered":"Mutfak E\u015fyalar\u0131 ve Sofra \u00dcr\u00fcnleri"},"content":{"rendered":"<p>1304 \u00c7inli \u00fcretici. Se\u00e7kin mutfak e\u015fyalar\u0131 ve sofra tak\u0131mlar\u0131 konusunda uzmanla\u015fm\u0131\u015f \u00c7inli \u00fcreticilerden olu\u015fan listemizle ba\u015far\u0131 i\u00e7in masay\u0131 haz\u0131rlay\u0131n.<\/p>\n<p> Sizi kaliteli i\u015f\u00e7ili\u011fe, yenilik\u00e7i tasar\u0131ma ve dayan\u0131kl\u0131 malzemelere \u00f6ncelik veren tedarik\u00e7ilerle bulu\u015fturuyoruz. Etkileyici zarif ve i\u015flevsel par\u00e7alarla yemek deneyiminizi geli\u015ftirin. \u00c7inli mutfak e\u015fyalar\u0131 ve sofra tak\u0131m\u0131 \u00fcreticilerinden olu\u015fan kapsaml\u0131 listemizle mutfak olanaklar\u0131 d\u00fcnyas\u0131n\u0131 ke\u015ffedin. Tencere ve f\u0131r\u0131n gere\u00e7lerinden \u00e7atal b\u0131\u00e7ak tak\u0131m\u0131 ve yemek tak\u0131mlar\u0131na kadar \u00e7e\u015fitli stil ve malzemelerde \u00fcr\u00fcn yelpazesinde uzmanla\u015fm\u0131\u015f tedarik\u00e7ilere eri\u015fim sunuyoruz. Farkl\u0131 zevklere hitap edin ve mutfak tekliflerinizi y\u00fckseltin.<\/p>\n<p>   Se\u00e7eneklerinizi bug\u00fcn ke\u015ffedin.<\/p>\n<p>B\u00fct\u00e7enizi sarsmadan mutfa\u011f\u0131n\u0131z\u0131 en iyilerle donat\u0131n. Listemiz, \u00e7ok \u00e7e\u015fitli mutfak e\u015fyalar\u0131 ve sofra tak\u0131mlar\u0131nda rekabet\u00e7i fiyatlar ve esnek MOQ&#8217;lar sunan g\u00fcvenilir \u00c7inli \u00fcreticilere eri\u015fim sa\u011flar. Tedarik s\u00fcrecinizi kolayla\u015ft\u0131r\u0131n ve k\u00e2r marjlar\u0131n\u0131z\u0131 en \u00fcst d\u00fczeye \u00e7\u0131kar\u0131n.  <\/p>\n","protected":false},"excerpt":{"rendered":"<p>1304 \u00c7inli \u00fcretici. Se\u00e7kin mutfak e\u015fyalar\u0131 ve sofra tak\u0131mlar\u0131 konusunda uzmanla\u015fm\u0131\u015f \u00c7inli \u00fcreticilerden olu\u015fan listemizle ba\u015far\u0131 i\u00e7in masay\u0131 haz\u0131rlay\u0131n.<\/p>\n<p> Sizi kaliteli i\u015f\u00e7ili\u011fe, yenilik\u00e7i tasar\u0131ma ve dayan\u0131kl\u0131 malzemelere \u00f6ncelik veren tedarik\u00e7ilerle bulu\u015fturuyoruz. Etkileyici zarif ve i\u015flevsel par\u00e7alarla yemek deneyiminizi y\u00fckseltin.<\/p>\n","protected":false},"featured_media":28548,"comment_status":"open","ping_status":"closed","template":"","meta":{"_acf_changed":false},"product_brand":[],"product_cat":[179],"product_tag":[],"class_list":{"0":"post-28703","1":"product","2":"type-product","3":"status-publish","4":"has-post-thumbnail","6":"product_cat-ev-urunleri","8":"first","9":"instock","10":"sale","11":"shipping-taxable","12":"purchasable","13":"product-type-simple"},"acf":[],"_links":{"self":[{"href":"https:\/\/madeinchina.cn.com\/tr\/wp-json\/wp\/v2\/product\/28703","targetHints":{"allow":["GET"]}}],"collection":[{"href":"https:\/\/madeinchina.cn.com\/tr\/wp-json\/wp\/v2\/product"}],"about":[{"href":"https:\/\/madeinchina.cn.com\/tr\/wp-json\/wp\/v2\/types\/product"}],"replies":[{"embeddable":true,"href":"https:\/\/madeinchina.cn.com\/tr\/wp-json\/wp\/v2\/comments?post=28703"}],"version-history":[{"count":0,"href":"https:\/\/madeinchina.cn.com\/tr\/wp-json\/wp\/v2\/product\/28703\/revisions"}],"wp:featuredmedia":[{"embeddable":true,"href":"https:\/\/madeinchina.cn.com\/tr\/wp-json\/wp\/v2\/media\/28548"}],"wp:attachment":[{"href":"https:\/\/madeinchina.cn.com\/tr\/wp-json\/wp\/v2\/media?parent=28703"}],"wp:term":[{"taxonomy":"product_brand","embeddable":true,"href":"https:\/\/madeinchina.cn.com\/tr\/wp-json\/wp\/v2\/product_brand?post=28703"},{"taxonomy":"product_cat","embeddable":true,"href":"https:\/\/madeinchina.cn.com\/tr\/wp-json\/wp\/v2\/product_cat?post=28703"},{"taxonomy":"product_tag","embeddable":true,"href":"https:\/\/madeinchina.cn.com\/tr\/wp-json\/wp\/v2\/product_tag?post=28703"}],"curies":[{"name":"wp","href":"https:\/\/api.w.org\/{rel}","templated":true}]}}