{"id":28702,"date":"2025-01-13T11:58:00","date_gmt":"2025-01-13T11:58:00","guid":{"rendered":"https:\/\/madeinchina.cn.com\/product\/moda-aksesuarlari-ve-ek-parcalari\/"},"modified":"2025-01-13T11:58:00","modified_gmt":"2025-01-13T11:58:00","slug":"moda-aksesuarlari-ve-ek-parcalari","status":"publish","type":"product","link":"https:\/\/madeinchina.cn.com\/tr\/product\/moda-aksesuarlari-ve-ek-parcalari\/","title":{"rendered":"Moda Aksesuarlar\u0131 ve Ek Par\u00e7alar\u0131"},"content":{"rendered":"<p>480 \u00c7inli \u00fcretici. Modaya uygun aksesuarlar ve ba\u011flant\u0131 par\u00e7alar\u0131 konusunda uzmanla\u015fm\u0131\u015f \u00c7inli \u00fcreticilerden olu\u015fan se\u00e7kin listemizle moda tekliflerinizi y\u00fckseltin. G\u00f6steri\u015fli m\u00fccevherler ve \u015f\u0131k \u00e7antalardan zarif d\u00fc\u011fme ve tokalara kadar, sizi kalite, i\u015f\u00e7ilik ve rekabet\u00e7i fiyat sunan tedarik\u00e7ilerle bulu\u015fturuyoruz. Moda e\u011frisinin bir ad\u0131m \u00f6n\u00fcnde olun ve m\u00fc\u015fterilerinize ilham verin. Moda aksesuarlar\u0131 ve ba\u011flant\u0131 par\u00e7alar\u0131 i\u00e7in kapsaml\u0131 \u00c7inli \u00fcreticiler listemizle bir olas\u0131l\u0131klar d\u00fcnyas\u0131n\u0131 ke\u015ffedin. Deri \u00fcr\u00fcnleri, metal i\u015fleri, tekstil \u00fcr\u00fcnleri ve daha fazlas\u0131 dahil olmak \u00fczere \u00e7ok \u00e7e\u015fitli malzeme, stil ve tekniklerde uzmanla\u015fm\u0131\u015f tedarik\u00e7ilere eri\u015fim sa\u011fl\u0131yoruz. Marka kimli\u011finizi yans\u0131tan benzersiz ve ki\u015fiselle\u015ftirilmi\u015f koleksiyonlar olu\u015fturun.<\/p>\n<p>   Se\u00e7eneklerinizi bug\u00fcn ke\u015ffedin.<\/p>\n<p>G\u00fcvenilir \u00c7inli \u00fcreticiler listemizle aksesuar tedarikinizi kolayla\u015ft\u0131r\u0131n. Sizi rekabet\u00e7i fiyatland\u0131rma, esnek MOQ&#8217;lar ve verimli \u00fcretim yetenekleri sunan fabrikalarla bulu\u015fturuyoruz. Y\u00fcksek kaliteli aksesuarlar ve ba\u011flant\u0131 par\u00e7alar\u0131 ile \u00fcr\u00fcn gruplar\u0131n\u0131z\u0131 geli\u015ftirin ve k\u00e2r marjlar\u0131n\u0131z\u0131 art\u0131r\u0131n.  <\/p>\n<p>&nbsp;<\/p>\n","protected":false},"excerpt":{"rendered":"<p>480 \u00c7inli \u00fcretici. Modaya uygun aksesuarlar ve ba\u011flant\u0131 par\u00e7alar\u0131 konusunda uzmanla\u015fm\u0131\u015f \u00c7inli \u00fcreticilerden olu\u015fan se\u00e7kin listemizle moda tekliflerinizi y\u00fckseltin. G\u00f6steri\u015fli m\u00fccevherler ve \u015f\u0131k \u00e7antalardan zarif d\u00fc\u011fme ve tokalara kadar, sizi kalite, i\u015f\u00e7ilik ve rekabet\u00e7i fiyat sunan tedarik\u00e7ilerle bulu\u015fturuyoruz. Moda e\u011frisinin bir ad\u0131m \u00f6n\u00fcnde olun ve m\u00fc\u015fterilerinize ilham verin.<\/p>\n","protected":false},"featured_media":28544,"comment_status":"open","ping_status":"closed","template":"","meta":{"_acf_changed":false},"product_brand":[],"product_cat":[178],"product_tag":[],"class_list":{"0":"post-28702","1":"product","2":"type-product","3":"status-publish","4":"has-post-thumbnail","6":"product_cat-hediyelik-esya-ve-festival-urunleri","8":"first","9":"instock","10":"sale","11":"shipping-taxable","12":"purchasable","13":"product-type-simple"},"acf":[],"_links":{"self":[{"href":"https:\/\/madeinchina.cn.com\/tr\/wp-json\/wp\/v2\/product\/28702","targetHints":{"allow":["GET"]}}],"collection":[{"href":"https:\/\/madeinchina.cn.com\/tr\/wp-json\/wp\/v2\/product"}],"about":[{"href":"https:\/\/madeinchina.cn.com\/tr\/wp-json\/wp\/v2\/types\/product"}],"replies":[{"embeddable":true,"href":"https:\/\/madeinchina.cn.com\/tr\/wp-json\/wp\/v2\/comments?post=28702"}],"version-history":[{"count":0,"href":"https:\/\/madeinchina.cn.com\/tr\/wp-json\/wp\/v2\/product\/28702\/revisions"}],"wp:featuredmedia":[{"embeddable":true,"href":"https:\/\/madeinchina.cn.com\/tr\/wp-json\/wp\/v2\/media\/28544"}],"wp:attachment":[{"href":"https:\/\/madeinchina.cn.com\/tr\/wp-json\/wp\/v2\/media?parent=28702"}],"wp:term":[{"taxonomy":"product_brand","embeddable":true,"href":"https:\/\/madeinchina.cn.com\/tr\/wp-json\/wp\/v2\/product_brand?post=28702"},{"taxonomy":"product_cat","embeddable":true,"href":"https:\/\/madeinchina.cn.com\/tr\/wp-json\/wp\/v2\/product_cat?post=28702"},{"taxonomy":"product_tag","embeddable":true,"href":"https:\/\/madeinchina.cn.com\/tr\/wp-json\/wp\/v2\/product_tag?post=28702"}],"curies":[{"name":"wp","href":"https:\/\/api.w.org\/{rel}","templated":true}]}}