{"id":28701,"date":"2025-01-12T10:41:57","date_gmt":"2025-01-12T10:41:57","guid":{"rendered":"https:\/\/madeinchina.cn.com\/product\/endustriyel-otomasyon-ve-akilli-uretim\/"},"modified":"2025-01-12T10:41:57","modified_gmt":"2025-01-12T10:41:57","slug":"endustriyel-otomasyon-ve-akilli-uretim","status":"publish","type":"product","link":"https:\/\/madeinchina.cn.com\/tr\/product\/endustriyel-otomasyon-ve-akilli-uretim\/","title":{"rendered":"End\u00fcstriyel Otomasyon ve Ak\u0131ll\u0131 \u00dcretim"},"content":{"rendered":"<p>176 \u00c7inli \u00fcretici. End\u00fcstriyel otomasyon ve ak\u0131ll\u0131 \u00fcretim \u00e7\u00f6z\u00fcmleri konusunda uzmanla\u015fm\u0131\u015f \u00f6nde gelen \u00c7inli \u00fcreticilerden olu\u015fan listemizle \u00fcretimin gelece\u011fini kucaklay\u0131n. \u00dcretim s\u00fcre\u00e7lerinizi optimize etmek ve verimlili\u011fi art\u0131rmak i\u00e7in sizi en yeni robotik, yapay zeka destekli sistemler ve IoT teknolojileri tedarik\u00e7ileriyle bulu\u015fturuyoruz. End\u00fcstri 4.0&#8217;a bug\u00fcn ad\u0131m at\u0131n. \u00dcretim becerilerinizi b\u00fct\u00e7enizi sarsmadan y\u00fckseltin. Kapsaml\u0131 listemiz, end\u00fcstriyel otomasyon ve ak\u0131ll\u0131 \u00fcretim i\u00e7in uygun maliyetli \u00e7\u00f6z\u00fcmler sunan g\u00fcvenilir \u00c7inli \u00fcreticilere eri\u015fim sa\u011flar. Operasyonlar\u0131n\u0131z\u0131 kolayla\u015ft\u0131r\u0131n, i\u015f\u00e7ilik maliyetlerini azalt\u0131n ve \u00fcretkenli\u011fi art\u0131r\u0131n. Otomasyon \u00e7\u00f6z\u00fcmlerinizi tam ihtiya\u00e7lar\u0131n\u0131za g\u00f6re uyarlay\u0131n. Listemizde \u00f6zelle\u015ftirilmi\u015f end\u00fcstriyel otomasyon ve ak\u0131ll\u0131 \u00fcretim sistemleri konusunda uzmanla\u015fm\u0131\u015f \u00c7inli \u00fcreticiler yer almaktad\u0131r. Robotik ve makine g\u00f6r\u00fc\u015f\u00fcnden PLC programlama ve SCADA sistemlerine kadar, benzersiz gereksinimleriniz i\u00e7in m\u00fckemmel uyumu bulman\u0131za yard\u0131mc\u0131 oluyoruz. Se\u00e7eneklerinizi bug\u00fcn ke\u015ffedin!<\/p>\n","protected":false},"excerpt":{"rendered":"<p>176 \u00c7inli \u00fcretici. End\u00fcstriyel otomasyon ve ak\u0131ll\u0131 \u00fcretim \u00e7\u00f6z\u00fcmleri konusunda uzmanla\u015fm\u0131\u015f \u00f6nde gelen \u00c7inli \u00fcreticilerden olu\u015fan listemizle \u00fcretimin gelece\u011fini kucaklay\u0131n. \u00dcretim s\u00fcre\u00e7lerinizi optimize etmek ve verimlili\u011fi art\u0131rmak i\u00e7in sizi en yeni robotik, yapay zeka destekli sistemler ve IoT teknolojileri tedarik\u00e7ileriyle bulu\u015fturuyoruz. End\u00fcstri 4.0&#8217;a bug\u00fcn ad\u0131m at\u0131n.<\/p>\n","protected":false},"featured_media":28539,"comment_status":"open","ping_status":"closed","template":"","meta":{"_acf_changed":false},"product_brand":[],"product_cat":[176],"product_tag":[],"class_list":{"0":"post-28701","1":"product","2":"type-product","3":"status-publish","4":"has-post-thumbnail","6":"product_cat-elektrik-ve-elektronik","8":"first","9":"instock","10":"sale","11":"shipping-taxable","12":"purchasable","13":"product-type-simple"},"acf":[],"_links":{"self":[{"href":"https:\/\/madeinchina.cn.com\/tr\/wp-json\/wp\/v2\/product\/28701","targetHints":{"allow":["GET"]}}],"collection":[{"href":"https:\/\/madeinchina.cn.com\/tr\/wp-json\/wp\/v2\/product"}],"about":[{"href":"https:\/\/madeinchina.cn.com\/tr\/wp-json\/wp\/v2\/types\/product"}],"replies":[{"embeddable":true,"href":"https:\/\/madeinchina.cn.com\/tr\/wp-json\/wp\/v2\/comments?post=28701"}],"version-history":[{"count":0,"href":"https:\/\/madeinchina.cn.com\/tr\/wp-json\/wp\/v2\/product\/28701\/revisions"}],"wp:featuredmedia":[{"embeddable":true,"href":"https:\/\/madeinchina.cn.com\/tr\/wp-json\/wp\/v2\/media\/28539"}],"wp:attachment":[{"href":"https:\/\/madeinchina.cn.com\/tr\/wp-json\/wp\/v2\/media?parent=28701"}],"wp:term":[{"taxonomy":"product_brand","embeddable":true,"href":"https:\/\/madeinchina.cn.com\/tr\/wp-json\/wp\/v2\/product_brand?post=28701"},{"taxonomy":"product_cat","embeddable":true,"href":"https:\/\/madeinchina.cn.com\/tr\/wp-json\/wp\/v2\/product_cat?post=28701"},{"taxonomy":"product_tag","embeddable":true,"href":"https:\/\/madeinchina.cn.com\/tr\/wp-json\/wp\/v2\/product_tag?post=28701"}],"curies":[{"name":"wp","href":"https:\/\/api.w.org\/{rel}","templated":true}]}}