{"id":28700,"date":"2025-01-13T12:02:48","date_gmt":"2025-01-13T12:02:48","guid":{"rendered":"https:\/\/madeinchina.cn.com\/product\/hediyeler-ve-primler\/"},"modified":"2025-01-13T12:02:48","modified_gmt":"2025-01-13T12:02:48","slug":"hediyeler-ve-primler","status":"publish","type":"product","link":"https:\/\/madeinchina.cn.com\/tr\/product\/hediyeler-ve-primler\/","title":{"rendered":"Hediyeler ve Primler"},"content":{"rendered":"<p>1088 \u00c7inli \u00fcretici. \u00c7inli \u00fcreticilerden olu\u015fan kapsaml\u0131 listemizle hediye olanaklar\u0131n\u0131n d\u00fcnyas\u0131n\u0131 ke\u015ffedin. Promosyon \u00fcr\u00fcnleri, kurumsal hediyeler, mevsimlik spesiyaliteler ve ki\u015fiselle\u015ftirilmi\u015f hediyelik e\u015fyalar dahil olmak \u00fczere \u00e7ok \u00e7e\u015fitli hediyeler ve primler konusunda uzmanla\u015fm\u0131\u015f tedarik\u00e7ilere eri\u015fim sunuyoruz. M\u00fc\u015fterilerinizi ve \u00e7al\u0131\u015fanlar\u0131n\u0131z\u0131 unutulmaz hediyelerle sevindirin. Se\u00e7ilmi\u015f listemiz sizi benzersiz ve y\u00fcksek kaliteli hediyeler ve primler konusunda uzmanla\u015fm\u0131\u015f en iyi \u00c7inli \u00fcreticilerle bulu\u015fturuyor. Ki\u015fiselle\u015ftirilmi\u015f \u00fcr\u00fcnlerden yenilik\u00e7i aletlere kadar, takdirinizi g\u00f6stermek ve kal\u0131c\u0131 ili\u015fkiler kurmak i\u00e7in m\u00fckemmel hediyeleri bulman\u0131za yard\u0131mc\u0131 oluyoruz. B\u00fct\u00e7enizi a\u015fmadan hediye etkinizi en \u00fcst d\u00fczeye \u00e7\u0131kar\u0131n. Listemiz, \u00e7ok \u00e7e\u015fitli hediyeler ve primler i\u00e7in rekabet\u00e7i fiyatlar ve esnek MOQ&#8217;lar sunan g\u00fcvenilir \u00c7inli \u00fcreticilere eri\u015fim sa\u011flar. Kaynak bulma s\u00fcrecinizi kolayla\u015ft\u0131r\u0131n ve etkilemek ve ilham vermek i\u00e7in m\u00fckemmel \u00fcr\u00fcnleri bulun.<\/p>\n","protected":false},"excerpt":{"rendered":"<p>1088 \u00c7inli \u00fcretici. \u00c7inli \u00fcreticilerden olu\u015fan kapsaml\u0131 listemizle hediye olanaklar\u0131n\u0131n d\u00fcnyas\u0131n\u0131 ke\u015ffedin. Promosyon \u00fcr\u00fcnleri, kurumsal hediyeler, mevsimlik spesiyaliteler ve ki\u015fiselle\u015ftirilmi\u015f hediyelik e\u015fyalar dahil olmak \u00fczere \u00e7ok \u00e7e\u015fitli hediyeler ve primler konusunda uzmanla\u015fm\u0131\u015f tedarik\u00e7ilere eri\u015fim sunuyoruz.<\/p>\n","protected":false},"featured_media":28545,"comment_status":"open","ping_status":"closed","template":"","meta":{"_acf_changed":false},"product_brand":[],"product_cat":[178],"product_tag":[],"class_list":{"0":"post-28700","1":"product","2":"type-product","3":"status-publish","4":"has-post-thumbnail","6":"product_cat-hediyelik-esya-ve-festival-urunleri","8":"first","9":"instock","10":"sale","11":"shipping-taxable","12":"purchasable","13":"product-type-simple"},"acf":[],"_links":{"self":[{"href":"https:\/\/madeinchina.cn.com\/tr\/wp-json\/wp\/v2\/product\/28700","targetHints":{"allow":["GET"]}}],"collection":[{"href":"https:\/\/madeinchina.cn.com\/tr\/wp-json\/wp\/v2\/product"}],"about":[{"href":"https:\/\/madeinchina.cn.com\/tr\/wp-json\/wp\/v2\/types\/product"}],"replies":[{"embeddable":true,"href":"https:\/\/madeinchina.cn.com\/tr\/wp-json\/wp\/v2\/comments?post=28700"}],"version-history":[{"count":0,"href":"https:\/\/madeinchina.cn.com\/tr\/wp-json\/wp\/v2\/product\/28700\/revisions"}],"wp:featuredmedia":[{"embeddable":true,"href":"https:\/\/madeinchina.cn.com\/tr\/wp-json\/wp\/v2\/media\/28545"}],"wp:attachment":[{"href":"https:\/\/madeinchina.cn.com\/tr\/wp-json\/wp\/v2\/media?parent=28700"}],"wp:term":[{"taxonomy":"product_brand","embeddable":true,"href":"https:\/\/madeinchina.cn.com\/tr\/wp-json\/wp\/v2\/product_brand?post=28700"},{"taxonomy":"product_cat","embeddable":true,"href":"https:\/\/madeinchina.cn.com\/tr\/wp-json\/wp\/v2\/product_cat?post=28700"},{"taxonomy":"product_tag","embeddable":true,"href":"https:\/\/madeinchina.cn.com\/tr\/wp-json\/wp\/v2\/product_tag?post=28700"}],"curies":[{"name":"wp","href":"https:\/\/api.w.org\/{rel}","templated":true}]}}