{"id":28699,"date":"2025-01-12T15:11:42","date_gmt":"2025-01-12T15:11:42","guid":{"rendered":"https:\/\/madeinchina.cn.com\/product\/festival-urunleri\/"},"modified":"2025-01-12T15:11:42","modified_gmt":"2025-01-12T15:11:42","slug":"festival-urunleri","status":"publish","type":"product","link":"https:\/\/madeinchina.cn.com\/tr\/product\/festival-urunleri\/","title":{"rendered":"Festival \u00dcr\u00fcnleri"},"content":{"rendered":"<p>420 \u00c7inli \u00fcretici. Festival \u00fcr\u00fcnleri konusunda uzmanla\u015fm\u0131\u015f \u00c7inli \u00fcreticilerden olu\u015fan listemizle m\u00fc\u015fterilerinize kutlama sevinci ya\u015fat\u0131n. Sizi d\u00fcnyan\u0131n d\u00f6rt bir yan\u0131ndaki tatiller ve \u00f6zel g\u00fcnler i\u00e7in canl\u0131 s\u00fcslemeler, \u015fenlikli ayd\u0131nlatma, geleneksel el sanatlar\u0131 ve kutlama temelleri tedarik\u00e7ileriyle bulu\u015fturuyoruz. Ne\u015feyi yay\u0131n ve sat\u0131\u015flar\u0131n\u0131z\u0131 art\u0131r\u0131n. \u00c7ok \u00e7e\u015fitli k\u00fclt\u00fcrel ve mevsimsel \u00fcr\u00fcnler sunan \u00c7inli \u00fcreticilerden olu\u015fan kapsaml\u0131 listemizle festival gelenekleri d\u00fcnyas\u0131n\u0131 ke\u015ffedin. \u00c7in Yeni Y\u0131l\u0131 fenerleri ve Noel s\u00fcslerinden Cad\u0131lar Bayram\u0131 kost\u00fcmleri ve Diwali s\u00fcslemelerine kadar \u00e7e\u015fitli kutlamalara ve k\u00fcresel pazarlara hitap ediyoruz. \u00dcr\u00fcn tekliflerinizi geni\u015fletin ve yeni m\u00fc\u015fteri segmentlerine ula\u015f\u0131n. G\u00fcvenilir \u00c7inli \u00fcreticilerden olu\u015fan kapsaml\u0131 a\u011f\u0131m\u0131z arac\u0131l\u0131\u011f\u0131yla festival \u00fcr\u00fcnlerini kolayl\u0131kla ve verimli bir \u015fekilde tedarik edin. Mevsimsel talebi kar\u015f\u0131laman\u0131za ve k\u00e2r\u0131n\u0131z\u0131 en \u00fcst d\u00fczeye \u00e7\u0131karman\u0131za yard\u0131mc\u0131 olmak i\u00e7in rekabet\u00e7i fiyatland\u0131rma, esnek MOQ&#8217;lar ve g\u00fcvenilir lojistik \u00e7\u00f6z\u00fcmleri sunuyoruz. Rekabette bir ad\u0131m \u00f6nde olun ve ba\u015far\u0131y\u0131 kutlay\u0131n.<\/p>\n<p>   Se\u00e7eneklerinizi bug\u00fcn ke\u015ffedin!<\/p>\n","protected":false},"excerpt":{"rendered":"<p>420 \u00c7inli \u00fcretici. Festival \u00fcr\u00fcnleri konusunda uzmanla\u015fm\u0131\u015f \u00c7inli \u00fcreticilerden olu\u015fan listemizle m\u00fc\u015fterilerinize kutlama sevinci ya\u015fat\u0131n. Sizi d\u00fcnyan\u0131n d\u00f6rt bir yan\u0131ndaki tatiller ve \u00f6zel g\u00fcnler i\u00e7in canl\u0131 s\u00fcslemeler, \u015fenlikli ayd\u0131nlatma, geleneksel el sanatlar\u0131 ve kutlama temelleri tedarik\u00e7ileriyle bulu\u015fturuyoruz. Ne\u015feyi yay\u0131n ve sat\u0131\u015flar\u0131n\u0131z\u0131 art\u0131r\u0131n.<\/p>\n","protected":false},"featured_media":28542,"comment_status":"open","ping_status":"closed","template":"","meta":{"_acf_changed":false},"product_brand":[],"product_cat":[178],"product_tag":[],"class_list":{"0":"post-28699","1":"product","2":"type-product","3":"status-publish","4":"has-post-thumbnail","6":"product_cat-hediyelik-esya-ve-festival-urunleri","8":"first","9":"instock","10":"sale","11":"shipping-taxable","12":"purchasable","13":"product-type-simple"},"acf":[],"_links":{"self":[{"href":"https:\/\/madeinchina.cn.com\/tr\/wp-json\/wp\/v2\/product\/28699","targetHints":{"allow":["GET"]}}],"collection":[{"href":"https:\/\/madeinchina.cn.com\/tr\/wp-json\/wp\/v2\/product"}],"about":[{"href":"https:\/\/madeinchina.cn.com\/tr\/wp-json\/wp\/v2\/types\/product"}],"replies":[{"embeddable":true,"href":"https:\/\/madeinchina.cn.com\/tr\/wp-json\/wp\/v2\/comments?post=28699"}],"version-history":[{"count":0,"href":"https:\/\/madeinchina.cn.com\/tr\/wp-json\/wp\/v2\/product\/28699\/revisions"}],"wp:featuredmedia":[{"embeddable":true,"href":"https:\/\/madeinchina.cn.com\/tr\/wp-json\/wp\/v2\/media\/28542"}],"wp:attachment":[{"href":"https:\/\/madeinchina.cn.com\/tr\/wp-json\/wp\/v2\/media?parent=28699"}],"wp:term":[{"taxonomy":"product_brand","embeddable":true,"href":"https:\/\/madeinchina.cn.com\/tr\/wp-json\/wp\/v2\/product_brand?post=28699"},{"taxonomy":"product_cat","embeddable":true,"href":"https:\/\/madeinchina.cn.com\/tr\/wp-json\/wp\/v2\/product_cat?post=28699"},{"taxonomy":"product_tag","embeddable":true,"href":"https:\/\/madeinchina.cn.com\/tr\/wp-json\/wp\/v2\/product_tag?post=28699"}],"curies":[{"name":"wp","href":"https:\/\/api.w.org\/{rel}","templated":true}]}}