{"id":28698,"date":"2025-01-12T15:24:22","date_gmt":"2025-01-12T15:24:22","guid":{"rendered":"https:\/\/madeinchina.cn.com\/product\/rattan-ve-demir-urunleri-dokuma\/"},"modified":"2025-01-12T15:24:22","modified_gmt":"2025-01-12T15:24:22","slug":"rattan-ve-demir-urunleri-dokuma","status":"publish","type":"product","link":"https:\/\/madeinchina.cn.com\/tr\/product\/rattan-ve-demir-urunleri-dokuma\/","title":{"rendered":"Rattan ve Demir \u00dcr\u00fcnleri Dokuma"},"content":{"rendered":"<p>184 \u00c7inli \u00fcretici. Rattan ve demir dokuma \u00fcr\u00fcnlerinde uzmanla\u015fm\u0131\u015f \u00c7inli \u00fcreticilerden olu\u015fan listemizle do\u011fal malzemelerin g\u00fczelli\u011fini tasar\u0131mlar\u0131n\u0131za ta\u015f\u0131y\u0131n. Sizi, geleneksel i\u015f\u00e7ili\u011fi modern estetikle harmanlayan \u00e7arp\u0131c\u0131 mobilyalar, ev dekorasyonu ve d\u0131\u015f mekan par\u00e7alar\u0131 yaratan yetenekli zanaatkarlarla bulu\u015fturuyoruz. Dokuma rattan\u0131n zarafeti ve demirin sa\u011flaml\u0131\u011f\u0131 ile mekanlar\u0131n\u0131z\u0131 y\u00fckseltin. G\u00fcvenilir \u00c7inli \u00fcreticilerden dayan\u0131kl\u0131 ve \u00e7ok y\u00f6nl\u00fc rattan ve demir \u00fcr\u00fcnler temin edin. Kapsaml\u0131 listemizde, i\u00e7 ve d\u0131\u015f mekan kullan\u0131m\u0131 i\u00e7in klasikten moderne geni\u015f bir stil yelpazesi sunan tedarik\u00e7iler yer almaktad\u0131r. Mobilya ve ev dekorasyonu koleksiyonlar\u0131n\u0131z\u0131 geli\u015ftirmek i\u00e7in m\u00fckemmel par\u00e7alar\u0131 bulun.<\/p>\n<p>   Se\u00e7eneklerinizi bug\u00fcn ke\u015ffedin!<\/p>\n<p>\u00c7evre dostu rattan ve demir \u00fcr\u00fcnlerinde uzmanla\u015fm\u0131\u015f \u00c7inli \u00fcreticiler listemizle s\u00fcrd\u00fcr\u00fclebilir uygulamalar\u0131 ve etik kaynak kullan\u0131m\u0131n\u0131 destekleyin. Sorumlu bir \u015fekilde hasat edilmi\u015f malzemeler ve \u00e7evreye duyarl\u0131 \u00fcretim y\u00f6ntemleri kullanan tedarik\u00e7ilere \u00f6ncelik veriyoruz. G\u00fczel ve sorumlu alanlar yarat\u0131n.  <\/p>\n","protected":false},"excerpt":{"rendered":"<p>184 \u00c7inli \u00fcretici. Rattan ve demir dokuma \u00fcr\u00fcnlerinde uzmanla\u015fm\u0131\u015f \u00c7inli \u00fcreticilerden olu\u015fan listemizle do\u011fal malzemelerin g\u00fczelli\u011fini tasar\u0131mlar\u0131n\u0131za ta\u015f\u0131y\u0131n. Sizi, geleneksel i\u015f\u00e7ili\u011fi modern estetikle harmanlayan \u00e7arp\u0131c\u0131 mobilyalar, ev dekorasyonu ve d\u0131\u015f mekan par\u00e7alar\u0131 yaratan yetenekli zanaatkarlarla bulu\u015fturuyoruz. Dokuma rattan\u0131n zarafeti ve demirin sa\u011flaml\u0131\u011f\u0131 ile mekanlar\u0131n\u0131z\u0131 y\u00fckseltin.<\/p>\n","protected":false},"featured_media":28543,"comment_status":"open","ping_status":"closed","template":"","meta":{"_acf_changed":false},"product_brand":[],"product_cat":[178],"product_tag":[],"class_list":{"0":"post-28698","1":"product","2":"type-product","3":"status-publish","4":"has-post-thumbnail","6":"product_cat-hediyelik-esya-ve-festival-urunleri","8":"first","9":"instock","10":"sale","11":"shipping-taxable","12":"purchasable","13":"product-type-simple"},"acf":[],"_links":{"self":[{"href":"https:\/\/madeinchina.cn.com\/tr\/wp-json\/wp\/v2\/product\/28698","targetHints":{"allow":["GET"]}}],"collection":[{"href":"https:\/\/madeinchina.cn.com\/tr\/wp-json\/wp\/v2\/product"}],"about":[{"href":"https:\/\/madeinchina.cn.com\/tr\/wp-json\/wp\/v2\/types\/product"}],"replies":[{"embeddable":true,"href":"https:\/\/madeinchina.cn.com\/tr\/wp-json\/wp\/v2\/comments?post=28698"}],"version-history":[{"count":0,"href":"https:\/\/madeinchina.cn.com\/tr\/wp-json\/wp\/v2\/product\/28698\/revisions"}],"wp:featuredmedia":[{"embeddable":true,"href":"https:\/\/madeinchina.cn.com\/tr\/wp-json\/wp\/v2\/media\/28543"}],"wp:attachment":[{"href":"https:\/\/madeinchina.cn.com\/tr\/wp-json\/wp\/v2\/media?parent=28698"}],"wp:term":[{"taxonomy":"product_brand","embeddable":true,"href":"https:\/\/madeinchina.cn.com\/tr\/wp-json\/wp\/v2\/product_brand?post=28698"},{"taxonomy":"product_cat","embeddable":true,"href":"https:\/\/madeinchina.cn.com\/tr\/wp-json\/wp\/v2\/product_cat?post=28698"},{"taxonomy":"product_tag","embeddable":true,"href":"https:\/\/madeinchina.cn.com\/tr\/wp-json\/wp\/v2\/product_tag?post=28698"}],"curies":[{"name":"wp","href":"https:\/\/api.w.org\/{rel}","templated":true}]}}