{"id":28697,"date":"2025-01-12T15:03:34","date_gmt":"2025-01-12T15:03:34","guid":{"rendered":"https:\/\/madeinchina.cn.com\/product\/geleneksel-cin-spesiyaliteleri\/"},"modified":"2025-01-12T15:03:34","modified_gmt":"2025-01-12T15:03:34","slug":"geleneksel-cin-spesiyaliteleri","status":"publish","type":"product","link":"https:\/\/madeinchina.cn.com\/tr\/product\/geleneksel-cin-spesiyaliteleri\/","title":{"rendered":"Geleneksel \u00c7in Spesiyaliteleri"},"content":{"rendered":"<p>184 \u00c7inli \u00fcretici. Geleneksel \u00c7in spesiyaliteleri konusunda uzmanla\u015fm\u0131\u015f \u00fcreticilerden olu\u015fan listemizle m\u00fc\u015fterilerinize otantik \u00c7in&#8217;in tad\u0131n\u0131 getirin. Sizi el yap\u0131m\u0131 \u00e7aylar, egzotik baharatlar, y\u00f6resel lezzetler ve geleneksel tarifler tedarik\u00e7ileriyle bulu\u015fturuyoruz. \u00c7in mutfak miras\u0131n\u0131n zenginli\u011fini payla\u015f\u0131n. Se\u00e7kin \u00fcreticiler listemizle benzersiz ve birinci s\u0131n\u0131f \u00c7in spesiyalitelerinden olu\u015fan bir hazineyi ke\u015ffedin. Se\u00e7ici m\u00fc\u015fterilerinizi memnun edecek nadir malzemeler, el yap\u0131m\u0131 lezzetler ve enfes hediyelik e\u015fyalar tedarik edin. \u00c7in gelene\u011finin en iyileriyle tekliflerinizi y\u00fckseltin. Geleneksel spesiyaliteler konusunda uzmanla\u015fm\u0131\u015f \u00c7inli \u00fcreticilerden olu\u015fan kapsaml\u0131 listemizle \u00fcr\u00fcn yelpazenizi geni\u015fletin ve yeni pazarlara girin. K\u00fcresel pazarda ba\u015far\u0131l\u0131 olman\u0131za yard\u0131mc\u0131 olmak i\u00e7in g\u00fcvenilir tedarik\u00e7ilere, rekabet\u00e7i fiyatlara ve verimli lojistik \u00e7\u00f6z\u00fcmlerine eri\u015fim sa\u011fl\u0131yoruz.<\/p>\n<p>&nbsp;<\/p>\n","protected":false},"excerpt":{"rendered":"<p>184 \u00c7inli \u00fcretici. Geleneksel \u00c7in spesiyaliteleri konusunda uzmanla\u015fm\u0131\u015f \u00fcreticilerden olu\u015fan listemizle m\u00fc\u015fterilerinize otantik \u00c7in&#8217;in tad\u0131n\u0131 getirin. Sizi el yap\u0131m\u0131 \u00e7aylar, egzotik baharatlar, y\u00f6resel lezzetler ve geleneksel tarifler tedarik\u00e7ileriyle bulu\u015fturuyoruz. \u00c7in mutfak miras\u0131n\u0131n zenginli\u011fini payla\u015f\u0131n.<\/p>\n","protected":false},"featured_media":28580,"comment_status":"open","ping_status":"closed","template":"","meta":{"_acf_changed":false},"product_brand":[],"product_cat":[177],"product_tag":[],"class_list":{"0":"post-28697","1":"product","2":"type-product","3":"status-publish","4":"has-post-thumbnail","6":"product_cat-yiyecekler","8":"first","9":"instock","10":"sale","11":"shipping-taxable","12":"purchasable","13":"product-type-simple"},"acf":[],"_links":{"self":[{"href":"https:\/\/madeinchina.cn.com\/tr\/wp-json\/wp\/v2\/product\/28697","targetHints":{"allow":["GET"]}}],"collection":[{"href":"https:\/\/madeinchina.cn.com\/tr\/wp-json\/wp\/v2\/product"}],"about":[{"href":"https:\/\/madeinchina.cn.com\/tr\/wp-json\/wp\/v2\/types\/product"}],"replies":[{"embeddable":true,"href":"https:\/\/madeinchina.cn.com\/tr\/wp-json\/wp\/v2\/comments?post=28697"}],"version-history":[{"count":0,"href":"https:\/\/madeinchina.cn.com\/tr\/wp-json\/wp\/v2\/product\/28697\/revisions"}],"wp:featuredmedia":[{"embeddable":true,"href":"https:\/\/madeinchina.cn.com\/tr\/wp-json\/wp\/v2\/media\/28580"}],"wp:attachment":[{"href":"https:\/\/madeinchina.cn.com\/tr\/wp-json\/wp\/v2\/media?parent=28697"}],"wp:term":[{"taxonomy":"product_brand","embeddable":true,"href":"https:\/\/madeinchina.cn.com\/tr\/wp-json\/wp\/v2\/product_brand?post=28697"},{"taxonomy":"product_cat","embeddable":true,"href":"https:\/\/madeinchina.cn.com\/tr\/wp-json\/wp\/v2\/product_cat?post=28697"},{"taxonomy":"product_tag","embeddable":true,"href":"https:\/\/madeinchina.cn.com\/tr\/wp-json\/wp\/v2\/product_tag?post=28697"}],"curies":[{"name":"wp","href":"https:\/\/api.w.org\/{rel}","templated":true}]}}