{"id":28696,"date":"2025-01-12T14:50:52","date_gmt":"2025-01-12T14:50:52","guid":{"rendered":"https:\/\/madeinchina.cn.com\/product\/yiyecekler\/"},"modified":"2025-01-12T14:50:52","modified_gmt":"2025-01-12T14:50:52","slug":"yiyecekler","status":"publish","type":"product","link":"https:\/\/madeinchina.cn.com\/tr\/product\/yiyecekler\/","title":{"rendered":"Yiyecekler"},"content":{"rendered":"<p>760 \u00c7inli \u00fcretici. Kapsaml\u0131 g\u0131da \u00fcreticileri listemizle m\u00fc\u015fterilerinizin isteklerini kar\u015f\u0131lay\u0131n. K\u00fcresel lezzetlerden yenilik\u00e7i at\u0131\u015ft\u0131rmal\u0131klara ve i\u00e7eceklere kadar her konuda uzmanla\u015fm\u0131\u015f \u00e7ok \u00e7e\u015fitli tedarik\u00e7ilere eri\u015fim sunuyoruz. Y\u00fcksek kaliteli malzemeleri ve bitmi\u015f \u00fcr\u00fcnleri g\u00fcvenle tedarik edin. G\u00fcvenilir \u00c7inli \u00fcreticilerden olu\u015fan kapsaml\u0131 listemizle g\u0131da tedarikinizi kolayla\u015ft\u0131r\u0131n. Sizi rekabet\u00e7i fiyatlar, esnek MOQ&#8217;lar ve verimli lojistik \u00e7\u00f6z\u00fcmleri sunan tedarik\u00e7ilerle bulu\u015fturuyoruz. Maliyetleri azalt\u0131n ve \u00fcr\u00fcn tekliflerinizi kolayl\u0131kla geni\u015fletin. Benzersiz ihtiya\u00e7lar\u0131n\u0131z i\u00e7in m\u00fckemmel g\u0131da \u00fcretim ortaklar\u0131n\u0131 bulun. Listemizde organik \u00fcr\u00fcnler, dondurulmu\u015f \u00fcr\u00fcnler, paketlenmi\u015f at\u0131\u015ft\u0131rmal\u0131klar ve \u00f6zel etiket se\u00e7enekleri dahil olmak \u00fczere \u00e7e\u015fitli kategorilerde uzmanla\u015fm\u0131\u015f \u00c7inli tedarik\u00e7iler bulunmaktad\u0131r. G\u00fcvenle kaynak sa\u011flay\u0131n ve farkl\u0131 beslenme tercihlerine hitap edin. Se\u00e7eneklerinizi bug\u00fcn ke\u015ffedin!<\/p>\n","protected":false},"excerpt":{"rendered":"<p>760 \u00c7inli \u00fcretici. Kapsaml\u0131 g\u0131da \u00fcreticileri listemizle m\u00fc\u015fterilerinizin isteklerini kar\u015f\u0131lay\u0131n. K\u00fcresel lezzetlerden yenilik\u00e7i at\u0131\u015ft\u0131rmal\u0131klara ve i\u00e7eceklere kadar her konuda uzmanla\u015fm\u0131\u015f \u00e7ok \u00e7e\u015fitli tedarik\u00e7ilere eri\u015fim sunuyoruz. Y\u00fcksek kaliteli malzemeleri ve bitmi\u015f \u00fcr\u00fcnleri g\u00fcvenle tedarik edin.<\/p>\n","protected":false},"featured_media":28541,"comment_status":"open","ping_status":"closed","template":"","meta":{"_acf_changed":false},"product_brand":[],"product_cat":[177],"product_tag":[],"class_list":{"0":"post-28696","1":"product","2":"type-product","3":"status-publish","4":"has-post-thumbnail","6":"product_cat-yiyecekler","8":"first","9":"instock","10":"sale","11":"shipping-taxable","12":"purchasable","13":"product-type-simple"},"acf":[],"_links":{"self":[{"href":"https:\/\/madeinchina.cn.com\/tr\/wp-json\/wp\/v2\/product\/28696","targetHints":{"allow":["GET"]}}],"collection":[{"href":"https:\/\/madeinchina.cn.com\/tr\/wp-json\/wp\/v2\/product"}],"about":[{"href":"https:\/\/madeinchina.cn.com\/tr\/wp-json\/wp\/v2\/types\/product"}],"replies":[{"embeddable":true,"href":"https:\/\/madeinchina.cn.com\/tr\/wp-json\/wp\/v2\/comments?post=28696"}],"version-history":[{"count":0,"href":"https:\/\/madeinchina.cn.com\/tr\/wp-json\/wp\/v2\/product\/28696\/revisions"}],"wp:featuredmedia":[{"embeddable":true,"href":"https:\/\/madeinchina.cn.com\/tr\/wp-json\/wp\/v2\/media\/28541"}],"wp:attachment":[{"href":"https:\/\/madeinchina.cn.com\/tr\/wp-json\/wp\/v2\/media?parent=28696"}],"wp:term":[{"taxonomy":"product_brand","embeddable":true,"href":"https:\/\/madeinchina.cn.com\/tr\/wp-json\/wp\/v2\/product_brand?post=28696"},{"taxonomy":"product_cat","embeddable":true,"href":"https:\/\/madeinchina.cn.com\/tr\/wp-json\/wp\/v2\/product_cat?post=28696"},{"taxonomy":"product_tag","embeddable":true,"href":"https:\/\/madeinchina.cn.com\/tr\/wp-json\/wp\/v2\/product_tag?post=28696"}],"curies":[{"name":"wp","href":"https:\/\/api.w.org\/{rel}","templated":true}]}}