{"id":28695,"date":"2025-01-12T10:34:25","date_gmt":"2025-01-12T10:34:25","guid":{"rendered":"https:\/\/madeinchina.cn.com\/product\/elektronik-ve-elektrikli-urunler\/"},"modified":"2025-01-12T10:34:25","modified_gmt":"2025-01-12T10:34:25","slug":"elektronik-ve-elektrikli-urunler","status":"publish","type":"product","link":"https:\/\/madeinchina.cn.com\/tr\/product\/elektronik-ve-elektrikli-urunler\/","title":{"rendered":"Elektronik ve Elektrikli \u00dcr\u00fcnler"},"content":{"rendered":"<p>Do\u011frulanm\u0131\u015f \u00c7inli \u00fcreticilerden olu\u015fan kapsaml\u0131 listemizle elektronik tedarikinizi kolayla\u015ft\u0131r\u0131n. Sizi, bile\u015fen ve par\u00e7alardan mamul \u00fcr\u00fcnlere kadar \u00e7ok \u00e7e\u015fitli elektronik ve elektrikli \u00fcr\u00fcnlerin tedarik\u00e7ileriyle rekabet\u00e7i fiyatlarla bulu\u015fturuyoruz. Maliyetleri azalt\u0131n ve k\u00e2rl\u0131l\u0131\u011f\u0131n\u0131z\u0131 art\u0131r\u0131n. G\u00fcvenle kaynak bulun. Se\u00e7kin listemizde y\u00fcksek kaliteli elektronik ve elektrikli \u00fcr\u00fcnler konusunda uzmanla\u015fm\u0131\u015f en iyi \u00c7inli \u00fcreticiler yer almaktad\u0131r. Uluslararas\u0131 standartlar\u0131 kar\u015f\u0131layan ve g\u00fcvenilir \u00fcretim kabiliyetleri sunan tedarik\u00e7ilere \u00f6ncelik veriyoruz. Projelerinizin en iyiler taraf\u0131ndan desteklendi\u011finden emin olun. Bir ad\u0131m \u00f6nde olun. Listemiz, son teknoloji elektronik ve elektrikli \u00fcr\u00fcnler geli\u015ftiren yenilik\u00e7i \u00c7inli \u00fcreticilere eri\u015fim sa\u011flar. Ak\u0131ll\u0131 ev \u00e7\u00f6z\u00fcmlerinden yenilenebilir enerji teknolojilerine kadar, sizi elektroni\u011fin gelece\u011fini \u015fekillendiren \u015firketlerle bulu\u015fturuyoruz. Se\u00e7eneklerinizi bug\u00fcn ke\u015ffedin  <\/p>\n","protected":false},"excerpt":{"rendered":"<p>Do\u011frulanm\u0131\u015f \u00c7inli \u00fcreticilerden olu\u015fan kapsaml\u0131 listemizle elektronik tedarikinizi kolayla\u015ft\u0131r\u0131n. Sizi, bile\u015fen ve par\u00e7alardan mamul \u00fcr\u00fcnlere kadar \u00e7ok \u00e7e\u015fitli elektronik ve<\/p>\n","protected":false},"featured_media":28537,"comment_status":"open","ping_status":"closed","template":"","meta":{"_acf_changed":false},"product_brand":[],"product_cat":[176],"product_tag":[],"class_list":{"0":"post-28695","1":"product","2":"type-product","3":"status-publish","4":"has-post-thumbnail","6":"product_cat-elektrik-ve-elektronik","8":"first","9":"instock","10":"sale","11":"shipping-taxable","12":"purchasable","13":"product-type-simple"},"acf":[],"_links":{"self":[{"href":"https:\/\/madeinchina.cn.com\/tr\/wp-json\/wp\/v2\/product\/28695","targetHints":{"allow":["GET"]}}],"collection":[{"href":"https:\/\/madeinchina.cn.com\/tr\/wp-json\/wp\/v2\/product"}],"about":[{"href":"https:\/\/madeinchina.cn.com\/tr\/wp-json\/wp\/v2\/types\/product"}],"replies":[{"embeddable":true,"href":"https:\/\/madeinchina.cn.com\/tr\/wp-json\/wp\/v2\/comments?post=28695"}],"version-history":[{"count":0,"href":"https:\/\/madeinchina.cn.com\/tr\/wp-json\/wp\/v2\/product\/28695\/revisions"}],"wp:featuredmedia":[{"embeddable":true,"href":"https:\/\/madeinchina.cn.com\/tr\/wp-json\/wp\/v2\/media\/28537"}],"wp:attachment":[{"href":"https:\/\/madeinchina.cn.com\/tr\/wp-json\/wp\/v2\/media?parent=28695"}],"wp:term":[{"taxonomy":"product_brand","embeddable":true,"href":"https:\/\/madeinchina.cn.com\/tr\/wp-json\/wp\/v2\/product_brand?post=28695"},{"taxonomy":"product_cat","embeddable":true,"href":"https:\/\/madeinchina.cn.com\/tr\/wp-json\/wp\/v2\/product_cat?post=28695"},{"taxonomy":"product_tag","embeddable":true,"href":"https:\/\/madeinchina.cn.com\/tr\/wp-json\/wp\/v2\/product_tag?post=28695"}],"curies":[{"name":"wp","href":"https:\/\/api.w.org\/{rel}","templated":true}]}}