{"id":28694,"date":"2025-01-10T09:06:47","date_gmt":"2025-01-10T09:06:47","guid":{"rendered":"https:\/\/madeinchina.cn.com\/product\/yapi-ve-dekoratif-malzemeler\/"},"modified":"2025-01-10T09:06:47","modified_gmt":"2025-01-10T09:06:47","slug":"yapi-ve-dekoratif-malzemeler","status":"publish","type":"product","link":"https:\/\/madeinchina.cn.com\/tr\/product\/yapi-ve-dekoratif-malzemeler\/","title":{"rendered":"Yap\u0131 ve Dekoratif Malzemeler"},"content":{"rendered":"<blockquote data-sourcepos=\"7:1-7:187\">\n<p data-sourcepos=\"7:3-7:187\">1320 \u00c7inli \u00fcretici.<\/p>\n<p data-sourcepos=\"7:3-7:187\">Y\u00fcksek kaliteli yap\u0131 ve dekoratif malzemeler konusunda uzmanla\u015fm\u0131\u015f en iyi \u00c7inli \u00fcreticilerden olu\u015fan listemizle hayalinizdeki projeleri in\u015fa edin. Sizi \u00e7imento, \u00e7elik ve kereste gibi temel in\u015faat malzemelerinden fayans, d\u00f6\u015feme ve dekoratif paneller gibi zarif son r\u00f6tu\u015flara kadar her \u015feyin tedarik\u00e7ileriyle bulu\u015fturuyoruz. G\u00fcvenle kaynak bulun ve vizyonunuzu hayata ge\u00e7irin.<\/p>\n<p data-sourcepos=\"7:3-7:187\">\u00c7inli yap\u0131 ve dekoratif malzeme \u00fcreticilerinden olu\u015fan kapsaml\u0131 listemizle in\u015faat ve yenileme projelerinizi kolayla\u015ft\u0131r\u0131n. T\u00fcm bina ihtiya\u00e7lar\u0131n\u0131z i\u00e7in rekabet\u00e7i fiyatlara, esnek MOQ&#8217;lara ve verimli lojistik \u00e7\u00f6z\u00fcmlerine eri\u015fim sa\u011fl\u0131yoruz. B\u00fct\u00e7enizi en \u00fcst d\u00fczeye \u00e7\u0131kar\u0131n ve kaynak bulma sorunlar\u0131n\u0131z\u0131 en aza indirin. Se\u00e7eneklerinizi bug\u00fcn ke\u015ffedin.<\/p>\n<p data-sourcepos=\"7:3-7:187\">\u00c7evreye duyarl\u0131 \u00c7inli \u00fcreticiler listemizle s\u00fcrd\u00fcr\u00fclebilir bina uygulamalar\u0131n\u0131 benimseyin. Sizi \u00e7evre dostu malzemelere, enerji tasarruflu \u00e7\u00f6z\u00fcmlere ve ye\u015fil bina i\u00e7in yenilik\u00e7i teknolojilere \u00f6ncelik veren tedarik\u00e7ilerle bulu\u015fturuyoruz. Sorumlu kaynak kullan\u0131m\u0131 ile daha iyi bir gelecek in\u015fa edin.<\/p>\n<\/blockquote>\n<blockquote data-sourcepos=\"11:1-11:205\">\n<p data-sourcepos=\"11:3-11:205\">\n<\/blockquote>\n","protected":false},"excerpt":{"rendered":"<blockquote data-sourcepos=\"7:1-7:187\">\n<p data-sourcepos=\"7:3-7:187\">1320 \u00c7inli \u00fcretici.<\/p>\n<p data-sourcepos=\"7:3-7:187\">Y\u00fcksek kaliteli yap\u0131 ve dekoratif malzemeler konusunda uzmanla\u015fm\u0131\u015f en iyi \u00c7inli \u00fcreticilerden olu\u015fan listemizle hayalinizdeki projeleri in\u015fa edin. Sizi \u00e7imento, \u00e7elik ve kereste gibi temel in\u015faat malzemelerinden fayans, d\u00f6\u015feme ve dekoratif paneller gibi zarif son r\u00f6tu\u015flara kadar her \u015feyin tedarik\u00e7ileriyle bulu\u015fturuyoruz. G\u00fcvenle kaynak bulun ve vizyonunuzu hayata ge\u00e7irin.<\/p>\n<p data-sourcepos=\"7:3-7:187\">\n<\/blockquote>\n<blockquote data-sourcepos=\"11:1-11:205\">\n<p data-sourcepos=\"11:3-11:205\">\n<\/blockquote>\n","protected":false},"featured_media":28527,"comment_status":"open","ping_status":"closed","template":"","meta":{"_acf_changed":false},"product_brand":[],"product_cat":[175],"product_tag":[],"class_list":{"0":"post-28694","1":"product","2":"type-product","3":"status-publish","4":"has-post-thumbnail","6":"product_cat-yapi-dekorasyon-banyo-ve-tuvalet-urunleri","8":"first","9":"instock","10":"sale","11":"shipping-taxable","12":"purchasable","13":"product-type-simple"},"acf":[],"_links":{"self":[{"href":"https:\/\/madeinchina.cn.com\/tr\/wp-json\/wp\/v2\/product\/28694","targetHints":{"allow":["GET"]}}],"collection":[{"href":"https:\/\/madeinchina.cn.com\/tr\/wp-json\/wp\/v2\/product"}],"about":[{"href":"https:\/\/madeinchina.cn.com\/tr\/wp-json\/wp\/v2\/types\/product"}],"replies":[{"embeddable":true,"href":"https:\/\/madeinchina.cn.com\/tr\/wp-json\/wp\/v2\/comments?post=28694"}],"version-history":[{"count":0,"href":"https:\/\/madeinchina.cn.com\/tr\/wp-json\/wp\/v2\/product\/28694\/revisions"}],"wp:featuredmedia":[{"embeddable":true,"href":"https:\/\/madeinchina.cn.com\/tr\/wp-json\/wp\/v2\/media\/28527"}],"wp:attachment":[{"href":"https:\/\/madeinchina.cn.com\/tr\/wp-json\/wp\/v2\/media?parent=28694"}],"wp:term":[{"taxonomy":"product_brand","embeddable":true,"href":"https:\/\/madeinchina.cn.com\/tr\/wp-json\/wp\/v2\/product_brand?post=28694"},{"taxonomy":"product_cat","embeddable":true,"href":"https:\/\/madeinchina.cn.com\/tr\/wp-json\/wp\/v2\/product_cat?post=28694"},{"taxonomy":"product_tag","embeddable":true,"href":"https:\/\/madeinchina.cn.com\/tr\/wp-json\/wp\/v2\/product_tag?post=28694"}],"curies":[{"name":"wp","href":"https:\/\/api.w.org\/{rel}","templated":true}]}}