{"id":28692,"date":"2025-01-12T10:19:01","date_gmt":"2025-01-12T10:19:01","guid":{"rendered":"https:\/\/madeinchina.cn.com\/product\/tuketici-elektronigi-ve-bilisim-urunleri\/"},"modified":"2025-01-12T10:19:01","modified_gmt":"2025-01-12T10:19:01","slug":"tuketici-elektronigi-ve-bilisim-urunleri","status":"publish","type":"product","link":"https:\/\/madeinchina.cn.com\/tr\/product\/tuketici-elektronigi-ve-bilisim-urunleri\/","title":{"rendered":"T\u00fcketici Elektroni\u011fi ve Bili\u015fim \u00dcr\u00fcnleri"},"content":{"rendered":"<p>952 \u00c7inli \u00fcretici.<\/p>\n<p>T\u00fcketici elektroni\u011fi ve bilgi \u00fcr\u00fcnleri konusunda uzmanla\u015fm\u0131\u015f son teknoloji \u00c7inli \u00fcreticilerden olu\u015fan listemizle teknoloji e\u011frisinin bir ad\u0131m \u00f6n\u00fcnde olun. Ak\u0131ll\u0131 telefonlar ve diz\u00fcst\u00fc bilgisayarlardan ak\u0131ll\u0131 ev cihazlar\u0131 ve giyilebilir \u00fcr\u00fcnlere kadar, sizi teknolojinin gelece\u011fini \u015fekillendiren yenilik\u00e7ilerle bulu\u015fturuyoruz.<\/p>\n<p>G\u00fcvenilir \u00c7inli \u00fcreticilerden olu\u015fan kapsaml\u0131 listemizle rekabet\u00e7i fiyatlarla y\u00fcksek kaliteli t\u00fcketici elektroni\u011fi ve bilgi \u00fcr\u00fcnleri tedarik edin. Do\u011frudan kaynakla ba\u011flant\u0131 kurarak tedarik zincirinizi kolayla\u015ft\u0131r\u0131n ve k\u00e2r marjlar\u0131n\u0131z\u0131 art\u0131r\u0131n.<\/p>\n<p>T\u00fcketici elektroni\u011fi ve bilgi \u00fcr\u00fcnleri i\u00e7in \u00f6zel tasar\u0131m ve \u00f6zel etiketleme hizmetleri sunan \u00c7inli \u00fcreticiler listemizle teknoloji vizyonunuzu hayata ge\u00e7irin. Yenilik\u00e7i \u00f6zellikler ve y\u00fcksek kaliteli bile\u015fenlerle kendi benzersiz markan\u0131z\u0131 yarat\u0131n. Se\u00e7eneklerinizi bug\u00fcn ke\u015ffedin!<\/p>\n","protected":false},"excerpt":{"rendered":"<p>952 \u00c7inli \u00fcretici.<\/p>\n<p>T\u00fcketici elektroni\u011fi ve bilgi \u00fcr\u00fcnleri konusunda uzmanla\u015fm\u0131\u015f son teknoloji \u00c7inli \u00fcreticilerden olu\u015fan listemizle teknoloji e\u011frisinin bir ad\u0131m \u00f6n\u00fcnde olun. Ak\u0131ll\u0131 telefonlar ve diz\u00fcst\u00fc bilgisayarlardan ak\u0131ll\u0131 ev cihazlar\u0131 ve giyilebilir \u00fcr\u00fcnlere kadar, sizi teknolojinin gelece\u011fini \u015fekillendiren yenilik\u00e7ilerle bulu\u015fturuyoruz.<\/p>\n","protected":false},"featured_media":28536,"comment_status":"open","ping_status":"closed","template":"","meta":{"_acf_changed":false},"product_brand":[],"product_cat":[176],"product_tag":[],"class_list":{"0":"post-28692","1":"product","2":"type-product","3":"status-publish","4":"has-post-thumbnail","6":"product_cat-elektrik-ve-elektronik","8":"first","9":"instock","10":"sale","11":"shipping-taxable","12":"purchasable","13":"product-type-simple"},"acf":[],"_links":{"self":[{"href":"https:\/\/madeinchina.cn.com\/tr\/wp-json\/wp\/v2\/product\/28692","targetHints":{"allow":["GET"]}}],"collection":[{"href":"https:\/\/madeinchina.cn.com\/tr\/wp-json\/wp\/v2\/product"}],"about":[{"href":"https:\/\/madeinchina.cn.com\/tr\/wp-json\/wp\/v2\/types\/product"}],"replies":[{"embeddable":true,"href":"https:\/\/madeinchina.cn.com\/tr\/wp-json\/wp\/v2\/comments?post=28692"}],"version-history":[{"count":0,"href":"https:\/\/madeinchina.cn.com\/tr\/wp-json\/wp\/v2\/product\/28692\/revisions"}],"wp:featuredmedia":[{"embeddable":true,"href":"https:\/\/madeinchina.cn.com\/tr\/wp-json\/wp\/v2\/media\/28536"}],"wp:attachment":[{"href":"https:\/\/madeinchina.cn.com\/tr\/wp-json\/wp\/v2\/media?parent=28692"}],"wp:term":[{"taxonomy":"product_brand","embeddable":true,"href":"https:\/\/madeinchina.cn.com\/tr\/wp-json\/wp\/v2\/product_brand?post=28692"},{"taxonomy":"product_cat","embeddable":true,"href":"https:\/\/madeinchina.cn.com\/tr\/wp-json\/wp\/v2\/product_cat?post=28692"},{"taxonomy":"product_tag","embeddable":true,"href":"https:\/\/madeinchina.cn.com\/tr\/wp-json\/wp\/v2\/product_tag?post=28692"}],"curies":[{"name":"wp","href":"https:\/\/api.w.org\/{rel}","templated":true}]}}