{"id":28691,"date":"2025-01-12T10:45:36","date_gmt":"2025-01-12T10:45:36","guid":{"rendered":"https:\/\/madeinchina.cn.com\/product\/saatler-saatler-ve-optik-aletler\/"},"modified":"2025-01-12T10:45:36","modified_gmt":"2025-01-12T10:45:36","slug":"saatler-saatler-ve-optik-aletler","status":"publish","type":"product","link":"https:\/\/madeinchina.cn.com\/tr\/product\/saatler-saatler-ve-optik-aletler\/","title":{"rendered":"Saatler, Saatler ve Optik Aletler"},"content":{"rendered":"<p>96 \u00c7inli \u00fcretici.<\/p>\n<p>Tan\u0131nm\u0131\u015f \u00c7inli \u00fcreticilerden se\u00e7kin saatler ve hassas optikler temin edin. Se\u00e7kin listemiz sizi kaliteli i\u015f\u00e7ilik, yenilik\u00e7i tasar\u0131m ve g\u00fcvenilir performansa \u00f6ncelik veren tedarik\u00e7ilerle bulu\u015fturuyor. Ola\u011fan\u00fcst\u00fc saatler, saatler ve optik aletlerle markan\u0131z\u0131 y\u00fckseltin.<\/p>\n<p>Saatler, saatler ve optik aletler konusunda uzmanla\u015fm\u0131\u015f \u00c7inli \u00fcreticilerden olu\u015fan kapsaml\u0131 listemizle \u00fcr\u00fcn tekliflerinizi geni\u015fletin. Klasik saatlerden son teknoloji optik cihazlara kadar, \u00f6zel ihtiya\u00e7lar\u0131n\u0131z\u0131 ve hedef pazarlar\u0131n\u0131z\u0131 kar\u015f\u0131lamak i\u00e7in \u00e7ok \u00e7e\u015fitli tedarik\u00e7ilere eri\u015fim sa\u011fl\u0131yoruz. Kaynak bulma s\u00fcrecinizi kolayla\u015ft\u0131r\u0131n ve yeni f\u0131rsatlar ke\u015ffedin.<\/p>\n<p>Saatler, saatler ve optik aletler i\u00e7in uygun maliyetli \u00c7inli \u00fcreticiler listemizle k\u00e2r marjlar\u0131n\u0131z\u0131 en \u00fcst d\u00fczeye \u00e7\u0131kar\u0131n. Sizi rekabet\u00e7i fiyatlar ve esnek MOQ&#8217;lar sunan tedarik\u00e7ilerle bulu\u015ftururken, ayn\u0131 zamanda \u00f6zel etiketleme ve \u00f6zel tasar\u0131m se\u00e7enekleri de sunuyoruz. Markan\u0131z\u0131 olu\u015fturun ve tekliflerinizi geli\u015ftirin.<\/p>\n","protected":false},"excerpt":{"rendered":"<p>96 \u00c7inli \u00fcretici.<\/p>\n<p>Tan\u0131nm\u0131\u015f \u00c7inli \u00fcreticilerden se\u00e7kin saatler ve hassas optikler temin edin. Se\u00e7kin listemiz sizi kaliteli i\u015f\u00e7ilik, yenilik\u00e7i tasar\u0131m ve g\u00fcvenilir performansa \u00f6ncelik veren tedarik\u00e7ilerle bulu\u015fturuyor. Ola\u011fan\u00fcst\u00fc saatler, saatler ve optik aletlerle markan\u0131z\u0131 y\u00fckseltin.<\/p>\n","protected":false},"featured_media":28540,"comment_status":"open","ping_status":"closed","template":"","meta":{"_acf_changed":false},"product_brand":[],"product_cat":[176],"product_tag":[],"class_list":{"0":"post-28691","1":"product","2":"type-product","3":"status-publish","4":"has-post-thumbnail","6":"product_cat-elektrik-ve-elektronik","8":"first","9":"instock","10":"sale","11":"shipping-taxable","12":"purchasable","13":"product-type-simple"},"acf":[],"_links":{"self":[{"href":"https:\/\/madeinchina.cn.com\/tr\/wp-json\/wp\/v2\/product\/28691","targetHints":{"allow":["GET"]}}],"collection":[{"href":"https:\/\/madeinchina.cn.com\/tr\/wp-json\/wp\/v2\/product"}],"about":[{"href":"https:\/\/madeinchina.cn.com\/tr\/wp-json\/wp\/v2\/types\/product"}],"replies":[{"embeddable":true,"href":"https:\/\/madeinchina.cn.com\/tr\/wp-json\/wp\/v2\/comments?post=28691"}],"version-history":[{"count":0,"href":"https:\/\/madeinchina.cn.com\/tr\/wp-json\/wp\/v2\/product\/28691\/revisions"}],"wp:featuredmedia":[{"embeddable":true,"href":"https:\/\/madeinchina.cn.com\/tr\/wp-json\/wp\/v2\/media\/28540"}],"wp:attachment":[{"href":"https:\/\/madeinchina.cn.com\/tr\/wp-json\/wp\/v2\/media?parent=28691"}],"wp:term":[{"taxonomy":"product_brand","embeddable":true,"href":"https:\/\/madeinchina.cn.com\/tr\/wp-json\/wp\/v2\/product_brand?post=28691"},{"taxonomy":"product_cat","embeddable":true,"href":"https:\/\/madeinchina.cn.com\/tr\/wp-json\/wp\/v2\/product_cat?post=28691"},{"taxonomy":"product_tag","embeddable":true,"href":"https:\/\/madeinchina.cn.com\/tr\/wp-json\/wp\/v2\/product_tag?post=28691"}],"curies":[{"name":"wp","href":"https:\/\/api.w.org\/{rel}","templated":true}]}}