{"id":28690,"date":"2025-01-10T13:32:24","date_gmt":"2025-01-10T13:32:24","guid":{"rendered":"https:\/\/madeinchina.cn.com\/product\/sihhi-tesisat-ve-banyo-ekipmanlari\/"},"modified":"2025-01-10T13:32:24","modified_gmt":"2025-01-10T13:32:24","slug":"sihhi-tesisat-ve-banyo-ekipmanlari","status":"publish","type":"product","link":"https:\/\/madeinchina.cn.com\/tr\/product\/sihhi-tesisat-ve-banyo-ekipmanlari\/","title":{"rendered":"S\u0131hhi Tesisat ve Banyo Ekipmanlar\u0131"},"content":{"rendered":"<p>624 \u00c7inli \u00fcretici.<\/p>\n<p>Birinci s\u0131n\u0131f s\u0131hhi tesisat ve banyo ekipmanlar\u0131 konusunda uzmanla\u015fm\u0131\u015f \u00c7inli \u00fcreticilerden olu\u015fan se\u00e7kin listemizle banyonuzda sunduklar\u0131n\u0131z\u0131 geli\u015ftirin. Sizi kaliteli i\u015f\u00e7ili\u011fe, yenilik\u00e7i tasar\u0131ma ve dayan\u0131kl\u0131 malzemelere \u00f6ncelik veren tedarik\u00e7ilerle bulu\u015fturuyoruz. Zarif bataryalar ve l\u00fcks k\u00fcvetlerden \u015f\u0131k du\u015flara ve modern tuvaletlere kadar her \u015feyi tedarik edin. Rahatlama ve gen\u00e7le\u015fmeye ilham veren \u00e7arp\u0131c\u0131 banyolar yarat\u0131n.<\/p>\n<p>\u00c7inli s\u0131hhi tesisat ve banyo ekipman\u0131 \u00fcreticilerinden olu\u015fan kapsaml\u0131 listemizle banyo \u00e7\u00f6z\u00fcmleri d\u00fcnyas\u0131n\u0131 ke\u015ffedin. Du\u015f, k\u00fcvet, tuvalet, lavabo, musluk ve banyo aksesuarlar\u0131 dahil olmak \u00fczere \u00e7ok \u00e7e\u015fitli \u00fcr\u00fcnlerde uzmanla\u015fm\u0131\u015f tedarik\u00e7ilere eri\u015fim sunuyoruz. Geni\u015f \u00fcr\u00fcn yelpazemizle farkl\u0131 ihtiya\u00e7lara ve tarzlara hitap edin. Se\u00e7eneklerinizi bug\u00fcn ke\u015ffedin.<\/p>\n<p>G\u00fcvenilir \u00c7inli \u00fcreticiler listemizle banyo projesi tedarikinizi kolayla\u015ft\u0131r\u0131n. T\u00fcm s\u0131hhi tesisat ve banyo ekipman\u0131 ihtiya\u00e7lar\u0131n\u0131z i\u00e7in sizi rekabet\u00e7i fiyatlar, esnek MOQ&#8217;lar ve verimli lojistik \u00e7\u00f6z\u00fcmleri sunan fabrikalarla bulu\u015fturuyoruz. B\u00fct\u00e7enizi a\u015fmadan y\u00fcksek kaliteli \u00fcr\u00fcnler tedarik edin.<\/p>\n","protected":false},"excerpt":{"rendered":"<p>624 \u00c7inli \u00fcretici.<\/p>\n<p>Birinci s\u0131n\u0131f s\u0131hhi tesisat ve banyo ekipmanlar\u0131 konusunda uzmanla\u015fm\u0131\u015f \u00c7inli \u00fcreticilerden olu\u015fan se\u00e7kin listemizle banyonuzda sunduklar\u0131n\u0131z\u0131 geli\u015ftirin. Sizi kaliteli i\u015f\u00e7ili\u011fe, yenilik\u00e7i tasar\u0131ma ve dayan\u0131kl\u0131 malzemelere \u00f6ncelik veren tedarik\u00e7ilerle bulu\u015fturuyoruz. Zarif bataryalar ve l\u00fcks k\u00fcvetlerden \u015f\u0131k du\u015flara ve modern tuvaletlere kadar her \u015feyi tedarik edin. Rahatlama ve gen\u00e7le\u015fmeye ilham veren \u00e7arp\u0131c\u0131 banyolar yarat\u0131n.<\/p>\n","protected":false},"featured_media":28528,"comment_status":"open","ping_status":"closed","template":"","meta":{"_acf_changed":false},"product_brand":[],"product_cat":[175],"product_tag":[],"class_list":{"0":"post-28690","1":"product","2":"type-product","3":"status-publish","4":"has-post-thumbnail","6":"product_cat-yapi-dekorasyon-banyo-ve-tuvalet-urunleri","8":"first","9":"instock","10":"sale","11":"shipping-taxable","12":"purchasable","13":"product-type-simple"},"acf":[],"_links":{"self":[{"href":"https:\/\/madeinchina.cn.com\/tr\/wp-json\/wp\/v2\/product\/28690","targetHints":{"allow":["GET"]}}],"collection":[{"href":"https:\/\/madeinchina.cn.com\/tr\/wp-json\/wp\/v2\/product"}],"about":[{"href":"https:\/\/madeinchina.cn.com\/tr\/wp-json\/wp\/v2\/types\/product"}],"replies":[{"embeddable":true,"href":"https:\/\/madeinchina.cn.com\/tr\/wp-json\/wp\/v2\/comments?post=28690"}],"version-history":[{"count":0,"href":"https:\/\/madeinchina.cn.com\/tr\/wp-json\/wp\/v2\/product\/28690\/revisions"}],"wp:featuredmedia":[{"embeddable":true,"href":"https:\/\/madeinchina.cn.com\/tr\/wp-json\/wp\/v2\/media\/28528"}],"wp:attachment":[{"href":"https:\/\/madeinchina.cn.com\/tr\/wp-json\/wp\/v2\/media?parent=28690"}],"wp:term":[{"taxonomy":"product_brand","embeddable":true,"href":"https:\/\/madeinchina.cn.com\/tr\/wp-json\/wp\/v2\/product_brand?post=28690"},{"taxonomy":"product_cat","embeddable":true,"href":"https:\/\/madeinchina.cn.com\/tr\/wp-json\/wp\/v2\/product_cat?post=28690"},{"taxonomy":"product_tag","embeddable":true,"href":"https:\/\/madeinchina.cn.com\/tr\/wp-json\/wp\/v2\/product_tag?post=28690"}],"curies":[{"name":"wp","href":"https:\/\/api.w.org\/{rel}","templated":true}]}}