{"id":28688,"date":"2025-01-10T13:49:11","date_gmt":"2025-01-10T13:49:11","guid":{"rendered":"https:\/\/madeinchina.cn.com\/product\/tas-demir-dekorasyon-ve-dis-mekan-spa-ekipmanlari\/"},"modified":"2025-01-10T13:49:11","modified_gmt":"2025-01-10T13:49:11","slug":"tas-demir-dekorasyon-ve-dis-mekan-spa-ekipmanlari","status":"publish","type":"product","link":"https:\/\/madeinchina.cn.com\/tr\/product\/tas-demir-dekorasyon-ve-dis-mekan-spa-ekipmanlari\/","title":{"rendered":"Ta\u015f &#8211; Demir Dekorasyon ve D\u0131\u015f Mekan Spa Ekipmanlar\u0131"},"content":{"rendered":"<p>44 \u00c7inli \u00fcretici. Enfes ta\u015f ve demir dekorasyon ve l\u00fcks a\u00e7\u0131k hava spa ekipmanlar\u0131 konusunda uzmanla\u015fm\u0131\u015f \u00c7inli \u00fcreticilerden olu\u015fan listemizle rahatlama vahalar\u0131 yarat\u0131n. Sizi, d\u0131\u015f mekanlar\u0131 huzur cennetine d\u00f6n\u00fc\u015ft\u00fcrmek i\u00e7in \u00e7arp\u0131c\u0131 ta\u015f \u00e7e\u015fmeler, zarif demir \u00e7ardaklar ve birinci s\u0131n\u0131f jakuziler \u00fcreten yetenekli zanaatkarlar ve yenilik\u00e7i tedarik\u00e7ilerle bulu\u015fturuyoruz. Tasar\u0131mlar\u0131n\u0131z\u0131 y\u00fckseltin ve dinginli\u011fe ilham verin. Dayan\u0131kl\u0131 ve \u015f\u0131k ta\u015f ve demir dekorasyon ve a\u00e7\u0131k hava spa ekipmanlar\u0131 sunan \u00c7inli \u00fcreticilerden olu\u015fan kapsaml\u0131 listemizle a\u00e7\u0131k hava ya\u015fam\u0131n\u0131 geli\u015ftirin. Her t\u00fcrl\u00fc d\u0131\u015f mekan ortam\u0131na zarafet katarken hava ko\u015fullar\u0131na dayan\u0131kl\u0131 mobilyalar, dekoratif aksanlar ve birinci s\u0131n\u0131f spa \u00e7\u00f6z\u00fcmleri tedarik edin. Se\u00e7eneklerinizi ke\u015ffedin ve davetkar alanlar yarat\u0131n. Se\u00e7eneklerinizi bug\u00fcn ke\u015ffedin. Birinci s\u0131n\u0131f d\u0131\u015f mekan ya\u015fam malzemelerini g\u00fcven ve verimlilikle tedarik edin. Listemiz, \u00e7ok \u00e7e\u015fitli ta\u015f ve demir dekorasyon ve a\u00e7\u0131k hava spa ekipmanlar\u0131nda rekabet\u00e7i fiyatlar ve esnek MOQ&#8217;lar sunan g\u00fcvenilir \u00c7inli \u00fcreticilere eri\u015fim sa\u011flar. D\u0131\u015f mekanlar\u0131 rahatlama ve stil cennetlerine d\u00f6n\u00fc\u015ft\u00fcr\u00fcn.<\/p>\n<p>&nbsp;<\/p>\n","protected":false},"excerpt":{"rendered":"<p>44 \u00c7inli \u00fcretici. Enfes ta\u015f ve demir dekorasyon ve l\u00fcks a\u00e7\u0131k hava spa ekipmanlar\u0131 konusunda uzmanla\u015fm\u0131\u015f \u00c7inli \u00fcreticilerden olu\u015fan listemizle rahatlama vahalar\u0131 yarat\u0131n. Sizi, d\u0131\u015f mekanlar\u0131 huzur cennetlerine d\u00f6n\u00fc\u015ft\u00fcrmek i\u00e7in \u00e7arp\u0131c\u0131 ta\u015f \u00e7e\u015fmeler, zarif demir \u00e7ardaklar ve birinci s\u0131n\u0131f jakuziler \u00fcreten yetenekli zanaatkarlar ve yenilik\u00e7i tedarik\u00e7ilerle bulu\u015fturuyoruz. Tasar\u0131mlar\u0131n\u0131z\u0131 y\u00fckseltin ve dinginli\u011fe ilham verin<\/p>\n","protected":false},"featured_media":28529,"comment_status":"open","ping_status":"closed","template":"","meta":{"_acf_changed":false},"product_brand":[],"product_cat":[175],"product_tag":[],"class_list":{"0":"post-28688","1":"product","2":"type-product","3":"status-publish","4":"has-post-thumbnail","6":"product_cat-yapi-dekorasyon-banyo-ve-tuvalet-urunleri","8":"first","9":"instock","10":"sale","11":"shipping-taxable","12":"purchasable","13":"product-type-simple"},"acf":[],"_links":{"self":[{"href":"https:\/\/madeinchina.cn.com\/tr\/wp-json\/wp\/v2\/product\/28688","targetHints":{"allow":["GET"]}}],"collection":[{"href":"https:\/\/madeinchina.cn.com\/tr\/wp-json\/wp\/v2\/product"}],"about":[{"href":"https:\/\/madeinchina.cn.com\/tr\/wp-json\/wp\/v2\/types\/product"}],"replies":[{"embeddable":true,"href":"https:\/\/madeinchina.cn.com\/tr\/wp-json\/wp\/v2\/comments?post=28688"}],"version-history":[{"count":0,"href":"https:\/\/madeinchina.cn.com\/tr\/wp-json\/wp\/v2\/product\/28688\/revisions"}],"wp:featuredmedia":[{"embeddable":true,"href":"https:\/\/madeinchina.cn.com\/tr\/wp-json\/wp\/v2\/media\/28529"}],"wp:attachment":[{"href":"https:\/\/madeinchina.cn.com\/tr\/wp-json\/wp\/v2\/media?parent=28688"}],"wp:term":[{"taxonomy":"product_brand","embeddable":true,"href":"https:\/\/madeinchina.cn.com\/tr\/wp-json\/wp\/v2\/product_brand?post=28688"},{"taxonomy":"product_cat","embeddable":true,"href":"https:\/\/madeinchina.cn.com\/tr\/wp-json\/wp\/v2\/product_cat?post=28688"},{"taxonomy":"product_tag","embeddable":true,"href":"https:\/\/madeinchina.cn.com\/tr\/wp-json\/wp\/v2\/product_tag?post=28688"}],"curies":[{"name":"wp","href":"https:\/\/api.w.org\/{rel}","templated":true}]}}