{"id":28687,"date":"2025-01-12T10:09:30","date_gmt":"2025-01-12T10:09:30","guid":{"rendered":"https:\/\/madeinchina.cn.com\/product\/erkek-ve-kadin-giyim\/"},"modified":"2025-01-12T10:09:30","modified_gmt":"2025-01-12T10:09:30","slug":"erkek-ve-kadin-giyim","status":"publish","type":"product","link":"https:\/\/madeinchina.cn.com\/tr\/product\/erkek-ve-kadin-giyim\/","title":{"rendered":"Erkek ve Kad\u0131n Giyim"},"content":{"rendered":"<p>1112 \u00c7inli \u00fcretici.<\/p>\n<p>Erkek ve kad\u0131n giyiminde uzmanla\u015fm\u0131\u015f en iyi \u00c7inli \u00fcreticilerden olu\u015fan listemizle moda e\u011frisinin bir ad\u0131m \u00f6n\u00fcnde olun. G\u00fcnl\u00fck ihtiya\u00e7lardan y\u00fcksek moda par\u00e7alara kadar, sizi kalite, stil ve rekabet\u00e7i fiyatlar sunan tedarik\u00e7ilerle bulu\u015fturuyoruz.<\/p>\n<p>G\u00fcvenilir \u00c7inli giyim \u00fcreticilerinden olu\u015fan kapsaml\u0131 listemizle giyim \u00fcretiminizi kolayla\u015ft\u0131r\u0131n. Ti\u015f\u00f6rtler, elbiseler, d\u0131\u015f giyim ve daha fazlas\u0131 dahil olmak \u00fczere \u00e7ok \u00e7e\u015fitli giysiler konusunda uzmanla\u015fm\u0131\u015f fabrikalara eri\u015fim sa\u011fl\u0131yoruz. G\u00fcven ve verimlilikle kaynak sa\u011flay\u0131n.<\/p>\n<p>\u00d6zel tasar\u0131m ve \u00f6zel etiketleme hizmetleri sunan \u00c7inli \u00fcreticiler listemizle kendi benzersiz moda markan\u0131z\u0131 olu\u015fturun. Y\u00fcksek kaliteli malzemeler ve uzman i\u015f\u00e7ilikle hayalinizdeki koleksiyonu olu\u015fturun. Se\u00e7eneklerinizi bug\u00fcn ke\u015ffedin<\/p>\n","protected":false},"excerpt":{"rendered":"<p>1112 \u00c7inli \u00fcretici.<\/p>\n<p>Erkek ve kad\u0131n giyiminde uzmanla\u015fm\u0131\u015f en iyi \u00c7inli \u00fcreticilerden olu\u015fan listemizle moda e\u011frisinin bir ad\u0131m \u00f6n\u00fcnde olun. G\u00fcnl\u00fck ihtiya\u00e7lardan y\u00fcksek moda par\u00e7alara kadar, sizi kalite, stil ve rekabet\u00e7i fiyatlar sunan tedarik\u00e7ilerle bulu\u015fturuyoruz.<\/p>\n","protected":false},"featured_media":28534,"comment_status":"open","ping_status":"closed","template":"","meta":{"_acf_changed":false},"product_brand":[],"product_cat":[174],"product_tag":[],"class_list":{"0":"post-28687","1":"product","2":"type-product","3":"status-publish","4":"has-post-thumbnail","6":"product_cat-giyim-erkek-kadin-cocuk-kurkler-deriler-iclikler-ve-ayakkabilar","8":"first","9":"instock","10":"sale","11":"shipping-taxable","12":"purchasable","13":"product-type-simple"},"acf":[],"_links":{"self":[{"href":"https:\/\/madeinchina.cn.com\/tr\/wp-json\/wp\/v2\/product\/28687","targetHints":{"allow":["GET"]}}],"collection":[{"href":"https:\/\/madeinchina.cn.com\/tr\/wp-json\/wp\/v2\/product"}],"about":[{"href":"https:\/\/madeinchina.cn.com\/tr\/wp-json\/wp\/v2\/types\/product"}],"replies":[{"embeddable":true,"href":"https:\/\/madeinchina.cn.com\/tr\/wp-json\/wp\/v2\/comments?post=28687"}],"version-history":[{"count":0,"href":"https:\/\/madeinchina.cn.com\/tr\/wp-json\/wp\/v2\/product\/28687\/revisions"}],"wp:featuredmedia":[{"embeddable":true,"href":"https:\/\/madeinchina.cn.com\/tr\/wp-json\/wp\/v2\/media\/28534"}],"wp:attachment":[{"href":"https:\/\/madeinchina.cn.com\/tr\/wp-json\/wp\/v2\/media?parent=28687"}],"wp:term":[{"taxonomy":"product_brand","embeddable":true,"href":"https:\/\/madeinchina.cn.com\/tr\/wp-json\/wp\/v2\/product_brand?post=28687"},{"taxonomy":"product_cat","embeddable":true,"href":"https:\/\/madeinchina.cn.com\/tr\/wp-json\/wp\/v2\/product_cat?post=28687"},{"taxonomy":"product_tag","embeddable":true,"href":"https:\/\/madeinchina.cn.com\/tr\/wp-json\/wp\/v2\/product_tag?post=28687"}],"curies":[{"name":"wp","href":"https:\/\/api.w.org\/{rel}","templated":true}]}}