{"id":28686,"date":"2025-01-12T10:13:51","date_gmt":"2025-01-12T10:13:51","guid":{"rendered":"https:\/\/madeinchina.cn.com\/product\/ic-camasiri\/"},"modified":"2025-01-12T10:13:51","modified_gmt":"2025-01-12T10:13:51","slug":"ic-camasiri","status":"publish","type":"product","link":"https:\/\/madeinchina.cn.com\/tr\/product\/ic-camasiri\/","title":{"rendered":"\u0130\u00e7 \u00e7ama\u015f\u0131r\u0131"},"content":{"rendered":"<p>248 \u00c7inli \u00fcretici. G\u00fcvenilir \u00c7inli \u00fcreticilerden birinci s\u0131n\u0131f i\u00e7 \u00e7ama\u015f\u0131r\u0131 tedarik edin. Se\u00e7ilmi\u015f listemiz sizi konfor, kalite ve etik \u00fcretime \u00f6ncelik veren tedarik\u00e7ilerle bulu\u015fturur. M\u00fc\u015fterilerinize samimi giyimde en iyisini sunun. \u00c7inli \u00fcreticilerden olu\u015fan kapsaml\u0131 listemizle her ihtiyaca uygun m\u00fckemmel i\u00e7 \u00e7ama\u015f\u0131r\u0131n\u0131 bulun. S\u00fctyenler, k\u00fclotlar, \u015fekillendirici giysiler, uzanma giysileri ve daha fazlas\u0131 dahil olmak \u00fczere \u00e7ok \u00e7e\u015fitli stillerde uzmanla\u015fm\u0131\u015f tedarik\u00e7ilere eri\u015fim sunuyoruz. Se\u00e7eneklerinizi ke\u015ffedin ve farkl\u0131 m\u00fc\u015fteri tercihlerine hitap edin. G\u00fcvenilir \u00c7inli \u00fcreticiler listemizle i\u00e7 \u00e7ama\u015f\u0131r\u0131 \u00fcretiminizi kolayla\u015ft\u0131r\u0131n. Sizi \u00e7e\u015fitli \u00fcretim teknikleri, malzemeler ve boyutlarda uzmanla\u015fm\u0131\u015f fabrikalarla bulu\u015fturarak verimli ve uygun maliyetli tedarik \u00e7\u00f6z\u00fcmleri sa\u011fl\u0131yoruz. Bug\u00fcn i\u015finizi geli\u015ftirin!<\/p>\n","protected":false},"excerpt":{"rendered":"<p>248 \u00c7inli \u00fcretici. G\u00fcvenilir \u00c7inli \u00fcreticilerden birinci s\u0131n\u0131f i\u00e7 \u00e7ama\u015f\u0131r\u0131 tedarik edin. Se\u00e7ilmi\u015f listemiz sizi konfor, kalite ve etik \u00fcretime \u00f6ncelik veren tedarik\u00e7ilerle bulu\u015fturur. M\u00fc\u015fterilerinize samimi giyimde en iyisini sunun.<\/p>\n","protected":false},"featured_media":28535,"comment_status":"open","ping_status":"closed","template":"","meta":{"_acf_changed":false},"product_brand":[],"product_cat":[174],"product_tag":[],"class_list":{"0":"post-28686","1":"product","2":"type-product","3":"status-publish","4":"has-post-thumbnail","6":"product_cat-giyim-erkek-kadin-cocuk-kurkler-deriler-iclikler-ve-ayakkabilar","8":"first","9":"instock","10":"sale","11":"shipping-taxable","12":"purchasable","13":"product-type-simple"},"acf":[],"_links":{"self":[{"href":"https:\/\/madeinchina.cn.com\/tr\/wp-json\/wp\/v2\/product\/28686","targetHints":{"allow":["GET"]}}],"collection":[{"href":"https:\/\/madeinchina.cn.com\/tr\/wp-json\/wp\/v2\/product"}],"about":[{"href":"https:\/\/madeinchina.cn.com\/tr\/wp-json\/wp\/v2\/types\/product"}],"replies":[{"embeddable":true,"href":"https:\/\/madeinchina.cn.com\/tr\/wp-json\/wp\/v2\/comments?post=28686"}],"version-history":[{"count":0,"href":"https:\/\/madeinchina.cn.com\/tr\/wp-json\/wp\/v2\/product\/28686\/revisions"}],"wp:featuredmedia":[{"embeddable":true,"href":"https:\/\/madeinchina.cn.com\/tr\/wp-json\/wp\/v2\/media\/28535"}],"wp:attachment":[{"href":"https:\/\/madeinchina.cn.com\/tr\/wp-json\/wp\/v2\/media?parent=28686"}],"wp:term":[{"taxonomy":"product_brand","embeddable":true,"href":"https:\/\/madeinchina.cn.com\/tr\/wp-json\/wp\/v2\/product_brand?post=28686"},{"taxonomy":"product_cat","embeddable":true,"href":"https:\/\/madeinchina.cn.com\/tr\/wp-json\/wp\/v2\/product_cat?post=28686"},{"taxonomy":"product_tag","embeddable":true,"href":"https:\/\/madeinchina.cn.com\/tr\/wp-json\/wp\/v2\/product_tag?post=28686"}],"curies":[{"name":"wp","href":"https:\/\/api.w.org\/{rel}","templated":true}]}}