{"id":28685,"date":"2025-01-12T09:59:32","date_gmt":"2025-01-12T09:59:32","guid":{"rendered":"https:\/\/madeinchina.cn.com\/product\/cocuk-giyim\/"},"modified":"2025-01-12T09:59:32","modified_gmt":"2025-01-12T09:59:32","slug":"cocuk-giyim","status":"publish","type":"product","link":"https:\/\/madeinchina.cn.com\/tr\/product\/cocuk-giyim\/","title":{"rendered":"\u00c7ocuk Giyim"},"content":{"rendered":"<p>192 \u00c7inli \u00fcretici. Modaya uygun ve uygun fiyatl\u0131 \u00e7ocuk giyiminde uzmanla\u015fm\u0131\u015f en iyi \u00c7inli \u00fcreticiler listemizle moda e\u011frisinin \u00f6n\u00fcnde kal\u0131n. Sevimli g\u00fcnl\u00fck ihtiya\u00e7lardan \u015f\u0131k f\u0131rsat k\u0131yafetlerine kadar, sizi kalite ve tasar\u0131m sunan tedarik\u00e7ilerle bulu\u015fturuyoruz. G\u00fcvenlik ve konfora \u00f6ncelik veren \u00e7ocuk giyim \u00fcr\u00fcnlerini tedarik edin. Se\u00e7ti\u011fimiz listede y\u00fcksek kaliteli malzemeler kullanan ve s\u0131k\u0131 g\u00fcvenlik standartlar\u0131na uyan \u00c7inli \u00fcreticiler yer al\u0131yor. En gen\u00e7 m\u00fc\u015fterilerinizi severek giyecekleri k\u0131yafetlerle giydirin. \u00c7inli \u00e7ocuk giyim \u00fcreticilerinden olu\u015fan geni\u015f listemizle her \u00e7ocuk i\u00e7in m\u00fckemmel k\u0131yafetleri bulun. Yeni do\u011fanlardan gen\u00e7lere kadar \u00e7ok \u00e7e\u015fitli stil, beden ve \u00f6zelle\u015ftirme se\u00e7eneklerinde uzmanla\u015fm\u0131\u015f tedarik\u00e7ilere eri\u015fim sunuyoruz. Se\u00e7eneklerinizi bug\u00fcn ke\u015ffedin!<\/p>\n","protected":false},"excerpt":{"rendered":"<p>192 \u00c7inli \u00fcretici. Modaya uygun ve uygun fiyatl\u0131 \u00e7ocuk giyiminde uzmanla\u015fm\u0131\u015f en iyi \u00c7inli \u00fcreticiler listemizle moda e\u011frisinin \u00f6n\u00fcnde kal\u0131n. Sevimli g\u00fcnl\u00fck ihtiya\u00e7lardan \u015f\u0131k f\u0131rsat k\u0131yafetlerine kadar, sizi kalite ve tasar\u0131m sunan tedarik\u00e7ilerle bulu\u015fturuyoruz.<\/p>\n","protected":false},"featured_media":28533,"comment_status":"open","ping_status":"closed","template":"","meta":{"_acf_changed":false},"product_brand":[],"product_cat":[174],"product_tag":[],"class_list":{"0":"post-28685","1":"product","2":"type-product","3":"status-publish","4":"has-post-thumbnail","6":"product_cat-giyim-erkek-kadin-cocuk-kurkler-deriler-iclikler-ve-ayakkabilar","8":"first","9":"instock","10":"sale","11":"shipping-taxable","12":"purchasable","13":"product-type-simple"},"acf":[],"_links":{"self":[{"href":"https:\/\/madeinchina.cn.com\/tr\/wp-json\/wp\/v2\/product\/28685","targetHints":{"allow":["GET"]}}],"collection":[{"href":"https:\/\/madeinchina.cn.com\/tr\/wp-json\/wp\/v2\/product"}],"about":[{"href":"https:\/\/madeinchina.cn.com\/tr\/wp-json\/wp\/v2\/types\/product"}],"replies":[{"embeddable":true,"href":"https:\/\/madeinchina.cn.com\/tr\/wp-json\/wp\/v2\/comments?post=28685"}],"version-history":[{"count":0,"href":"https:\/\/madeinchina.cn.com\/tr\/wp-json\/wp\/v2\/product\/28685\/revisions"}],"wp:featuredmedia":[{"embeddable":true,"href":"https:\/\/madeinchina.cn.com\/tr\/wp-json\/wp\/v2\/media\/28533"}],"wp:attachment":[{"href":"https:\/\/madeinchina.cn.com\/tr\/wp-json\/wp\/v2\/media?parent=28685"}],"wp:term":[{"taxonomy":"product_brand","embeddable":true,"href":"https:\/\/madeinchina.cn.com\/tr\/wp-json\/wp\/v2\/product_brand?post=28685"},{"taxonomy":"product_cat","embeddable":true,"href":"https:\/\/madeinchina.cn.com\/tr\/wp-json\/wp\/v2\/product_cat?post=28685"},{"taxonomy":"product_tag","embeddable":true,"href":"https:\/\/madeinchina.cn.com\/tr\/wp-json\/wp\/v2\/product_tag?post=28685"}],"curies":[{"name":"wp","href":"https:\/\/api.w.org\/{rel}","templated":true}]}}