{"id":28684,"date":"2025-01-11T06:33:44","date_gmt":"2025-01-11T06:33:44","guid":{"rendered":"https:\/\/madeinchina.cn.com\/product\/yeni-malzeme-ve-kimyasal-urun-ureticileri\/"},"modified":"2025-01-11T06:33:44","modified_gmt":"2025-01-11T06:33:44","slug":"yeni-malzeme-ve-kimyasal-urun-ureticileri","status":"publish","type":"product","link":"https:\/\/madeinchina.cn.com\/tr\/product\/yeni-malzeme-ve-kimyasal-urun-ureticileri\/","title":{"rendered":"Yeni Malzeme ve Kimyasal \u00dcr\u00fcn \u00dcreticileri"},"content":{"rendered":"<p>344 \u00c7inli \u00fcretici . Son teknoloji yeni malzemeler ve kimyasal \u00fcr\u00fcnler konusunda uzmanla\u015fm\u0131\u015f \u00c7inli \u00fcreticilerden olu\u015fan listemizle rekabet avantaj\u0131 elde edin. Sizi havac\u0131l\u0131k, elektronik, sa\u011fl\u0131k ve daha fazlas\u0131 dahil olmak \u00fczere \u00e7e\u015fitli uygulamalar i\u00e7in geli\u015fmi\u015f malzemeler geli\u015ftiren yenilik\u00e7ilerle bulu\u015fturuyoruz. Yeni nesil malzemelerin potansiyelini ortaya \u00e7\u0131kar\u0131n ve sekt\u00f6r\u00fcn\u00fczde devrim yarat\u0131n. \u00c7inli yeni malzeme ve kimyasal \u00fcr\u00fcn \u00fcreticilerinden olu\u015fan kapsaml\u0131 listemizle tedarik s\u00fcrecinizi kolayla\u015ft\u0131r\u0131n ve maliyetleri azalt\u0131n. Rekabet\u00e7i fiyatland\u0131rma, esnek MOQ&#8217;lar ve polimer ve kompozitlerden nanomalzemelere ve \u00f6zel kimyasallara kadar geni\u015f bir malzeme yelpazesi sunan geni\u015f bir tedarik\u00e7i a\u011f\u0131na eri\u015fim sa\u011fl\u0131yoruz. Tedarik zincirinizi optimize edin ve \u00fcr\u00fcn geli\u015ftirmenizi geli\u015ftirin. Yeni malzemeler ve kimyasal \u00fcr\u00fcnler konusunda uzmanla\u015fm\u0131\u015f, \u00e7evreye duyarl\u0131 \u00c7inli \u00fcreticiler listemizle s\u00fcrd\u00fcr\u00fclebilir bir gelece\u011fi kucaklay\u0131n. S\u0131k\u0131 \u00e7evre d\u00fczenlemelerine uyan ve s\u00fcrd\u00fcr\u00fclebilir kaynak bulma ve \u00fcretim uygulamalar\u0131na \u00f6ncelik veren tedarik\u00e7ilere \u00f6ncelik veriyoruz. Se\u00e7ilmi\u015f listemizle yenilik\u00e7i ve sorumlu \u00fcr\u00fcnler geli\u015ftirin.<\/p>\n","protected":false},"excerpt":{"rendered":"<p>344 \u00c7inli \u00fcretici . Son teknoloji yeni malzemeler ve kimyasal \u00fcr\u00fcnler konusunda uzmanla\u015fm\u0131\u015f \u00c7inli \u00fcreticilerden olu\u015fan listemizle rekabet avantaj\u0131 elde<\/p>\n","protected":false},"featured_media":28531,"comment_status":"open","ping_status":"closed","template":"","meta":{"_acf_changed":false},"product_brand":[],"product_cat":[175],"product_tag":[],"class_list":{"0":"post-28684","1":"product","2":"type-product","3":"status-publish","4":"has-post-thumbnail","6":"product_cat-yapi-dekorasyon-banyo-ve-tuvalet-urunleri","8":"first","9":"instock","10":"sale","11":"shipping-taxable","12":"purchasable","13":"product-type-simple"},"acf":[],"_links":{"self":[{"href":"https:\/\/madeinchina.cn.com\/tr\/wp-json\/wp\/v2\/product\/28684","targetHints":{"allow":["GET"]}}],"collection":[{"href":"https:\/\/madeinchina.cn.com\/tr\/wp-json\/wp\/v2\/product"}],"about":[{"href":"https:\/\/madeinchina.cn.com\/tr\/wp-json\/wp\/v2\/types\/product"}],"replies":[{"embeddable":true,"href":"https:\/\/madeinchina.cn.com\/tr\/wp-json\/wp\/v2\/comments?post=28684"}],"version-history":[{"count":0,"href":"https:\/\/madeinchina.cn.com\/tr\/wp-json\/wp\/v2\/product\/28684\/revisions"}],"wp:featuredmedia":[{"embeddable":true,"href":"https:\/\/madeinchina.cn.com\/tr\/wp-json\/wp\/v2\/media\/28531"}],"wp:attachment":[{"href":"https:\/\/madeinchina.cn.com\/tr\/wp-json\/wp\/v2\/media?parent=28684"}],"wp:term":[{"taxonomy":"product_brand","embeddable":true,"href":"https:\/\/madeinchina.cn.com\/tr\/wp-json\/wp\/v2\/product_brand?post=28684"},{"taxonomy":"product_cat","embeddable":true,"href":"https:\/\/madeinchina.cn.com\/tr\/wp-json\/wp\/v2\/product_cat?post=28684"},{"taxonomy":"product_tag","embeddable":true,"href":"https:\/\/madeinchina.cn.com\/tr\/wp-json\/wp\/v2\/product_tag?post=28684"}],"curies":[{"name":"wp","href":"https:\/\/api.w.org\/{rel}","templated":true}]}}